{"id":27128,"date":"2026-02-27T00:35:34","date_gmt":"2026-02-27T00:35:34","guid":{"rendered":"https:\/\/nordicmart.andreevmaster.com\/product\/tic-tac-toe-g1044z-2\/"},"modified":"2026-02-27T09:14:27","modified_gmt":"2026-02-27T09:14:27","slug":"tic-tac-toe-g1044z-2","status":"publish","type":"product","link":"https:\/\/nordicmart.andreevmaster.com\/da\/vare\/tic-tac-toe-g1044z-2\/","title":{"rendered":"Tic-tac-toe &#8211; G1044Z"},"content":{"rendered":"<p>Tic-tac-toe &#8211; G1044Z&nbsp;&nbsp;Tic-tac-toe in a Box er en elegant version af det klassiske strategispil fra bagsiden af notesb\u00f8ger. Flyt br\u00e6ttet fra din notesbog til dit skrivebord og nyd et spil i pauserne.&nbsp;Brikkerne er lavet af tr\u00e6 og har messingornamenter. Tr\u00e6kassen med rum til cirkler og krydser er ogs\u00e5 et spillebr\u00e6t i sig selv. Kassen har en glasl\u00e5g. &nbsp;Tic-tac-toe i denne version vil se godt ud p\u00e5 dit skrivebord. Tr\u00e6 kombineret med messing giver s\u00e6ttet et luksuri\u00f8st look. Cirkler og krydser vil v\u00e6re en sjov gave til en skoleleder, l\u00e6rer eller rektor. Det vil ogs\u00e5 give mange forel\u00e6sere en masse sjov. &nbsp;&nbsp;Kasse:&nbsp;Materiale: tr\u00e6Glasl\u00e5gKassens st\u00f8rrelse: 10 x 10 cmLukkelig kasse&nbsp;&nbsp;Cirkel- og krydsbrikker:&nbsp;4 cirkler5 krydserMateriale: tr\u00e6Messingdekoration&nbsp;&nbsp;&nbsp;OBS! Dette produkt er ikke et leget\u00f8j og er ikke egnet til b\u00f8rn under 14 \u00e5r. &nbsp;<\/p>\n","protected":false},"excerpt":{"rendered":"<p>Tic-tac-toe &#8211; G1044Z&nbsp;&nbsp;Tic-tac-toe in a Box er en elegant version af det klassiske strategispil fra bagsiden af notesb\u00f8ger. Flyt br\u00e6ttet fra din notesbog til dit skrivebord og nyd et spil i pauserne.&nbsp;Brikkerne er lavet af tr\u00e6 og har messingornamenter. Tr\u00e6kassen med rum til cirkler og krydser er ogs\u00e5 et spillebr\u00e6t i sig selv. Kassen har [&hellip;]<\/p>\n","protected":false},"featured_media":44911,"comment_status":"open","ping_status":"closed","template":"","meta":[],"product_brand":[],"product_cat":[31],"product_tag":[],"class_list":{"0":"post-27128","1":"product","2":"type-product","3":"status-publish","4":"has-post-thumbnail","6":"product_cat-uncategorized-da","8":"first","9":"instock","10":"shipping-taxable","11":"purchasable","12":"product-type-simple"},"_links":{"self":[{"href":"https:\/\/nordicmart.andreevmaster.com\/da\/wp-json\/wp\/v2\/product\/27128","targetHints":{"allow":["GET"]}}],"collection":[{"href":"https:\/\/nordicmart.andreevmaster.com\/da\/wp-json\/wp\/v2\/product"}],"about":[{"href":"https:\/\/nordicmart.andreevmaster.com\/da\/wp-json\/wp\/v2\/types\/product"}],"replies":[{"embeddable":true,"href":"https:\/\/nordicmart.andreevmaster.com\/da\/wp-json\/wp\/v2\/comments?post=27128"}],"wp:featuredmedia":[{"embeddable":true,"href":"https:\/\/nordicmart.andreevmaster.com\/da\/wp-json\/wp\/v2\/media\/44911"}],"wp:attachment":[{"href":"https:\/\/nordicmart.andreevmaster.com\/da\/wp-json\/wp\/v2\/media?parent=27128"}],"wp:term":[{"taxonomy":"product_brand","embeddable":true,"href":"https:\/\/nordicmart.andreevmaster.com\/da\/wp-json\/wp\/v2\/product_brand?post=27128"},{"taxonomy":"product_cat","embeddable":true,"href":"https:\/\/nordicmart.andreevmaster.com\/da\/wp-json\/wp\/v2\/product_cat?post=27128"},{"taxonomy":"product_tag","embeddable":true,"href":"https:\/\/nordicmart.andreevmaster.com\/da\/wp-json\/wp\/v2\/product_tag?post=27128"}],"curies":[{"name":"wp","href":"https:\/\/api.w.org\/{rel}","templated":true}]}}