{"id":27127,"date":"2026-02-27T00:35:34","date_gmt":"2026-02-27T00:35:34","guid":{"rendered":"https:\/\/nordicmart.andreevmaster.com\/product\/terningspil-i-traekasse-med-glaslag-g151g-az\/"},"modified":"2026-02-27T09:14:27","modified_gmt":"2026-02-27T09:14:27","slug":"terningspil-i-traekasse-med-glaslag-g151g-az","status":"publish","type":"product","link":"https:\/\/nordicmart.andreevmaster.com\/da\/vare\/terningspil-i-traekasse-med-glaslag-g151g-az\/","title":{"rendered":"Terningspil i tr\u00e6kasse med glasl\u00e5g &#8211; G151G\/AZ"},"content":{"rendered":"<p>Terningspil i tr\u00e6kasse med glasl\u00e5g &#8211; G151G\/AZ&nbsp;&nbsp;Klassisk terningspil, der er pakket i en smuk tr\u00e6kasse med glasl\u00e5g. Dette unikke spil er en fantastisk m\u00e5de at tilbringe tid med familie og venner p\u00e5 og giver masser af sjov og sp\u00e6nding.&nbsp;G151G\/AZ terningspil er omhyggeligt fremstillet af tr\u00e6 af h\u00f8j kvalitet, hvilket giver det holdbarhed og elegance. Tr\u00e6kassen m\u00e5ler 5 x 5 cm, hvilket g\u00f8r den til den perfekte st\u00f8rrelse til opbevaring og rejser. Spillets st\u00f8rrelse er velegnet til at holde det i h\u00e5nden, s\u00e5 du kan kaste terningerne komfortabelt og pr\u00e6cist.&nbsp;Terningspil har eksisteret i \u00e5rhundreder og er stadig meget popul\u00e6rt. Det kan v\u00e6re en perfekt gave til br\u00e6tspilselskere og klassiske underholdere. Du kan tage det med p\u00e5 picnic, en weekendtur eller blot have det derhjemme som en fast del af din underholdning. Giv dig selv og dine k\u00e6re uforglemmelige \u00f8jeblikke med gl\u00e6de og latter med terningespillet. Det er en kombination af klassikere, sk\u00f8nhed og unikhed, der vil gl\u00e6de alle spilelskere og blive en fantastisk tilf\u00f8jelse til din spilsamling.&nbsp;\u00c6ske: &nbsp;Fremstillet af akacietr\u00e6Glasl\u00e5gMessingdekorationer \u00c6skens dimensioner: 5 x 5 cm&nbsp;&nbsp;&nbsp;OBS! Dette produkt er ikke et leget\u00f8j og er ikke egnet til b\u00f8rn under 14 \u00e5r. &nbsp;&nbsp;<\/p>\n","protected":false},"excerpt":{"rendered":"<p>Terningspil i tr\u00e6kasse med glasl\u00e5g &#8211; G151G\/AZ&nbsp;&nbsp;Klassisk terningspil, der er pakket i en smuk tr\u00e6kasse med glasl\u00e5g. Dette unikke spil er en fantastisk m\u00e5de at tilbringe tid med familie og venner p\u00e5 og giver masser af sjov og sp\u00e6nding.&nbsp;G151G\/AZ terningspil er omhyggeligt fremstillet af tr\u00e6 af h\u00f8j kvalitet, hvilket giver det holdbarhed og elegance. Tr\u00e6kassen [&hellip;]<\/p>\n","protected":false},"featured_media":44910,"comment_status":"open","ping_status":"closed","template":"","meta":[],"product_brand":[],"product_cat":[31],"product_tag":[],"class_list":{"0":"post-27127","1":"product","2":"type-product","3":"status-publish","4":"has-post-thumbnail","6":"product_cat-uncategorized-da","8":"first","9":"instock","10":"shipping-taxable","11":"purchasable","12":"product-type-simple"},"_links":{"self":[{"href":"https:\/\/nordicmart.andreevmaster.com\/da\/wp-json\/wp\/v2\/product\/27127","targetHints":{"allow":["GET"]}}],"collection":[{"href":"https:\/\/nordicmart.andreevmaster.com\/da\/wp-json\/wp\/v2\/product"}],"about":[{"href":"https:\/\/nordicmart.andreevmaster.com\/da\/wp-json\/wp\/v2\/types\/product"}],"replies":[{"embeddable":true,"href":"https:\/\/nordicmart.andreevmaster.com\/da\/wp-json\/wp\/v2\/comments?post=27127"}],"wp:featuredmedia":[{"embeddable":true,"href":"https:\/\/nordicmart.andreevmaster.com\/da\/wp-json\/wp\/v2\/media\/44910"}],"wp:attachment":[{"href":"https:\/\/nordicmart.andreevmaster.com\/da\/wp-json\/wp\/v2\/media?parent=27127"}],"wp:term":[{"taxonomy":"product_brand","embeddable":true,"href":"https:\/\/nordicmart.andreevmaster.com\/da\/wp-json\/wp\/v2\/product_brand?post=27127"},{"taxonomy":"product_cat","embeddable":true,"href":"https:\/\/nordicmart.andreevmaster.com\/da\/wp-json\/wp\/v2\/product_cat?post=27127"},{"taxonomy":"product_tag","embeddable":true,"href":"https:\/\/nordicmart.andreevmaster.com\/da\/wp-json\/wp\/v2\/product_tag?post=27127"}],"curies":[{"name":"wp","href":"https:\/\/api.w.org\/{rel}","templated":true}]}}