{"id":27126,"date":"2026-02-27T00:35:33","date_gmt":"2026-02-27T00:35:33","guid":{"rendered":"https:\/\/nordicmart.andreevmaster.com\/product\/messingkompas-med-lag-nc1591\/"},"modified":"2026-02-27T09:14:27","modified_gmt":"2026-02-27T09:14:27","slug":"messingkompas-med-lag-nc1591","status":"publish","type":"product","link":"https:\/\/nordicmart.andreevmaster.com\/da\/vare\/messingkompas-med-lag-nc1591\/","title":{"rendered":"Messingkompas med l\u00e5g | NC1591"},"content":{"rendered":"<p>Messingkompas med l\u00e5g | NC1591Et praktisk kompas med l\u00e5sbart l\u00e5g til beskyttelse af skiven. De elegante gyldne farver sammen med den hvide skive g\u00f8r det perfekt som dekorativt element til kontoret eller stuen.&nbsp;Materiale: MessingFarve: Guldfarvet l\u00e5g, hvid skive&nbsp;M\u00e5l: 5 x 4,5 x 1,25 cm&nbsp;<\/p>\n","protected":false},"excerpt":{"rendered":"<p>Messingkompas med l\u00e5g | NC1591Et praktisk kompas med l\u00e5sbart l\u00e5g til beskyttelse af skiven. De elegante gyldne farver sammen med den hvide skive g\u00f8r det perfekt som dekorativt element til kontoret eller stuen.&nbsp;Materiale: MessingFarve: Guldfarvet l\u00e5g, hvid skive&nbsp;M\u00e5l: 5 x 4,5 x 1,25 cm&nbsp;<\/p>\n","protected":false},"featured_media":44909,"comment_status":"open","ping_status":"closed","template":"","meta":[],"product_brand":[],"product_cat":[31],"product_tag":[],"class_list":{"0":"post-27126","1":"product","2":"type-product","3":"status-publish","4":"has-post-thumbnail","6":"product_cat-uncategorized-da","8":"first","9":"instock","10":"shipping-taxable","11":"purchasable","12":"product-type-simple"},"_links":{"self":[{"href":"https:\/\/nordicmart.andreevmaster.com\/da\/wp-json\/wp\/v2\/product\/27126","targetHints":{"allow":["GET"]}}],"collection":[{"href":"https:\/\/nordicmart.andreevmaster.com\/da\/wp-json\/wp\/v2\/product"}],"about":[{"href":"https:\/\/nordicmart.andreevmaster.com\/da\/wp-json\/wp\/v2\/types\/product"}],"replies":[{"embeddable":true,"href":"https:\/\/nordicmart.andreevmaster.com\/da\/wp-json\/wp\/v2\/comments?post=27126"}],"wp:featuredmedia":[{"embeddable":true,"href":"https:\/\/nordicmart.andreevmaster.com\/da\/wp-json\/wp\/v2\/media\/44909"}],"wp:attachment":[{"href":"https:\/\/nordicmart.andreevmaster.com\/da\/wp-json\/wp\/v2\/media?parent=27126"}],"wp:term":[{"taxonomy":"product_brand","embeddable":true,"href":"https:\/\/nordicmart.andreevmaster.com\/da\/wp-json\/wp\/v2\/product_brand?post=27126"},{"taxonomy":"product_cat","embeddable":true,"href":"https:\/\/nordicmart.andreevmaster.com\/da\/wp-json\/wp\/v2\/product_cat?post=27126"},{"taxonomy":"product_tag","embeddable":true,"href":"https:\/\/nordicmart.andreevmaster.com\/da\/wp-json\/wp\/v2\/product_tag?post=27126"}],"curies":[{"name":"wp","href":"https:\/\/api.w.org\/{rel}","templated":true}]}}