{"id":27125,"date":"2026-02-27T00:35:33","date_gmt":"2026-02-27T00:35:33","guid":{"rendered":"https:\/\/nordicmart.andreevmaster.com\/product\/eksklusivt-metalskak-fra-det-makedonske-dynasti-skakbraet-20x20-cm-sk1\/"},"modified":"2026-02-27T09:14:26","modified_gmt":"2026-02-27T09:14:26","slug":"eksklusivt-metalskak-fra-det-makedonske-dynasti-skakbraet-20x20-cm-sk1","status":"publish","type":"product","link":"https:\/\/nordicmart.andreevmaster.com\/da\/vare\/eksklusivt-metalskak-fra-det-makedonske-dynasti-skakbraet-20x20-cm-sk1\/","title":{"rendered":"Eksklusivt metalskak fra det makedonske dynasti &#8211; Skakbr\u00e6t 20&#215;20 cm &#8211; SK1"},"content":{"rendered":"<p>Eksklusivt makedonsk dynasti metalskak &#8211; Skakbr\u00e6t 20x20cm &#8211; SK1.&nbsp;&nbsp;Eksklusivt skak inspireret af det makedonske dynasti &#8211; det ottende kejserlige dynasti, der regerede i Det Byzantinske Rige. Under det makedonske dynasti genvandt Byzantium sin magt efter nederlagene p\u00e5f\u00f8rt af de arabiske invasioner. Det var da, at dets milit\u00e6re magt og prestige p\u00e5 den internationale scene voksede.&nbsp;20 x 20 cm skakbr\u00e6ttet er lavet af messing af h\u00f8j kvalitet, hvilket giver det et unikt udseende og holdbarhed. Fantastisk design og opm\u00e6rksomhed for detaljer g\u00f8r dette skakbr\u00e6t til et sandt kunstv\u00e6rk.&nbsp;Hele skakspillet er p\u00e6nt pakket i en elegant tr\u00e6formet kasse, som beskytter skakbrikkerne mod skader og giver dem tilstr\u00e6kkelig opbevaringsplads. SK1-skakspillet giver dig ikke kun mulighed for at tilbringe tid med dine k\u00e6re \u2013 det er ogs\u00e5 en fantastisk dekoration, der vil se godt ud i dit hjem, p\u00e5 dit kontor eller i dit bibliotek. Det er en smuk, elegant gave til skakelskere, historikere og folk, der s\u00e6tter pris p\u00e5 h\u00e5ndv\u00e6rk af h\u00f8jeste kvalitet. Vi kan forsikre dig om, at dette skakspil vil give timevis af underholdning og vil gl\u00e6de b\u00e5de erfarne spillere og nybegyndere, der er begejstrede for dette kongelige spil. M\u00e5l: Skakbr\u00e6t 20 x 20 cm Kongens h\u00f8jde 3,5 cm V\u00e6gt af s\u00e6ttet: 1,5 kgSkakbrikker:&nbsp;Skakbrikker af metalFigurer og b\u00f8nder af zinklegering.Farver: guld\/s\u00f8lv&nbsp;Skakbr\u00e6t:&nbsp;Lavet af messingFarver: burgunder\/gyldenH\u00e5ndmaletSkakbrikkerne er pakket i en smuk, luksuri\u00f8s tr\u00e6kasseInde i en omhyggeligt udformet formkasse til stabling og sikker opbevaring af figurerne&nbsp;<\/p>\n","protected":false},"excerpt":{"rendered":"<p>Eksklusivt makedonsk dynasti metalskak &#8211; Skakbr\u00e6t 20x20cm &#8211; SK1.&nbsp;&nbsp;Eksklusivt skak inspireret af det makedonske dynasti &#8211; det ottende kejserlige dynasti, der regerede i Det Byzantinske Rige. Under det makedonske dynasti genvandt Byzantium sin magt efter nederlagene p\u00e5f\u00f8rt af de arabiske invasioner. Det var da, at dets milit\u00e6re magt og prestige p\u00e5 den internationale scene voksede.&nbsp;20 [&hellip;]<\/p>\n","protected":false},"featured_media":44908,"comment_status":"open","ping_status":"closed","template":"","meta":[],"product_brand":[],"product_cat":[31],"product_tag":[],"class_list":{"0":"post-27125","1":"product","2":"type-product","3":"status-publish","4":"has-post-thumbnail","6":"product_cat-uncategorized-da","8":"first","9":"instock","10":"shipping-taxable","11":"purchasable","12":"product-type-simple"},"_links":{"self":[{"href":"https:\/\/nordicmart.andreevmaster.com\/da\/wp-json\/wp\/v2\/product\/27125","targetHints":{"allow":["GET"]}}],"collection":[{"href":"https:\/\/nordicmart.andreevmaster.com\/da\/wp-json\/wp\/v2\/product"}],"about":[{"href":"https:\/\/nordicmart.andreevmaster.com\/da\/wp-json\/wp\/v2\/types\/product"}],"replies":[{"embeddable":true,"href":"https:\/\/nordicmart.andreevmaster.com\/da\/wp-json\/wp\/v2\/comments?post=27125"}],"wp:featuredmedia":[{"embeddable":true,"href":"https:\/\/nordicmart.andreevmaster.com\/da\/wp-json\/wp\/v2\/media\/44908"}],"wp:attachment":[{"href":"https:\/\/nordicmart.andreevmaster.com\/da\/wp-json\/wp\/v2\/media?parent=27125"}],"wp:term":[{"taxonomy":"product_brand","embeddable":true,"href":"https:\/\/nordicmart.andreevmaster.com\/da\/wp-json\/wp\/v2\/product_brand?post=27125"},{"taxonomy":"product_cat","embeddable":true,"href":"https:\/\/nordicmart.andreevmaster.com\/da\/wp-json\/wp\/v2\/product_cat?post=27125"},{"taxonomy":"product_tag","embeddable":true,"href":"https:\/\/nordicmart.andreevmaster.com\/da\/wp-json\/wp\/v2\/product_tag?post=27125"}],"curies":[{"name":"wp","href":"https:\/\/api.w.org\/{rel}","templated":true}]}}