{"id":27124,"date":"2026-02-27T00:35:33","date_gmt":"2026-02-27T00:35:33","guid":{"rendered":"https:\/\/nordicmart.andreevmaster.com\/product\/metalskrin-2139s\/"},"modified":"2026-02-27T09:14:26","modified_gmt":"2026-02-27T09:14:26","slug":"metalskrin-2139s","status":"publish","type":"product","link":"https:\/\/nordicmart.andreevmaster.com\/da\/vare\/metalskrin-2139s\/","title":{"rendered":"Metalskrin 2139S"},"content":{"rendered":"<p>Metalkiste 2139S&nbsp;&nbsp;Denne kiste g\u00f8r det nemt at opbevare smykker og sm\u00e5 skatte p\u00e5 en elegant m\u00e5de. Den er ogs\u00e5 en charmerende dekoration til en kommode eller et toiletbord, som vil tilf\u00f8je lidt chic fra fortiden til rummet. Den kan fungere som en opbevaringsboks til n\u00f8gler, en sparegris til sm\u00e5penge eller en kiste til ringe.&nbsp;Det solide metal design sikrer, at opbevarede genstande er beskyttet mod skader og tab.&nbsp;&nbsp;Produktinformation:&nbsp;Materiale: metal &#8211; zinklegeringDimensioner: 8,5 x 6,3 x 7,5 cmEgenskaber:Elegant designPraktisk anvendelseIdeel til opbevaring af smykker og andre nipsgenstandeKan v\u00e6re en dekoration p\u00e5 toiletbordet eller kommoden&nbsp;&nbsp;<\/p>\n","protected":false},"excerpt":{"rendered":"<p>Metalkiste 2139S&nbsp;&nbsp;Denne kiste g\u00f8r det nemt at opbevare smykker og sm\u00e5 skatte p\u00e5 en elegant m\u00e5de. Den er ogs\u00e5 en charmerende dekoration til en kommode eller et toiletbord, som vil tilf\u00f8je lidt chic fra fortiden til rummet. Den kan fungere som en opbevaringsboks til n\u00f8gler, en sparegris til sm\u00e5penge eller en kiste til ringe.&nbsp;Det solide [&hellip;]<\/p>\n","protected":false},"featured_media":0,"comment_status":"open","ping_status":"closed","template":"","meta":[],"product_brand":[],"product_cat":[31],"product_tag":[],"class_list":{"0":"post-27124","1":"product","2":"type-product","3":"status-publish","5":"product_cat-uncategorized-da","7":"first","8":"instock","9":"shipping-taxable","10":"purchasable","11":"product-type-simple"},"_links":{"self":[{"href":"https:\/\/nordicmart.andreevmaster.com\/da\/wp-json\/wp\/v2\/product\/27124","targetHints":{"allow":["GET"]}}],"collection":[{"href":"https:\/\/nordicmart.andreevmaster.com\/da\/wp-json\/wp\/v2\/product"}],"about":[{"href":"https:\/\/nordicmart.andreevmaster.com\/da\/wp-json\/wp\/v2\/types\/product"}],"replies":[{"embeddable":true,"href":"https:\/\/nordicmart.andreevmaster.com\/da\/wp-json\/wp\/v2\/comments?post=27124"}],"wp:attachment":[{"href":"https:\/\/nordicmart.andreevmaster.com\/da\/wp-json\/wp\/v2\/media?parent=27124"}],"wp:term":[{"taxonomy":"product_brand","embeddable":true,"href":"https:\/\/nordicmart.andreevmaster.com\/da\/wp-json\/wp\/v2\/product_brand?post=27124"},{"taxonomy":"product_cat","embeddable":true,"href":"https:\/\/nordicmart.andreevmaster.com\/da\/wp-json\/wp\/v2\/product_cat?post=27124"},{"taxonomy":"product_tag","embeddable":true,"href":"https:\/\/nordicmart.andreevmaster.com\/da\/wp-json\/wp\/v2\/product_tag?post=27124"}],"curies":[{"name":"wp","href":"https:\/\/api.w.org\/{rel}","templated":true}]}}