{"id":27123,"date":"2026-02-27T00:35:33","date_gmt":"2026-02-27T00:35:33","guid":{"rendered":"https:\/\/nordicmart.andreevmaster.com\/product\/templars-helmet-key-ring-mc-23096a-2\/"},"modified":"2026-02-27T09:14:26","modified_gmt":"2026-02-27T09:14:26","slug":"templars-helmet-key-ring-mc-23096a-2","status":"publish","type":"product","link":"https:\/\/nordicmart.andreevmaster.com\/da\/vare\/templars-helmet-key-ring-mc-23096a-2\/","title":{"rendered":"Templar&#8217;s Helmet Key Ring &#8211; MC-23096A"},"content":{"rendered":"<p>Templar&#8217;s Helmet n\u00f8glering &#8211; MC-23096A&nbsp;&nbsp;Templar&#8217;s Helmet n\u00f8glering er et stilfuldt tilbeh\u00f8r, der er den perfekte ledsager til dine n\u00f8gler. Fremstillet af holdbart polyresin. Den har detaljerede indgraverede m\u00f8nstre og detaljer, der kendetegner Tempelridderne. Den er modstandsdygtig over for skader og sikrer lang holdbarhed.&nbsp;Det originale design af denne vedh\u00e6ng v\u00e6kker interesse og tiltr\u00e6kker opm\u00e6rksomhed, hvilket g\u00f8r den til en ideel gadget for historieinteresserede, fans af Tempelridderne eller entusiaster af middelalderkultur. Uanset om du er historieentusiast, samler af milit\u00e6rudstyr eller blot en person, der s\u00e6tter pris p\u00e5 ukonventionelle tilbeh\u00f8r, vil denne n\u00f8glering helt sikkert leve op til dine forventninger.&nbsp;&nbsp;Dimensioner:&nbsp;-Total l\u00e6ngde: 9,5 cm-L\u00e6ngde p\u00e5 hjelmen: 4 cm&nbsp;<\/p>\n","protected":false},"excerpt":{"rendered":"<p>Templar&#8217;s Helmet n\u00f8glering &#8211; MC-23096A&nbsp;&nbsp;Templar&#8217;s Helmet n\u00f8glering er et stilfuldt tilbeh\u00f8r, der er den perfekte ledsager til dine n\u00f8gler. Fremstillet af holdbart polyresin. Den har detaljerede indgraverede m\u00f8nstre og detaljer, der kendetegner Tempelridderne. Den er modstandsdygtig over for skader og sikrer lang holdbarhed.&nbsp;Det originale design af denne vedh\u00e6ng v\u00e6kker interesse og tiltr\u00e6kker opm\u00e6rksomhed, hvilket g\u00f8r [&hellip;]<\/p>\n","protected":false},"featured_media":44907,"comment_status":"open","ping_status":"closed","template":"","meta":[],"product_brand":[],"product_cat":[31],"product_tag":[],"class_list":{"0":"post-27123","1":"product","2":"type-product","3":"status-publish","4":"has-post-thumbnail","6":"product_cat-uncategorized-da","8":"first","9":"instock","10":"shipping-taxable","11":"purchasable","12":"product-type-simple"},"_links":{"self":[{"href":"https:\/\/nordicmart.andreevmaster.com\/da\/wp-json\/wp\/v2\/product\/27123","targetHints":{"allow":["GET"]}}],"collection":[{"href":"https:\/\/nordicmart.andreevmaster.com\/da\/wp-json\/wp\/v2\/product"}],"about":[{"href":"https:\/\/nordicmart.andreevmaster.com\/da\/wp-json\/wp\/v2\/types\/product"}],"replies":[{"embeddable":true,"href":"https:\/\/nordicmart.andreevmaster.com\/da\/wp-json\/wp\/v2\/comments?post=27123"}],"wp:featuredmedia":[{"embeddable":true,"href":"https:\/\/nordicmart.andreevmaster.com\/da\/wp-json\/wp\/v2\/media\/44907"}],"wp:attachment":[{"href":"https:\/\/nordicmart.andreevmaster.com\/da\/wp-json\/wp\/v2\/media?parent=27123"}],"wp:term":[{"taxonomy":"product_brand","embeddable":true,"href":"https:\/\/nordicmart.andreevmaster.com\/da\/wp-json\/wp\/v2\/product_brand?post=27123"},{"taxonomy":"product_cat","embeddable":true,"href":"https:\/\/nordicmart.andreevmaster.com\/da\/wp-json\/wp\/v2\/product_cat?post=27123"},{"taxonomy":"product_tag","embeddable":true,"href":"https:\/\/nordicmart.andreevmaster.com\/da\/wp-json\/wp\/v2\/product_tag?post=27123"}],"curies":[{"name":"wp","href":"https:\/\/api.w.org\/{rel}","templated":true}]}}