{"id":27122,"date":"2026-02-27T00:35:32","date_gmt":"2026-02-27T00:35:32","guid":{"rendered":"https:\/\/nordicmart.andreevmaster.com\/product\/yoga-gymnastics-dekorativ-figur-dd-oc-225\/"},"modified":"2026-02-27T09:14:26","modified_gmt":"2026-02-27T09:14:26","slug":"yoga-gymnastics-dekorativ-figur-dd-oc-225","status":"publish","type":"product","link":"https:\/\/nordicmart.andreevmaster.com\/da\/vare\/yoga-gymnastics-dekorativ-figur-dd-oc-225\/","title":{"rendered":"Yoga Gymnastics Dekorativ figur &#8211; DD-OC-225"},"content":{"rendered":"<p>Yoga Gymnastics Dekorativ figur DD-OC-225&nbsp;&nbsp;Takket v\u00e6re den moderne form vil figuren v\u00e6re perfekt som dekoration i glamour\u00f8se, industrielle og klassiske interi\u00f8rer. Den vil v\u00e6re en elegant tilf\u00f8jelse til dit hjemmestudie.&nbsp;Yoga-figuren er en god gave til en yogi, en gymnast og alle, der elsker fysisk aktivitet.&nbsp;&nbsp;Information:&nbsp;M\u00e5l: H\u00f8jde 41 cm Materiale: metal Farve: sort og guld&nbsp;&nbsp;<\/p>\n","protected":false},"excerpt":{"rendered":"<p>Yoga Gymnastics Dekorativ figur DD-OC-225&nbsp;&nbsp;Takket v\u00e6re den moderne form vil figuren v\u00e6re perfekt som dekoration i glamour\u00f8se, industrielle og klassiske interi\u00f8rer. Den vil v\u00e6re en elegant tilf\u00f8jelse til dit hjemmestudie.&nbsp;Yoga-figuren er en god gave til en yogi, en gymnast og alle, der elsker fysisk aktivitet.&nbsp;&nbsp;Information:&nbsp;M\u00e5l: H\u00f8jde 41 cm Materiale: metal Farve: sort og guld&nbsp;&nbsp;<\/p>\n","protected":false},"featured_media":44906,"comment_status":"open","ping_status":"closed","template":"","meta":[],"product_brand":[],"product_cat":[31],"product_tag":[],"class_list":{"0":"post-27122","1":"product","2":"type-product","3":"status-publish","4":"has-post-thumbnail","6":"product_cat-uncategorized-da","8":"first","9":"instock","10":"shipping-taxable","11":"purchasable","12":"product-type-simple"},"_links":{"self":[{"href":"https:\/\/nordicmart.andreevmaster.com\/da\/wp-json\/wp\/v2\/product\/27122","targetHints":{"allow":["GET"]}}],"collection":[{"href":"https:\/\/nordicmart.andreevmaster.com\/da\/wp-json\/wp\/v2\/product"}],"about":[{"href":"https:\/\/nordicmart.andreevmaster.com\/da\/wp-json\/wp\/v2\/types\/product"}],"replies":[{"embeddable":true,"href":"https:\/\/nordicmart.andreevmaster.com\/da\/wp-json\/wp\/v2\/comments?post=27122"}],"wp:featuredmedia":[{"embeddable":true,"href":"https:\/\/nordicmart.andreevmaster.com\/da\/wp-json\/wp\/v2\/media\/44906"}],"wp:attachment":[{"href":"https:\/\/nordicmart.andreevmaster.com\/da\/wp-json\/wp\/v2\/media?parent=27122"}],"wp:term":[{"taxonomy":"product_brand","embeddable":true,"href":"https:\/\/nordicmart.andreevmaster.com\/da\/wp-json\/wp\/v2\/product_brand?post=27122"},{"taxonomy":"product_cat","embeddable":true,"href":"https:\/\/nordicmart.andreevmaster.com\/da\/wp-json\/wp\/v2\/product_cat?post=27122"},{"taxonomy":"product_tag","embeddable":true,"href":"https:\/\/nordicmart.andreevmaster.com\/da\/wp-json\/wp\/v2\/product_tag?post=27122"}],"curies":[{"name":"wp","href":"https:\/\/api.w.org\/{rel}","templated":true}]}}