{"id":27121,"date":"2026-02-27T00:35:32","date_gmt":"2026-02-27T00:35:32","guid":{"rendered":"https:\/\/nordicmart.andreevmaster.com\/product\/gymnast-dekorativ-figur-dd-oc-2214\/"},"modified":"2026-02-27T09:14:26","modified_gmt":"2026-02-27T09:14:26","slug":"gymnast-dekorativ-figur-dd-oc-2214","status":"publish","type":"product","link":"https:\/\/nordicmart.andreevmaster.com\/da\/vare\/gymnast-dekorativ-figur-dd-oc-2214\/","title":{"rendered":"Gymnast Dekorativ figur DD-OC-2214"},"content":{"rendered":"<p>Gymnast Dekorativ figur DD-OC-2214&nbsp;&nbsp;Dekorativ figur passer perfekt ind i moderne interi\u00f8rer i glamour-, industriel og klassisk stil. Figuren forestiller en siddende kvindelig gymnast, der holder en gylden kugle. Figuren symboliserer et \u00f8jebliks hvile og fred.&nbsp;&nbsp;Information:&nbsp;&nbsp;M\u00e5l: H\u00f8jde 15 cm, l\u00e6ngde 21 cm, bredde 10 cm Materiale: metal &#8211; aluminium Farve: sort, guld&nbsp;<\/p>\n","protected":false},"excerpt":{"rendered":"<p>Gymnast Dekorativ figur DD-OC-2214&nbsp;&nbsp;Dekorativ figur passer perfekt ind i moderne interi\u00f8rer i glamour-, industriel og klassisk stil. Figuren forestiller en siddende kvindelig gymnast, der holder en gylden kugle. Figuren symboliserer et \u00f8jebliks hvile og fred.&nbsp;&nbsp;Information:&nbsp;&nbsp;M\u00e5l: H\u00f8jde 15 cm, l\u00e6ngde 21 cm, bredde 10 cm Materiale: metal &#8211; aluminium Farve: sort, guld&nbsp;<\/p>\n","protected":false},"featured_media":44905,"comment_status":"open","ping_status":"closed","template":"","meta":[],"product_brand":[],"product_cat":[31],"product_tag":[],"class_list":{"0":"post-27121","1":"product","2":"type-product","3":"status-publish","4":"has-post-thumbnail","6":"product_cat-uncategorized-da","8":"first","9":"instock","10":"shipping-taxable","11":"purchasable","12":"product-type-simple"},"_links":{"self":[{"href":"https:\/\/nordicmart.andreevmaster.com\/da\/wp-json\/wp\/v2\/product\/27121","targetHints":{"allow":["GET"]}}],"collection":[{"href":"https:\/\/nordicmart.andreevmaster.com\/da\/wp-json\/wp\/v2\/product"}],"about":[{"href":"https:\/\/nordicmart.andreevmaster.com\/da\/wp-json\/wp\/v2\/types\/product"}],"replies":[{"embeddable":true,"href":"https:\/\/nordicmart.andreevmaster.com\/da\/wp-json\/wp\/v2\/comments?post=27121"}],"wp:featuredmedia":[{"embeddable":true,"href":"https:\/\/nordicmart.andreevmaster.com\/da\/wp-json\/wp\/v2\/media\/44905"}],"wp:attachment":[{"href":"https:\/\/nordicmart.andreevmaster.com\/da\/wp-json\/wp\/v2\/media?parent=27121"}],"wp:term":[{"taxonomy":"product_brand","embeddable":true,"href":"https:\/\/nordicmart.andreevmaster.com\/da\/wp-json\/wp\/v2\/product_brand?post=27121"},{"taxonomy":"product_cat","embeddable":true,"href":"https:\/\/nordicmart.andreevmaster.com\/da\/wp-json\/wp\/v2\/product_cat?post=27121"},{"taxonomy":"product_tag","embeddable":true,"href":"https:\/\/nordicmart.andreevmaster.com\/da\/wp-json\/wp\/v2\/product_tag?post=27121"}],"curies":[{"name":"wp","href":"https:\/\/api.w.org\/{rel}","templated":true}]}}