{"id":27120,"date":"2026-02-27T00:35:32","date_gmt":"2026-02-27T00:35:32","guid":{"rendered":"https:\/\/nordicmart.andreevmaster.com\/product\/familie-med-barn-dekorativ-figur\/"},"modified":"2026-02-27T09:14:25","modified_gmt":"2026-02-27T09:14:25","slug":"familie-med-barn-dekorativ-figur","status":"publish","type":"product","link":"https:\/\/nordicmart.andreevmaster.com\/da\/vare\/familie-med-barn-dekorativ-figur\/","title":{"rendered":"Familie med barn Dekorativ figur"},"content":{"rendered":"<p>Familie med barn Dekorativ figur DI-FIG-022&nbsp;&nbsp;En dekorativ figur, der forestiller for\u00e6ldre, der holder deres barn i h\u00e5nden, vil vinde alle for\u00e6ldres hjerter. Figuren symboliserer for\u00e6ldrenes omsorg og k\u00e6rlighed samt gl\u00e6den ved at tilbringe tid sammen. Den er perfekt som gave til for\u00e6ldre, som gave til mors og fars dag og som gave til et barns f\u00f8dselsdag.&nbsp;Figuren i minimalistisk stil passer perfekt ind i moderne interi\u00f8rer. Den vil pynte p\u00e5 en hylde, pejs eller kommode i stuen og tilf\u00f8je en familieatmosf\u00e6re til rummet.&nbsp;&nbsp;Information:&nbsp;&bull; M\u00e5l: 27,5 x 17,5 x 7,5 cm \u2022 Materiale: metal \u2022 Farve: sort<\/p>\n","protected":false},"excerpt":{"rendered":"<p>Familie med barn Dekorativ figur DI-FIG-022&nbsp;&nbsp;En dekorativ figur, der forestiller for\u00e6ldre, der holder deres barn i h\u00e5nden, vil vinde alle for\u00e6ldres hjerter. Figuren symboliserer for\u00e6ldrenes omsorg og k\u00e6rlighed samt gl\u00e6den ved at tilbringe tid sammen. Den er perfekt som gave til for\u00e6ldre, som gave til mors og fars dag og som gave til et barns [&hellip;]<\/p>\n","protected":false},"featured_media":44904,"comment_status":"open","ping_status":"closed","template":"","meta":[],"product_brand":[],"product_cat":[31],"product_tag":[],"class_list":{"0":"post-27120","1":"product","2":"type-product","3":"status-publish","4":"has-post-thumbnail","6":"product_cat-uncategorized-da","8":"first","9":"instock","10":"shipping-taxable","11":"purchasable","12":"product-type-simple"},"_links":{"self":[{"href":"https:\/\/nordicmart.andreevmaster.com\/da\/wp-json\/wp\/v2\/product\/27120","targetHints":{"allow":["GET"]}}],"collection":[{"href":"https:\/\/nordicmart.andreevmaster.com\/da\/wp-json\/wp\/v2\/product"}],"about":[{"href":"https:\/\/nordicmart.andreevmaster.com\/da\/wp-json\/wp\/v2\/types\/product"}],"replies":[{"embeddable":true,"href":"https:\/\/nordicmart.andreevmaster.com\/da\/wp-json\/wp\/v2\/comments?post=27120"}],"wp:featuredmedia":[{"embeddable":true,"href":"https:\/\/nordicmart.andreevmaster.com\/da\/wp-json\/wp\/v2\/media\/44904"}],"wp:attachment":[{"href":"https:\/\/nordicmart.andreevmaster.com\/da\/wp-json\/wp\/v2\/media?parent=27120"}],"wp:term":[{"taxonomy":"product_brand","embeddable":true,"href":"https:\/\/nordicmart.andreevmaster.com\/da\/wp-json\/wp\/v2\/product_brand?post=27120"},{"taxonomy":"product_cat","embeddable":true,"href":"https:\/\/nordicmart.andreevmaster.com\/da\/wp-json\/wp\/v2\/product_cat?post=27120"},{"taxonomy":"product_tag","embeddable":true,"href":"https:\/\/nordicmart.andreevmaster.com\/da\/wp-json\/wp\/v2\/product_tag?post=27120"}],"curies":[{"name":"wp","href":"https:\/\/api.w.org\/{rel}","templated":true}]}}