{"id":27119,"date":"2026-02-27T00:35:32","date_gmt":"2026-02-27T00:35:32","guid":{"rendered":"https:\/\/nordicmart.andreevmaster.com\/product\/sfaerisk-astrolab-med-kompas-4010\/"},"modified":"2026-02-27T09:14:25","modified_gmt":"2026-02-27T09:14:25","slug":"sfaerisk-astrolab-med-kompas-4010","status":"publish","type":"product","link":"https:\/\/nordicmart.andreevmaster.com\/da\/vare\/sfaerisk-astrolab-med-kompas-4010\/","title":{"rendered":"Sf\u00e6risk astrolab med kompas 4010"},"content":{"rendered":"<p>Sf\u00e6risk astrolab med kompas 4010&nbsp;&nbsp;&nbsp;Astrolab er et af de vigtigste astronavigationsinstrumenter, der har v\u00e6ret brugt fra oldtiden til det 16. \u00e5rhundrede. Astrolaber blev brugt til mange komplekse observationer og beregninger, herunder bestemmelse af himmellegemers position over horisonten og bestemmelse af ens egen position.&nbsp;Da astrolabier var mest popul\u00e6re, fik de ekstremt sofistikerede former, der prydede kongelige hof og l\u00e6rde menneskers hjem.&nbsp;Astrolabiet er et symbol p\u00e5 menneskets str\u00e6ben efter at forst\u00e5 universet, og derfor er det en god gave til en videnskabsmand, rumfartsentusiast eller astrofysiker.&nbsp;Astrolabiet er placeret p\u00e5 en tr\u00e6base, hvor der ogs\u00e5 findes et kompas.&nbsp;&nbsp;Produktinformation:&nbsp;M\u00e5l: H=28 cm, Dia=18 cmMateriale: messing, tr\u00e6Farve: messingBase: tr\u00e6Kompas p\u00e5 basen&nbsp;<\/p>\n","protected":false},"excerpt":{"rendered":"<p>Sf\u00e6risk astrolab med kompas 4010&nbsp;&nbsp;&nbsp;Astrolab er et af de vigtigste astronavigationsinstrumenter, der har v\u00e6ret brugt fra oldtiden til det 16. \u00e5rhundrede. Astrolaber blev brugt til mange komplekse observationer og beregninger, herunder bestemmelse af himmellegemers position over horisonten og bestemmelse af ens egen position.&nbsp;Da astrolabier var mest popul\u00e6re, fik de ekstremt sofistikerede former, der prydede kongelige [&hellip;]<\/p>\n","protected":false},"featured_media":44903,"comment_status":"open","ping_status":"closed","template":"","meta":[],"product_brand":[],"product_cat":[31],"product_tag":[],"class_list":{"0":"post-27119","1":"product","2":"type-product","3":"status-publish","4":"has-post-thumbnail","6":"product_cat-uncategorized-da","8":"first","9":"instock","10":"shipping-taxable","11":"purchasable","12":"product-type-simple"},"_links":{"self":[{"href":"https:\/\/nordicmart.andreevmaster.com\/da\/wp-json\/wp\/v2\/product\/27119","targetHints":{"allow":["GET"]}}],"collection":[{"href":"https:\/\/nordicmart.andreevmaster.com\/da\/wp-json\/wp\/v2\/product"}],"about":[{"href":"https:\/\/nordicmart.andreevmaster.com\/da\/wp-json\/wp\/v2\/types\/product"}],"replies":[{"embeddable":true,"href":"https:\/\/nordicmart.andreevmaster.com\/da\/wp-json\/wp\/v2\/comments?post=27119"}],"wp:featuredmedia":[{"embeddable":true,"href":"https:\/\/nordicmart.andreevmaster.com\/da\/wp-json\/wp\/v2\/media\/44903"}],"wp:attachment":[{"href":"https:\/\/nordicmart.andreevmaster.com\/da\/wp-json\/wp\/v2\/media?parent=27119"}],"wp:term":[{"taxonomy":"product_brand","embeddable":true,"href":"https:\/\/nordicmart.andreevmaster.com\/da\/wp-json\/wp\/v2\/product_brand?post=27119"},{"taxonomy":"product_cat","embeddable":true,"href":"https:\/\/nordicmart.andreevmaster.com\/da\/wp-json\/wp\/v2\/product_cat?post=27119"},{"taxonomy":"product_tag","embeddable":true,"href":"https:\/\/nordicmart.andreevmaster.com\/da\/wp-json\/wp\/v2\/product_tag?post=27119"}],"curies":[{"name":"wp","href":"https:\/\/api.w.org\/{rel}","templated":true}]}}