{"id":27118,"date":"2026-02-27T00:35:31","date_gmt":"2026-02-27T00:35:31","guid":{"rendered":"https:\/\/nordicmart.andreevmaster.com\/product\/dekorativ-globus-glb-2098\/"},"modified":"2026-02-27T09:14:25","modified_gmt":"2026-02-27T09:14:25","slug":"dekorativ-globus-glb-2098","status":"publish","type":"product","link":"https:\/\/nordicmart.andreevmaster.com\/da\/vare\/dekorativ-globus-glb-2098\/","title":{"rendered":"Dekorativ globus GLB-2098"},"content":{"rendered":"<p>Dekorativ globus GLB-2098&nbsp;&nbsp;Dekorativ globus i retro-vintage stil vil berige et rum med en atmosf\u00e6re af rejser og store opdagelser. Globen kan hj\u00e6lpe med at planl\u00e6gge de n\u00e6ste eventyr. Den er en fantastisk gave til rejseentusiaster, historieinteresserede og geografer.&nbsp;Globen i brune og beige nuancer, placeret p\u00e5 en tr\u00e6fod, vil se godt ud p\u00e5 et skrivebord i et kontor i kolonistil, engelsk stil eller retrostil.&nbsp;&nbsp;Produktinformation:&nbsp;M\u00e5l: H\u00f8jde 15 cm, foddiameter 9 cm, globusdiameter 7,5 cm Materiale: plast, tr\u00e6, metal Farve: brune og beige nuancer Fod: tr\u00e6&nbsp;&nbsp;&nbsp;<\/p>\n","protected":false},"excerpt":{"rendered":"<p>Dekorativ globus GLB-2098&nbsp;&nbsp;Dekorativ globus i retro-vintage stil vil berige et rum med en atmosf\u00e6re af rejser og store opdagelser. Globen kan hj\u00e6lpe med at planl\u00e6gge de n\u00e6ste eventyr. Den er en fantastisk gave til rejseentusiaster, historieinteresserede og geografer.&nbsp;Globen i brune og beige nuancer, placeret p\u00e5 en tr\u00e6fod, vil se godt ud p\u00e5 et skrivebord i [&hellip;]<\/p>\n","protected":false},"featured_media":44902,"comment_status":"open","ping_status":"closed","template":"","meta":[],"product_brand":[],"product_cat":[31],"product_tag":[],"class_list":{"0":"post-27118","1":"product","2":"type-product","3":"status-publish","4":"has-post-thumbnail","6":"product_cat-uncategorized-da","8":"first","9":"instock","10":"shipping-taxable","11":"purchasable","12":"product-type-simple"},"_links":{"self":[{"href":"https:\/\/nordicmart.andreevmaster.com\/da\/wp-json\/wp\/v2\/product\/27118","targetHints":{"allow":["GET"]}}],"collection":[{"href":"https:\/\/nordicmart.andreevmaster.com\/da\/wp-json\/wp\/v2\/product"}],"about":[{"href":"https:\/\/nordicmart.andreevmaster.com\/da\/wp-json\/wp\/v2\/types\/product"}],"replies":[{"embeddable":true,"href":"https:\/\/nordicmart.andreevmaster.com\/da\/wp-json\/wp\/v2\/comments?post=27118"}],"wp:featuredmedia":[{"embeddable":true,"href":"https:\/\/nordicmart.andreevmaster.com\/da\/wp-json\/wp\/v2\/media\/44902"}],"wp:attachment":[{"href":"https:\/\/nordicmart.andreevmaster.com\/da\/wp-json\/wp\/v2\/media?parent=27118"}],"wp:term":[{"taxonomy":"product_brand","embeddable":true,"href":"https:\/\/nordicmart.andreevmaster.com\/da\/wp-json\/wp\/v2\/product_brand?post=27118"},{"taxonomy":"product_cat","embeddable":true,"href":"https:\/\/nordicmart.andreevmaster.com\/da\/wp-json\/wp\/v2\/product_cat?post=27118"},{"taxonomy":"product_tag","embeddable":true,"href":"https:\/\/nordicmart.andreevmaster.com\/da\/wp-json\/wp\/v2\/product_tag?post=27118"}],"curies":[{"name":"wp","href":"https:\/\/api.w.org\/{rel}","templated":true}]}}