{"id":27117,"date":"2026-02-27T00:35:31","date_gmt":"2026-02-27T00:35:31","guid":{"rendered":"https:\/\/nordicmart.andreevmaster.com\/product\/yacht-noglering-1078\/"},"modified":"2026-02-27T09:14:25","modified_gmt":"2026-02-27T09:14:25","slug":"yacht-noglering-1078","status":"publish","type":"product","link":"https:\/\/nordicmart.andreevmaster.com\/da\/vare\/yacht-noglering-1078\/","title":{"rendered":"Yacht n\u00f8glering 1078"},"content":{"rendered":"<p>Yacht n\u00f8glering 1078&nbsp;&nbsp;Yacht-formet n\u00f8glering er en perfekt, billig gadget, som du kan give til din sejlerven. Skibet symboliserer livets rejse, eventyr og verden, s\u00e5 det vil fungere som en billig gave til en rejsende og en vandrer.&nbsp;N\u00f8gleringen er lavet af messing. Fastg\u00f8res til n\u00f8gler med en aftagelig karabinhage.&nbsp;&nbsp;Information:&nbsp;&bull; M\u00e5l: 10,5 cm&bull; Materiale: messing&bull; Farve: messing&nbsp;Yacht-n\u00f8gleringen er perfekt som:&nbsp;&bull; Billig gadget til en s\u00f8mand&bull; En gadget til rejsende&bull; En gave til en vandrer &bull; Gadget til en s\u00f8ulk&nbsp;<\/p>\n","protected":false},"excerpt":{"rendered":"<p>Yacht n\u00f8glering 1078&nbsp;&nbsp;Yacht-formet n\u00f8glering er en perfekt, billig gadget, som du kan give til din sejlerven. Skibet symboliserer livets rejse, eventyr og verden, s\u00e5 det vil fungere som en billig gave til en rejsende og en vandrer.&nbsp;N\u00f8gleringen er lavet af messing. Fastg\u00f8res til n\u00f8gler med en aftagelig karabinhage.&nbsp;&nbsp;Information:&nbsp;&bull; M\u00e5l: 10,5 cm&bull; Materiale: messing&bull; Farve: messing&nbsp;Yacht-n\u00f8gleringen [&hellip;]<\/p>\n","protected":false},"featured_media":44901,"comment_status":"open","ping_status":"closed","template":"","meta":[],"product_brand":[],"product_cat":[31],"product_tag":[],"class_list":{"0":"post-27117","1":"product","2":"type-product","3":"status-publish","4":"has-post-thumbnail","6":"product_cat-uncategorized-da","8":"first","9":"instock","10":"shipping-taxable","11":"purchasable","12":"product-type-simple"},"_links":{"self":[{"href":"https:\/\/nordicmart.andreevmaster.com\/da\/wp-json\/wp\/v2\/product\/27117","targetHints":{"allow":["GET"]}}],"collection":[{"href":"https:\/\/nordicmart.andreevmaster.com\/da\/wp-json\/wp\/v2\/product"}],"about":[{"href":"https:\/\/nordicmart.andreevmaster.com\/da\/wp-json\/wp\/v2\/types\/product"}],"replies":[{"embeddable":true,"href":"https:\/\/nordicmart.andreevmaster.com\/da\/wp-json\/wp\/v2\/comments?post=27117"}],"wp:featuredmedia":[{"embeddable":true,"href":"https:\/\/nordicmart.andreevmaster.com\/da\/wp-json\/wp\/v2\/media\/44901"}],"wp:attachment":[{"href":"https:\/\/nordicmart.andreevmaster.com\/da\/wp-json\/wp\/v2\/media?parent=27117"}],"wp:term":[{"taxonomy":"product_brand","embeddable":true,"href":"https:\/\/nordicmart.andreevmaster.com\/da\/wp-json\/wp\/v2\/product_brand?post=27117"},{"taxonomy":"product_cat","embeddable":true,"href":"https:\/\/nordicmart.andreevmaster.com\/da\/wp-json\/wp\/v2\/product_cat?post=27117"},{"taxonomy":"product_tag","embeddable":true,"href":"https:\/\/nordicmart.andreevmaster.com\/da\/wp-json\/wp\/v2\/product_tag?post=27117"}],"curies":[{"name":"wp","href":"https:\/\/api.w.org\/{rel}","templated":true}]}}