{"id":27116,"date":"2026-02-27T00:35:31","date_gmt":"2026-02-27T00:35:31","guid":{"rendered":"https:\/\/nordicmart.andreevmaster.com\/product\/messingkompas-med-solur-i-traekasse-1058\/"},"modified":"2026-02-27T09:14:24","modified_gmt":"2026-02-27T09:14:24","slug":"messingkompas-med-solur-i-traekasse-1058","status":"publish","type":"product","link":"https:\/\/nordicmart.andreevmaster.com\/da\/vare\/messingkompas-med-solur-i-traekasse-1058\/","title":{"rendered":"Messingkompas med solur i tr\u00e6kasse 1058"},"content":{"rendered":"<p>Messingkompas med solur i tr\u00e6kasse 1058&nbsp;&nbsp;&nbsp;Messingkompas med solur er et navigationsinstrument, der er fremstillet med sans for detaljer og f\u00e6rdiggjort i retrostil. Det er nyttigt under en ekskursion, vandretur eller g\u00e5tur i skoven. Det hj\u00e6lper dig med at orientere dig i omr\u00e5det, l\u00e6se kortet og indstille den lokale tid. Kompas med solur er en nyttig gave til en rejsende, en trekking-elsker og alle, der kan lide at vandre rundt fra tid til anden.&nbsp;Kompassets hus er lavet af messing. Arabiske tal p\u00e5 urskiven angiver klokkesl\u00e6ttet. N\u00e5r du \u00e5bner enheden, foldes en gnomon i form af et reb automatisk ud. Soluret skal placeres, s\u00e5 det har adgang til solen. Gnomonen kaster en skygge p\u00e5 den lokale tid. Under urskiven finder du et kompas. En ring fastgjort til huset g\u00f8r det muligt at fastg\u00f8re en k\u00e6de eller rem til kompasset. Kompasset leveres med en tr\u00e6kasse. Oplysninger: M\u00e5l: &Oslash; 4,5 cm Materiale: messing, glas Farve: messing Indskrifter: sort Magnetisk n\u00e5l L\u00e5sbart kompas Indskrift p\u00e5 toppen: The Mary Rose, London 1511-1545 \u00c6ske: Dimensioner: 7,5&#215;7,5&#215;3,5 cm Farve: naturlig mango Materiale: mangotr\u00e6<\/p>\n","protected":false},"excerpt":{"rendered":"<p>Messingkompas med solur i tr\u00e6kasse 1058&nbsp;&nbsp;&nbsp;Messingkompas med solur er et navigationsinstrument, der er fremstillet med sans for detaljer og f\u00e6rdiggjort i retrostil. Det er nyttigt under en ekskursion, vandretur eller g\u00e5tur i skoven. Det hj\u00e6lper dig med at orientere dig i omr\u00e5det, l\u00e6se kortet og indstille den lokale tid. Kompas med solur er en nyttig [&hellip;]<\/p>\n","protected":false},"featured_media":44900,"comment_status":"open","ping_status":"closed","template":"","meta":[],"product_brand":[],"product_cat":[31],"product_tag":[],"class_list":{"0":"post-27116","1":"product","2":"type-product","3":"status-publish","4":"has-post-thumbnail","6":"product_cat-uncategorized-da","8":"first","9":"instock","10":"shipping-taxable","11":"purchasable","12":"product-type-simple"},"_links":{"self":[{"href":"https:\/\/nordicmart.andreevmaster.com\/da\/wp-json\/wp\/v2\/product\/27116","targetHints":{"allow":["GET"]}}],"collection":[{"href":"https:\/\/nordicmart.andreevmaster.com\/da\/wp-json\/wp\/v2\/product"}],"about":[{"href":"https:\/\/nordicmart.andreevmaster.com\/da\/wp-json\/wp\/v2\/types\/product"}],"replies":[{"embeddable":true,"href":"https:\/\/nordicmart.andreevmaster.com\/da\/wp-json\/wp\/v2\/comments?post=27116"}],"wp:featuredmedia":[{"embeddable":true,"href":"https:\/\/nordicmart.andreevmaster.com\/da\/wp-json\/wp\/v2\/media\/44900"}],"wp:attachment":[{"href":"https:\/\/nordicmart.andreevmaster.com\/da\/wp-json\/wp\/v2\/media?parent=27116"}],"wp:term":[{"taxonomy":"product_brand","embeddable":true,"href":"https:\/\/nordicmart.andreevmaster.com\/da\/wp-json\/wp\/v2\/product_brand?post=27116"},{"taxonomy":"product_cat","embeddable":true,"href":"https:\/\/nordicmart.andreevmaster.com\/da\/wp-json\/wp\/v2\/product_cat?post=27116"},{"taxonomy":"product_tag","embeddable":true,"href":"https:\/\/nordicmart.andreevmaster.com\/da\/wp-json\/wp\/v2\/product_tag?post=27116"}],"curies":[{"name":"wp","href":"https:\/\/api.w.org\/{rel}","templated":true}]}}