{"id":27115,"date":"2026-02-27T00:35:31","date_gmt":"2026-02-27T00:35:31","guid":{"rendered":"https:\/\/nordicmart.andreevmaster.com\/product\/domino-saet-br157\/"},"modified":"2026-02-27T09:14:24","modified_gmt":"2026-02-27T09:14:24","slug":"domino-saet-br157","status":"publish","type":"product","link":"https:\/\/nordicmart.andreevmaster.com\/da\/vare\/domino-saet-br157\/","title":{"rendered":"Domino-s\u00e6t BR157"},"content":{"rendered":"<p>Domino-s\u00e6t BR157&nbsp;Domino-s\u00e6ttet er et traditionelt spil, der vil g\u00f8re familieaftenerne mere behagelige. Domino er et spil med enkle regler, som selv de yngste medlemmer af familien kan nyde.&nbsp;At spille domino har en positiv indflydelse p\u00e5 udviklingen af f\u00e6rdigheder som hukommelse, logisk t\u00e6nkning, opfattelsesevne og koncentration. Det kan ogs\u00e5 v\u00e6re en sjov m\u00e5de for b\u00f8rn at l\u00e6re at t\u00e6lle p\u00e5.&nbsp;Du kan bygge forskellige konstruktioner af domino-brikker, og ved at placere brikkerne lodret og skubbe til en af brikkerne kan du s\u00e6tte dominoeffekten i gang, hvilket er sjovt, is\u00e6r for de yngste.&nbsp;&nbsp;Information:&nbsp;&nbsp;Domino:&nbsp;Materiale: tr\u00e6 &#8211; mangoMessingdekorationer28 domino-brikker&nbsp;\u00c6ske:&nbsp;Kassens m\u00e5l: 15 x 8 x 4,5 cmTr\u00e6kasseSymbolsk domino-brik p\u00e5 l\u00e5get&nbsp;Spil:&nbsp;Spil for 2-4 personerStandardspillet tager ca. 10 minutter&nbsp;&nbsp;OBS! Dette produkt er ikke et leget\u00f8j og er ikke egnet til b\u00f8rn under 14 \u00e5r. &nbsp;<\/p>\n","protected":false},"excerpt":{"rendered":"<p>Domino-s\u00e6t BR157&nbsp;Domino-s\u00e6ttet er et traditionelt spil, der vil g\u00f8re familieaftenerne mere behagelige. Domino er et spil med enkle regler, som selv de yngste medlemmer af familien kan nyde.&nbsp;At spille domino har en positiv indflydelse p\u00e5 udviklingen af f\u00e6rdigheder som hukommelse, logisk t\u00e6nkning, opfattelsesevne og koncentration. Det kan ogs\u00e5 v\u00e6re en sjov m\u00e5de for b\u00f8rn at [&hellip;]<\/p>\n","protected":false},"featured_media":44899,"comment_status":"open","ping_status":"closed","template":"","meta":[],"product_brand":[],"product_cat":[31],"product_tag":[],"class_list":{"0":"post-27115","1":"product","2":"type-product","3":"status-publish","4":"has-post-thumbnail","6":"product_cat-uncategorized-da","8":"first","9":"instock","10":"shipping-taxable","11":"purchasable","12":"product-type-simple"},"_links":{"self":[{"href":"https:\/\/nordicmart.andreevmaster.com\/da\/wp-json\/wp\/v2\/product\/27115","targetHints":{"allow":["GET"]}}],"collection":[{"href":"https:\/\/nordicmart.andreevmaster.com\/da\/wp-json\/wp\/v2\/product"}],"about":[{"href":"https:\/\/nordicmart.andreevmaster.com\/da\/wp-json\/wp\/v2\/types\/product"}],"replies":[{"embeddable":true,"href":"https:\/\/nordicmart.andreevmaster.com\/da\/wp-json\/wp\/v2\/comments?post=27115"}],"wp:featuredmedia":[{"embeddable":true,"href":"https:\/\/nordicmart.andreevmaster.com\/da\/wp-json\/wp\/v2\/media\/44899"}],"wp:attachment":[{"href":"https:\/\/nordicmart.andreevmaster.com\/da\/wp-json\/wp\/v2\/media?parent=27115"}],"wp:term":[{"taxonomy":"product_brand","embeddable":true,"href":"https:\/\/nordicmart.andreevmaster.com\/da\/wp-json\/wp\/v2\/product_brand?post=27115"},{"taxonomy":"product_cat","embeddable":true,"href":"https:\/\/nordicmart.andreevmaster.com\/da\/wp-json\/wp\/v2\/product_cat?post=27115"},{"taxonomy":"product_tag","embeddable":true,"href":"https:\/\/nordicmart.andreevmaster.com\/da\/wp-json\/wp\/v2\/product_tag?post=27115"}],"curies":[{"name":"wp","href":"https:\/\/api.w.org\/{rel}","templated":true}]}}