{"id":27114,"date":"2026-02-27T00:35:31","date_gmt":"2026-02-27T00:35:31","guid":{"rendered":"https:\/\/nordicmart.andreevmaster.com\/product\/forstorrelsesglas-nc2203\/"},"modified":"2026-02-27T09:14:24","modified_gmt":"2026-02-27T09:14:24","slug":"forstorrelsesglas-nc2203","status":"publish","type":"product","link":"https:\/\/nordicmart.andreevmaster.com\/da\/vare\/forstorrelsesglas-nc2203\/","title":{"rendered":"Forst\u00f8rrelsesglas NC2203"},"content":{"rendered":"<p>Forst\u00f8rrelsesglas NC2203&nbsp;&nbsp;Et forst\u00f8rrelsesglas med et elegant h\u00e5ndtag hj\u00e6lper dig med at l\u00f8se g\u00e5der skrevet med sm\u00e5t, studere frim\u00e6rker og m\u00f8nter og opdage detaljer, der er sv\u00e6re at se. Forst\u00f8rrelsesglasset sikrer l\u00e6sekomfort og eliminerer begr\u00e6nsninger som f\u00f8lge af synsfejl.&nbsp;Forst\u00f8rrelsesglasset er en elegant gave til filatelister, numismatikere og alle, der er p\u00e5 udkig efter skjulte detaljer. Det er ogs\u00e5 en nyttig gave til bedstemor og bedstefar.&nbsp;Forst\u00f8rrelsesglasets linse er placeret i en messingramme p\u00e5 et h\u00e5ndtag af ben.&nbsp;&nbsp;Forst\u00f8rrelsesglas NC2203 information:&nbsp;Materiale: glas, messingFarve: guld, brunH\u00e5ndtag af benDimensioner: 30 cm x &Oslash; 10 cm, forst\u00f8rrelse x3,5Bem\u00e6rk: B\u00f8ffelhorn er naturligt \u2013 hornets farve, form og dimensioner kan variere lidt fra det ovenfor viste.&nbsp;&nbsp;<\/p>\n","protected":false},"excerpt":{"rendered":"<p>Forst\u00f8rrelsesglas NC2203&nbsp;&nbsp;Et forst\u00f8rrelsesglas med et elegant h\u00e5ndtag hj\u00e6lper dig med at l\u00f8se g\u00e5der skrevet med sm\u00e5t, studere frim\u00e6rker og m\u00f8nter og opdage detaljer, der er sv\u00e6re at se. Forst\u00f8rrelsesglasset sikrer l\u00e6sekomfort og eliminerer begr\u00e6nsninger som f\u00f8lge af synsfejl.&nbsp;Forst\u00f8rrelsesglasset er en elegant gave til filatelister, numismatikere og alle, der er p\u00e5 udkig efter skjulte detaljer. Det [&hellip;]<\/p>\n","protected":false},"featured_media":44898,"comment_status":"open","ping_status":"closed","template":"","meta":[],"product_brand":[],"product_cat":[31],"product_tag":[],"class_list":{"0":"post-27114","1":"product","2":"type-product","3":"status-publish","4":"has-post-thumbnail","6":"product_cat-uncategorized-da","8":"first","9":"instock","10":"shipping-taxable","11":"purchasable","12":"product-type-simple"},"_links":{"self":[{"href":"https:\/\/nordicmart.andreevmaster.com\/da\/wp-json\/wp\/v2\/product\/27114","targetHints":{"allow":["GET"]}}],"collection":[{"href":"https:\/\/nordicmart.andreevmaster.com\/da\/wp-json\/wp\/v2\/product"}],"about":[{"href":"https:\/\/nordicmart.andreevmaster.com\/da\/wp-json\/wp\/v2\/types\/product"}],"replies":[{"embeddable":true,"href":"https:\/\/nordicmart.andreevmaster.com\/da\/wp-json\/wp\/v2\/comments?post=27114"}],"wp:featuredmedia":[{"embeddable":true,"href":"https:\/\/nordicmart.andreevmaster.com\/da\/wp-json\/wp\/v2\/media\/44898"}],"wp:attachment":[{"href":"https:\/\/nordicmart.andreevmaster.com\/da\/wp-json\/wp\/v2\/media?parent=27114"}],"wp:term":[{"taxonomy":"product_brand","embeddable":true,"href":"https:\/\/nordicmart.andreevmaster.com\/da\/wp-json\/wp\/v2\/product_brand?post=27114"},{"taxonomy":"product_cat","embeddable":true,"href":"https:\/\/nordicmart.andreevmaster.com\/da\/wp-json\/wp\/v2\/product_cat?post=27114"},{"taxonomy":"product_tag","embeddable":true,"href":"https:\/\/nordicmart.andreevmaster.com\/da\/wp-json\/wp\/v2\/product_tag?post=27114"}],"curies":[{"name":"wp","href":"https:\/\/api.w.org\/{rel}","templated":true}]}}