{"id":27113,"date":"2026-02-27T00:35:30","date_gmt":"2026-02-27T00:35:30","guid":{"rendered":"https:\/\/nordicmart.andreevmaster.com\/product\/stort-eksklusivt-forgyldt-metalskakspil-53x53-cm-n137\/"},"modified":"2026-02-27T09:14:24","modified_gmt":"2026-02-27T09:14:24","slug":"stort-eksklusivt-forgyldt-metalskakspil-53x53-cm-n137","status":"publish","type":"product","link":"https:\/\/nordicmart.andreevmaster.com\/da\/vare\/stort-eksklusivt-forgyldt-metalskakspil-53x53-cm-n137\/","title":{"rendered":"Stort eksklusivt forgyldt metalskakspil 53&#215;53 cm \u2013 N137"},"content":{"rendered":"<p>Stort eksklusivt forgyldt metalskakspil 53&#215;53 cm \u2013 N137&nbsp;&nbsp;Vi pr\u00e6senterer et eksklusivt skakspil fremstillet af det italienske firma Italfama. Den h\u00f8je kvalitet af de anvendte materialer g\u00f8r dem holdbare og langtidsholdbare, og deres h\u00e5ndv\u00e6rk garanterer, at de vil holde i mange \u00e5r. Fremstillet med opm\u00e6rksomhed p\u00e5 alle detaljer. Et meget stort skakbr\u00e6t p\u00e5 53 x 53 cm lavet af vildrosentr\u00e6 i en smuk m\u00f8rkebrun farve og skakbrikker lavet af forgyldt metal er en kombination, der vil gl\u00e6de enhver skakelsker.&nbsp;Dette eksklusive skakspil er mere end bare et skakspil. Det er ogs\u00e5 en smuk dekoration, der vil se godt ud i ethvert rum. Skakbrikkernes tidl\u00f8se design tilf\u00f8jer klassisk elegance og stil, hvilket g\u00f8r dem til den perfekte gave til chefen eller forretningspartnere. Dette skakspil er designet til dem med raffineret smag og er det perfekte valg for dem, der s\u00e6tter pris p\u00e5 luksus og h\u00f8j kvalitet. At spille skak er ikke kun en interessant og sp\u00e6ndende m\u00e5de at tilbringe fritiden p\u00e5, men har ogs\u00e5 mange fordele for din hjerne og dit helbred. Skak hj\u00e6lper med at udvikle f\u00e6rdigheder som kreativitet, logisk t\u00e6nkning, strategi, koncentration og hukommelse. Derudover forbedrer regelm\u00e6ssig skakspil de kognitive evner, hvilket kan v\u00e6re s\u00e6rligt gavnligt for \u00e6ldre mennesker. &nbsp;&nbsp;Skakbr\u00e6t:&nbsp;Skakbr\u00e6ttets dimensioner: 53 x 53 x 9,5 cmSkakbr\u00e6t lavet af vild rosen tr\u00e6Farve p\u00e5 skakbr\u00e6ttet &#8211; nuancer af brunt, hvidtH\u00e5ndindlagtSkuffe til opbevaring af brikker&nbsp;Skakbrikker:&nbsp;Brikker af zink \u2013 forgyldt med 24 karat guld og fors\u00f8lvet med 925 s\u00f8lvH\u00e5ndlavet finish i topkvalitet.Kongens h\u00f8jde: 7,5 cmFarve p\u00e5 brikkerne \u2013 guld\/s\u00f8lv&nbsp;<\/p>\n","protected":false},"excerpt":{"rendered":"<p>Stort eksklusivt forgyldt metalskakspil 53&#215;53 cm \u2013 N137&nbsp;&nbsp;Vi pr\u00e6senterer et eksklusivt skakspil fremstillet af det italienske firma Italfama. Den h\u00f8je kvalitet af de anvendte materialer g\u00f8r dem holdbare og langtidsholdbare, og deres h\u00e5ndv\u00e6rk garanterer, at de vil holde i mange \u00e5r. Fremstillet med opm\u00e6rksomhed p\u00e5 alle detaljer. Et meget stort skakbr\u00e6t p\u00e5 53 x 53 [&hellip;]<\/p>\n","protected":false},"featured_media":44897,"comment_status":"open","ping_status":"closed","template":"","meta":[],"product_brand":[],"product_cat":[31],"product_tag":[],"class_list":{"0":"post-27113","1":"product","2":"type-product","3":"status-publish","4":"has-post-thumbnail","6":"product_cat-uncategorized-da","8":"first","9":"instock","10":"shipping-taxable","11":"purchasable","12":"product-type-simple"},"_links":{"self":[{"href":"https:\/\/nordicmart.andreevmaster.com\/da\/wp-json\/wp\/v2\/product\/27113","targetHints":{"allow":["GET"]}}],"collection":[{"href":"https:\/\/nordicmart.andreevmaster.com\/da\/wp-json\/wp\/v2\/product"}],"about":[{"href":"https:\/\/nordicmart.andreevmaster.com\/da\/wp-json\/wp\/v2\/types\/product"}],"replies":[{"embeddable":true,"href":"https:\/\/nordicmart.andreevmaster.com\/da\/wp-json\/wp\/v2\/comments?post=27113"}],"wp:featuredmedia":[{"embeddable":true,"href":"https:\/\/nordicmart.andreevmaster.com\/da\/wp-json\/wp\/v2\/media\/44897"}],"wp:attachment":[{"href":"https:\/\/nordicmart.andreevmaster.com\/da\/wp-json\/wp\/v2\/media?parent=27113"}],"wp:term":[{"taxonomy":"product_brand","embeddable":true,"href":"https:\/\/nordicmart.andreevmaster.com\/da\/wp-json\/wp\/v2\/product_brand?post=27113"},{"taxonomy":"product_cat","embeddable":true,"href":"https:\/\/nordicmart.andreevmaster.com\/da\/wp-json\/wp\/v2\/product_cat?post=27113"},{"taxonomy":"product_tag","embeddable":true,"href":"https:\/\/nordicmart.andreevmaster.com\/da\/wp-json\/wp\/v2\/product_tag?post=27113"}],"curies":[{"name":"wp","href":"https:\/\/api.w.org\/{rel}","templated":true}]}}