{"id":27112,"date":"2026-02-27T00:35:30","date_gmt":"2026-02-27T00:35:30","guid":{"rendered":"https:\/\/nordicmart.andreevmaster.com\/product\/marine-vejrstation-fischer-1508bth-45-6\/"},"modified":"2026-02-27T09:14:23","modified_gmt":"2026-02-27T09:14:23","slug":"marine-vejrstation-fischer-1508bth-45-6","status":"publish","type":"product","link":"https:\/\/nordicmart.andreevmaster.com\/da\/vare\/marine-vejrstation-fischer-1508bth-45-6\/","title":{"rendered":"Marine vejrstation Fischer 1508BTH-45.6"},"content":{"rendered":"<p>Marine vejrstation Fischer 1508BTH-45.6&nbsp;&nbsp;Vi pr\u00e6senterer en elegant, meget n\u00f8jagtig vejrstation produceret af det tyske firma Fischer. S\u00e6ttet indeholder et barometer, et hygrometer og et termometer. Takket v\u00e6re Fisher-vejrstationen kan du holde styr p\u00e5 mikroklimaet i dit hjem. Barometeret giver dig mulighed for at observere trykfald og -stigninger. Hygrometeret viser luftfugtigheden i dit hjem, og du kan afl\u00e6se temperaturen p\u00e5 termometeret. Dette produkt er fremstillet i nautisk stil. Det smukke gyldne kabinet ser fantastisk ud. Kombinationen af det gyldne kabinet og den sorte urskive med gyldne accenter ser yderst elegant ud og vil tilf\u00f8re stil til dit rum. Dette produkt er b\u00e5de smukt og meget nyttigt. Det er et produkt af h\u00f8j kvalitet, der er fremstillet af det kendte firma Fischer. Firmaet Fischer blev grundlagt i 1945 i Drebach, Tyskland, og har siden da fremstillet barometre, hygrometre og termometre. Det har over 70 \u00e5rs erfaring i denne branche. I dag er Fischer en velkendt og respekteret leverand\u00f8r af produkter af h\u00f8j kvalitet. Alle produkter er h\u00e5ndlavede udelukkende i Erzgebirge i Tyskland. Dimensioner: Diameter 12,5 cm. Andre produktegenskaber: Navne p\u00e5 skjoldene p\u00e5 engelsk. N\u00f8jagtighed af barometerm\u00e5ling: \u00b1 3 hPa, n\u00f8jagtighed af hygrometerm\u00e5ling: \u00b1 3 % r.h. (20 &#8230; 100 %), +1 gradueringsskala N\u00f8jagtighed af termometerm\u00e5ling: \u00b1 1 K&nbsp;OBS! Skalering af barometer, termometer og hygrometer er udf\u00f8rt p\u00e5 fabrikken. P\u00e5 grund af f.eks. kraftige st\u00f8d kan det dog v\u00e6re n\u00f8dvendigt at foretage en ny regulering. For at g\u00f8re dette skal du i tilf\u00e6lde af barometer og hygrometer bruge en skruetr\u00e6kker og justere skruen p\u00e5 bagsiden af enheden i henhold til instruktionerne i den medf\u00f8lgende manual. I tilf\u00e6lde af et termometer kan det, n\u00e5r kviks\u00f8lvkolonnen er revet fra hinanden, repareres ved at ryste kolonnen kraftigt flere gange.<\/p>\n","protected":false},"excerpt":{"rendered":"<p>Marine vejrstation Fischer 1508BTH-45.6&nbsp;&nbsp;Vi pr\u00e6senterer en elegant, meget n\u00f8jagtig vejrstation produceret af det tyske firma Fischer. S\u00e6ttet indeholder et barometer, et hygrometer og et termometer. Takket v\u00e6re Fisher-vejrstationen kan du holde styr p\u00e5 mikroklimaet i dit hjem. Barometeret giver dig mulighed for at observere trykfald og -stigninger. Hygrometeret viser luftfugtigheden i dit hjem, og du [&hellip;]<\/p>\n","protected":false},"featured_media":44896,"comment_status":"open","ping_status":"closed","template":"","meta":[],"product_brand":[],"product_cat":[31],"product_tag":[],"class_list":{"0":"post-27112","1":"product","2":"type-product","3":"status-publish","4":"has-post-thumbnail","6":"product_cat-uncategorized-da","8":"first","9":"instock","10":"shipping-taxable","11":"purchasable","12":"product-type-simple"},"_links":{"self":[{"href":"https:\/\/nordicmart.andreevmaster.com\/da\/wp-json\/wp\/v2\/product\/27112","targetHints":{"allow":["GET"]}}],"collection":[{"href":"https:\/\/nordicmart.andreevmaster.com\/da\/wp-json\/wp\/v2\/product"}],"about":[{"href":"https:\/\/nordicmart.andreevmaster.com\/da\/wp-json\/wp\/v2\/types\/product"}],"replies":[{"embeddable":true,"href":"https:\/\/nordicmart.andreevmaster.com\/da\/wp-json\/wp\/v2\/comments?post=27112"}],"wp:featuredmedia":[{"embeddable":true,"href":"https:\/\/nordicmart.andreevmaster.com\/da\/wp-json\/wp\/v2\/media\/44896"}],"wp:attachment":[{"href":"https:\/\/nordicmart.andreevmaster.com\/da\/wp-json\/wp\/v2\/media?parent=27112"}],"wp:term":[{"taxonomy":"product_brand","embeddable":true,"href":"https:\/\/nordicmart.andreevmaster.com\/da\/wp-json\/wp\/v2\/product_brand?post=27112"},{"taxonomy":"product_cat","embeddable":true,"href":"https:\/\/nordicmart.andreevmaster.com\/da\/wp-json\/wp\/v2\/product_cat?post=27112"},{"taxonomy":"product_tag","embeddable":true,"href":"https:\/\/nordicmart.andreevmaster.com\/da\/wp-json\/wp\/v2\/product_tag?post=27112"}],"curies":[{"name":"wp","href":"https:\/\/api.w.org\/{rel}","templated":true}]}}