{"id":27111,"date":"2026-02-27T00:35:30","date_gmt":"2026-02-27T00:35:30","guid":{"rendered":"https:\/\/nordicmart.andreevmaster.com\/product\/eksklusivt-skakspil-28-x-28-cm-s3bblu\/"},"modified":"2026-02-27T09:14:23","modified_gmt":"2026-02-27T09:14:23","slug":"eksklusivt-skakspil-28-x-28-cm-s3bblu","status":"publish","type":"product","link":"https:\/\/nordicmart.andreevmaster.com\/da\/vare\/eksklusivt-skakspil-28-x-28-cm-s3bblu\/","title":{"rendered":"Eksklusivt skakspil 28 x 28 cm &#8211; S3BBLU"},"content":{"rendered":"<p>Eksklusivt skakspil &#8211; Skakbr\u00e6t 28 x 28 cm &nbsp;&nbsp;Leder du efter noget mere end almindelige skakbrikker? \u00d8nsker du et s\u00e6t, der ikke kun er funktionelt, men ogs\u00e5 kan fungere som dekoration i dit hjem? Vi har det perfekte forslag til dig &#8211; et smukt, eksklusivt skakspil, der vil begejstre enhver skakentusiast.&nbsp;Farveskemaet i s\u00e6ttet er sammensat, s\u00e5 det giver en fremragende kontrast og \u00e6stetik. De antikke messingfarvede brikker passer perfekt til skakbr\u00e6ttets m\u00f8rkebl\u00e5 og guldfarvede felter. Derudover har den ene h\u00e6r nuancer af bl\u00e5t, hvilket giver hele brikken et endnu mere elegant look.&nbsp;Dette skakspil g\u00e5r tilbage til tiden med de gr\u00e6sk-romerske krige i det 2. \u00e5rhundrede f.Kr. De voksende romere besejrede gr\u00e6kerne, men som Horats plejede at sige: Det erobrede Gr\u00e6kenland erobrede de vilde sejrherrer. Vi taler selvf\u00f8lgelig om den gr\u00e6ske kulturs og videnskabs overlegenhed, som romerne hurtigt begyndte at assimilere.&nbsp;&nbsp;Produktinformation:&nbsp;Skakbr\u00e6ttets dimensioner: 28&#215;28 cm &#8211; lavet af messing Kongens h\u00f8jde: 5,4 cm Messingbrikker S\u00e6ttets v\u00e6gt: 3,4 kg Farveskema: brikkerne &#8211; antik messing, den ene h\u00e6r &#8211; bl\u00e5 nuancer for god kontrast; skakbr\u00e6ttet &#8211; marinebl\u00e5 og guldfelter H\u00e5ndlavet finish af h\u00f8jeste kvalitet. Skakbrikkerne er pakket i en smuk, luksuri\u00f8s tr\u00e6kasse. Indvendigt er der en omhyggeligt udformet form til stabling og sikker opbevaring af brikkerne. Kassen er beskyttet af en dekorativ sort og guldfarvet papkasse. Produkt i h\u00f8jeste grad af eksklusivitet, en smuk gave. &nbsp;&nbsp;<\/p>\n","protected":false},"excerpt":{"rendered":"<p>Eksklusivt skakspil &#8211; Skakbr\u00e6t 28 x 28 cm &nbsp;&nbsp;Leder du efter noget mere end almindelige skakbrikker? \u00d8nsker du et s\u00e6t, der ikke kun er funktionelt, men ogs\u00e5 kan fungere som dekoration i dit hjem? Vi har det perfekte forslag til dig &#8211; et smukt, eksklusivt skakspil, der vil begejstre enhver skakentusiast.&nbsp;Farveskemaet i s\u00e6ttet er sammensat, [&hellip;]<\/p>\n","protected":false},"featured_media":44895,"comment_status":"open","ping_status":"closed","template":"","meta":[],"product_brand":[],"product_cat":[31],"product_tag":[],"class_list":{"0":"post-27111","1":"product","2":"type-product","3":"status-publish","4":"has-post-thumbnail","6":"product_cat-uncategorized-da","8":"first","9":"instock","10":"shipping-taxable","11":"purchasable","12":"product-type-simple"},"_links":{"self":[{"href":"https:\/\/nordicmart.andreevmaster.com\/da\/wp-json\/wp\/v2\/product\/27111","targetHints":{"allow":["GET"]}}],"collection":[{"href":"https:\/\/nordicmart.andreevmaster.com\/da\/wp-json\/wp\/v2\/product"}],"about":[{"href":"https:\/\/nordicmart.andreevmaster.com\/da\/wp-json\/wp\/v2\/types\/product"}],"replies":[{"embeddable":true,"href":"https:\/\/nordicmart.andreevmaster.com\/da\/wp-json\/wp\/v2\/comments?post=27111"}],"wp:featuredmedia":[{"embeddable":true,"href":"https:\/\/nordicmart.andreevmaster.com\/da\/wp-json\/wp\/v2\/media\/44895"}],"wp:attachment":[{"href":"https:\/\/nordicmart.andreevmaster.com\/da\/wp-json\/wp\/v2\/media?parent=27111"}],"wp:term":[{"taxonomy":"product_brand","embeddable":true,"href":"https:\/\/nordicmart.andreevmaster.com\/da\/wp-json\/wp\/v2\/product_brand?post=27111"},{"taxonomy":"product_cat","embeddable":true,"href":"https:\/\/nordicmart.andreevmaster.com\/da\/wp-json\/wp\/v2\/product_cat?post=27111"},{"taxonomy":"product_tag","embeddable":true,"href":"https:\/\/nordicmart.andreevmaster.com\/da\/wp-json\/wp\/v2\/product_tag?post=27111"}],"curies":[{"name":"wp","href":"https:\/\/api.w.org\/{rel}","templated":true}]}}