{"id":27110,"date":"2026-02-27T00:35:29","date_gmt":"2026-02-27T00:35:29","guid":{"rendered":"https:\/\/nordicmart.andreevmaster.com\/product\/retro-verdenskort-genoptryk-52-x-39-cm-john-speed-ar-1651-m1651\/"},"modified":"2026-02-27T09:14:23","modified_gmt":"2026-02-27T09:14:23","slug":"retro-verdenskort-genoptryk-52-x-39-cm-john-speed-ar-1651-m1651","status":"publish","type":"product","link":"https:\/\/nordicmart.andreevmaster.com\/da\/vare\/retro-verdenskort-genoptryk-52-x-39-cm-john-speed-ar-1651-m1651\/","title":{"rendered":"Retro verdenskort genoptryk &#8211; 52 x 39 cm &#8211; John Speed \u00e5r 1651 &#8211; M1651"},"content":{"rendered":"<p>Retro verdenskort, genoptryk &#8211; 52 x 39 cm &#8211; John Speed, \u00e5r 1651 &#8211; M1651&nbsp;&nbsp;M\u00e5l: 52 x 39,3 cm&nbsp;Vintage kort er et unikt og interessant valg til indretning, da de tilf\u00f8jer et strejf af historie og karakter til ethvert rum. De kan ogs\u00e5 v\u00e6re meningsfulde gaver, da de kan v\u00e6kke minder om tidligere rejser eller tjene som inspiration til fremtidige rejser. Derudover er vintage kort ofte smukt designet og kan fungere som kunstv\u00e6rker i sig selv.&nbsp;Dette genoptryk af et yderst sj\u00e6ldent verdenskort af John Speed fra 1651 er en dekoration fyldt med farver og i\u00f8jnefaldende elementer, som man kan studere i timevis. Det var et af de tidligste kort, der var tilg\u00e6ngelige p\u00e5 engelsk. Genoptrykket er udarbejdet med st\u00f8rste omhu for at ligne det originale kort. Papirets tekstur og farve er beregnet til at gengive det materiale, som originalerne blev trykt p\u00e5. Verdenskortet fra det 17. \u00e5rhundrede er stadig fuld af mysterier. Det unikt dekorerede kort i fuld farve vil v\u00e6re en fantastisk gave til rejsende, historikere og alle, der f\u00f8ler trang til eventyr. Det retroverdenskort vil v\u00e6re en fantastisk dekoration til et arbejdsv\u00e6relse, kontor eller stue og tilf\u00f8je et globetrotter-touch til rummet.&nbsp;&nbsp;<\/p>\n","protected":false},"excerpt":{"rendered":"<p>Retro verdenskort, genoptryk &#8211; 52 x 39 cm &#8211; John Speed, \u00e5r 1651 &#8211; M1651&nbsp;&nbsp;M\u00e5l: 52 x 39,3 cm&nbsp;Vintage kort er et unikt og interessant valg til indretning, da de tilf\u00f8jer et strejf af historie og karakter til ethvert rum. De kan ogs\u00e5 v\u00e6re meningsfulde gaver, da de kan v\u00e6kke minder om tidligere rejser eller [&hellip;]<\/p>\n","protected":false},"featured_media":44894,"comment_status":"open","ping_status":"closed","template":"","meta":[],"product_brand":[],"product_cat":[31],"product_tag":[],"class_list":{"0":"post-27110","1":"product","2":"type-product","3":"status-publish","4":"has-post-thumbnail","6":"product_cat-uncategorized-da","8":"first","9":"instock","10":"shipping-taxable","11":"purchasable","12":"product-type-simple"},"_links":{"self":[{"href":"https:\/\/nordicmart.andreevmaster.com\/da\/wp-json\/wp\/v2\/product\/27110","targetHints":{"allow":["GET"]}}],"collection":[{"href":"https:\/\/nordicmart.andreevmaster.com\/da\/wp-json\/wp\/v2\/product"}],"about":[{"href":"https:\/\/nordicmart.andreevmaster.com\/da\/wp-json\/wp\/v2\/types\/product"}],"replies":[{"embeddable":true,"href":"https:\/\/nordicmart.andreevmaster.com\/da\/wp-json\/wp\/v2\/comments?post=27110"}],"wp:featuredmedia":[{"embeddable":true,"href":"https:\/\/nordicmart.andreevmaster.com\/da\/wp-json\/wp\/v2\/media\/44894"}],"wp:attachment":[{"href":"https:\/\/nordicmart.andreevmaster.com\/da\/wp-json\/wp\/v2\/media?parent=27110"}],"wp:term":[{"taxonomy":"product_brand","embeddable":true,"href":"https:\/\/nordicmart.andreevmaster.com\/da\/wp-json\/wp\/v2\/product_brand?post=27110"},{"taxonomy":"product_cat","embeddable":true,"href":"https:\/\/nordicmart.andreevmaster.com\/da\/wp-json\/wp\/v2\/product_cat?post=27110"},{"taxonomy":"product_tag","embeddable":true,"href":"https:\/\/nordicmart.andreevmaster.com\/da\/wp-json\/wp\/v2\/product_tag?post=27110"}],"curies":[{"name":"wp","href":"https:\/\/api.w.org\/{rel}","templated":true}]}}