{"id":27109,"date":"2026-02-27T00:35:29","date_gmt":"2026-02-27T00:35:29","guid":{"rendered":"https:\/\/nordicmart.andreevmaster.com\/product\/historisk-verdenskort-56-x-45-cm-piscator-1652-m1652\/"},"modified":"2026-02-27T09:14:23","modified_gmt":"2026-02-27T09:14:23","slug":"historisk-verdenskort-56-x-45-cm-piscator-1652-m1652","status":"publish","type":"product","link":"https:\/\/nordicmart.andreevmaster.com\/da\/vare\/historisk-verdenskort-56-x-45-cm-piscator-1652-m1652\/","title":{"rendered":"Historisk verdenskort \u2013 56 x 45 cm \u2013 Piscator 1652 \u2013 M1652"},"content":{"rendered":"<p>Historisk verdenskort \u2013 Nova Totius Terrarum genoptryk \u2013 N. I. Piscator, 1652 &#8211; M1652 &nbsp;&nbsp;&nbsp;&nbsp;&nbsp;&nbsp;&nbsp;&nbsp;&nbsp;&nbsp;&nbsp;&nbsp;&nbsp;M\u00e5l: 56 x 45 cm&nbsp;Vintage kort er et unikt og interessant valg til indretning, da de tilf\u00f8jer et strejf af historie og karakter til ethvert rum. &nbsp;De kan ogs\u00e5 v\u00e6re meningsfulde gaver, da de kan v\u00e6kke minder om tidligere rejser eller tjene som inspiration til fremtidige rejser. Derudover er vintage kort ofte smukt designet og kan fungere som kunstv\u00e6rker i sig selv.&nbsp;Genoptryk af N. I. Piscators historiske verdenskort fra 1652 er en rigt dekoreret udsmykning, der bringer opdagelsesrejsendes \u00e5nd ind i dit hjem. Kortet Nova Totius Terrarum Orbis Geographica Ac Hydrographica Tabula er et 17. \u00e5rhundrede kort, der giver et stadig mere pr\u00e6cist billede af vores verden. Dette kort kaldes De tolv kejsers kort p\u00e5 grund af sin dekorative kant, der forestiller romerske kejsere. Den mest ber\u00f8mte dekoration p\u00e5 dette kort er figurerne af tolv romerske kejsere, der rider p\u00e5 deres heste if\u00f8rt ekstremt detaljerede rustninger og viser deres regalia. Det historiske verdenskort er en unik dekoration, der vil pryde ethvert rum med en afsl\u00f8rende atmosf\u00e6re. Det vil v\u00e6re en p\u00e5lidelig gave til en rejsende og historiker. Genoptryk udarbejdet med st\u00f8rste omhu for at ligne det originale kort. Papirets tekstur og farve er beregnet til at gengive det materiale, som originalerne blev trykt p\u00e5.&nbsp;&nbsp;<\/p>\n","protected":false},"excerpt":{"rendered":"<p>Historisk verdenskort \u2013 Nova Totius Terrarum genoptryk \u2013 N. I. Piscator, 1652 &#8211; M1652 &nbsp;&nbsp;&nbsp;&nbsp;&nbsp;&nbsp;&nbsp;&nbsp;&nbsp;&nbsp;&nbsp;&nbsp;&nbsp;M\u00e5l: 56 x 45 cm&nbsp;Vintage kort er et unikt og interessant valg til indretning, da de tilf\u00f8jer et strejf af historie og karakter til ethvert rum. &nbsp;De kan ogs\u00e5 v\u00e6re meningsfulde gaver, da de kan v\u00e6kke minder om tidligere rejser eller [&hellip;]<\/p>\n","protected":false},"featured_media":44893,"comment_status":"open","ping_status":"closed","template":"","meta":[],"product_brand":[],"product_cat":[31],"product_tag":[],"class_list":{"0":"post-27109","1":"product","2":"type-product","3":"status-publish","4":"has-post-thumbnail","6":"product_cat-uncategorized-da","8":"first","9":"instock","10":"shipping-taxable","11":"purchasable","12":"product-type-simple"},"_links":{"self":[{"href":"https:\/\/nordicmart.andreevmaster.com\/da\/wp-json\/wp\/v2\/product\/27109","targetHints":{"allow":["GET"]}}],"collection":[{"href":"https:\/\/nordicmart.andreevmaster.com\/da\/wp-json\/wp\/v2\/product"}],"about":[{"href":"https:\/\/nordicmart.andreevmaster.com\/da\/wp-json\/wp\/v2\/types\/product"}],"replies":[{"embeddable":true,"href":"https:\/\/nordicmart.andreevmaster.com\/da\/wp-json\/wp\/v2\/comments?post=27109"}],"wp:featuredmedia":[{"embeddable":true,"href":"https:\/\/nordicmart.andreevmaster.com\/da\/wp-json\/wp\/v2\/media\/44893"}],"wp:attachment":[{"href":"https:\/\/nordicmart.andreevmaster.com\/da\/wp-json\/wp\/v2\/media?parent=27109"}],"wp:term":[{"taxonomy":"product_brand","embeddable":true,"href":"https:\/\/nordicmart.andreevmaster.com\/da\/wp-json\/wp\/v2\/product_brand?post=27109"},{"taxonomy":"product_cat","embeddable":true,"href":"https:\/\/nordicmart.andreevmaster.com\/da\/wp-json\/wp\/v2\/product_cat?post=27109"},{"taxonomy":"product_tag","embeddable":true,"href":"https:\/\/nordicmart.andreevmaster.com\/da\/wp-json\/wp\/v2\/product_tag?post=27109"}],"curies":[{"name":"wp","href":"https:\/\/api.w.org\/{rel}","templated":true}]}}