{"id":27108,"date":"2026-02-27T00:35:29","date_gmt":"2026-02-27T00:35:29","guid":{"rendered":"https:\/\/nordicmart.andreevmaster.com\/product\/gammelt-verdenskort-orbis-terrarum-genoptryk-p-plancius-1594-m1594\/"},"modified":"2026-02-27T09:14:22","modified_gmt":"2026-02-27T09:14:22","slug":"gammelt-verdenskort-orbis-terrarum-genoptryk-p-plancius-1594-m1594","status":"publish","type":"product","link":"https:\/\/nordicmart.andreevmaster.com\/da\/vare\/gammelt-verdenskort-orbis-terrarum-genoptryk-p-plancius-1594-m1594\/","title":{"rendered":"Gammelt verdenskort &#8211; Orbis Terrarum genoptryk &#8211; P. Plancius, 1594. &#8211; M1594"},"content":{"rendered":"<p>Gammelt verdenskort &#8211; Orbis Terrarum genoptryk &#8211; P. Plancius, 1594. &#8211; M1594&nbsp;&nbsp;&nbsp;M\u00e5l: 57,5 x 38,9 cm&nbsp;&nbsp;Vintage kort er gode gaver eller dekorationer, fordi de er us\u00e6dvanlige og tilf\u00f8jer en f\u00f8lelse af historie til et rum. De kan ogs\u00e5 minde nogen om tidligere rejser eller inspirere til fremtidige rejseplaner. Desuden har de ofte attraktive designs og kan betragtes som kunstv\u00e6rker.&nbsp;Dette genoptryk af et historisk kort af Petrus Plancius (1552-1622) fra 1594 er et dekorativt stykke, der er sv\u00e6rt at komme forbi. Verdenskortet Orbis Terrarum Typus De Integro Multis In Locis Emendatus er en fryd for \u00f8jet. Kortet er fyldt med farver, information og allegoriske figurer og indbyder til gentagen studering. Genoptrykket er udarbejdet med st\u00f8rste omhu for at ligne det originale kort. Papirets tekstur og farve er beregnet til at gengive det materiale, som originalerne blev trykt p\u00e5. Petrus Plancius&#8217; kort har stor geografisk v\u00e6rdi for sin tid \u2013 takket v\u00e6re hans bekendtskab i Det Nederlandske Ostindiske Kompagni kortlagde Plancius Arktis og Fjern\u00f8sten. Kortet indeholder ogs\u00e5 et fors\u00f8g p\u00e5 at kortl\u00e6gge Nordvestpassagen \u2013 Plancius fulgte Willem Barents&#8217; tre ekspeditioner i omr\u00e5det.&nbsp;&nbsp;<\/p>\n","protected":false},"excerpt":{"rendered":"<p>Gammelt verdenskort &#8211; Orbis Terrarum genoptryk &#8211; P. Plancius, 1594. &#8211; M1594&nbsp;&nbsp;&nbsp;M\u00e5l: 57,5 x 38,9 cm&nbsp;&nbsp;Vintage kort er gode gaver eller dekorationer, fordi de er us\u00e6dvanlige og tilf\u00f8jer en f\u00f8lelse af historie til et rum. De kan ogs\u00e5 minde nogen om tidligere rejser eller inspirere til fremtidige rejseplaner. Desuden har de ofte attraktive designs og [&hellip;]<\/p>\n","protected":false},"featured_media":44892,"comment_status":"open","ping_status":"closed","template":"","meta":[],"product_brand":[],"product_cat":[31],"product_tag":[],"class_list":{"0":"post-27108","1":"product","2":"type-product","3":"status-publish","4":"has-post-thumbnail","6":"product_cat-uncategorized-da","8":"first","9":"instock","10":"shipping-taxable","11":"purchasable","12":"product-type-simple"},"_links":{"self":[{"href":"https:\/\/nordicmart.andreevmaster.com\/da\/wp-json\/wp\/v2\/product\/27108","targetHints":{"allow":["GET"]}}],"collection":[{"href":"https:\/\/nordicmart.andreevmaster.com\/da\/wp-json\/wp\/v2\/product"}],"about":[{"href":"https:\/\/nordicmart.andreevmaster.com\/da\/wp-json\/wp\/v2\/types\/product"}],"replies":[{"embeddable":true,"href":"https:\/\/nordicmart.andreevmaster.com\/da\/wp-json\/wp\/v2\/comments?post=27108"}],"wp:featuredmedia":[{"embeddable":true,"href":"https:\/\/nordicmart.andreevmaster.com\/da\/wp-json\/wp\/v2\/media\/44892"}],"wp:attachment":[{"href":"https:\/\/nordicmart.andreevmaster.com\/da\/wp-json\/wp\/v2\/media?parent=27108"}],"wp:term":[{"taxonomy":"product_brand","embeddable":true,"href":"https:\/\/nordicmart.andreevmaster.com\/da\/wp-json\/wp\/v2\/product_brand?post=27108"},{"taxonomy":"product_cat","embeddable":true,"href":"https:\/\/nordicmart.andreevmaster.com\/da\/wp-json\/wp\/v2\/product_cat?post=27108"},{"taxonomy":"product_tag","embeddable":true,"href":"https:\/\/nordicmart.andreevmaster.com\/da\/wp-json\/wp\/v2\/product_tag?post=27108"}],"curies":[{"name":"wp","href":"https:\/\/api.w.org\/{rel}","templated":true}]}}