{"id":27107,"date":"2026-02-27T00:35:28","date_gmt":"2026-02-27T00:35:28","guid":{"rendered":"https:\/\/nordicmart.andreevmaster.com\/product\/themis-figur-gave-til-en-advokat-mc-90037\/"},"modified":"2026-02-27T09:14:22","modified_gmt":"2026-02-27T09:14:22","slug":"themis-figur-gave-til-en-advokat-mc-90037","status":"publish","type":"product","link":"https:\/\/nordicmart.andreevmaster.com\/da\/vare\/themis-figur-gave-til-en-advokat-mc-90037\/","title":{"rendered":"Themis-figur &#8211; Gave til en advokat &#8211; MC-90037"},"content":{"rendered":"<p>Themis-figur &#8211; Gave til en advokat &#8211; MC-90037&nbsp;&nbsp;&nbsp;Themis &#8211; et symbol p\u00e5 lov og retf\u00e6rdighed. If\u00f8lge gr\u00e6sk mytologi var Themis gudinde og personificering af retf\u00e6rdighed, lov og evig orden. Den karakteristiske blindfold for Themis&#8217; \u00f8jne er et symbol p\u00e5 upartiskhed. Themis afbildes ogs\u00e5 med tre andre attributter: en v\u00e6gt, hvorp\u00e5 hun vejer de d\u00f8mtes gode og d\u00e5rlige gerninger, et sv\u00e6rd, der symboliserer \u00f8nsket om at afslutte striden og beskytte gudinden selv, og en slange under hendes f\u00f8dder, der afspejler sejren over det onde.&nbsp;Figurinen er lavet af harpiks-konglomerat og dekoreret i gyldne farver. Themis er et af de mest popul\u00e6re symboler i den juridiske verden. Figuren af gudinden er en fantastisk gave til en advokat og en dommer. Den er en perfekt dekoration til et advokatkontor eller en dommers kontor.&nbsp;&nbsp;&nbsp;Produktinformation:&nbsp;Materiale: polyresin (harpikskonglomerat)Farve: guldDimensioner: h\u00f8jde 35 cm&nbsp;&nbsp;<\/p>\n","protected":false},"excerpt":{"rendered":"<p>Themis-figur &#8211; Gave til en advokat &#8211; MC-90037&nbsp;&nbsp;&nbsp;Themis &#8211; et symbol p\u00e5 lov og retf\u00e6rdighed. If\u00f8lge gr\u00e6sk mytologi var Themis gudinde og personificering af retf\u00e6rdighed, lov og evig orden. Den karakteristiske blindfold for Themis&#8217; \u00f8jne er et symbol p\u00e5 upartiskhed. Themis afbildes ogs\u00e5 med tre andre attributter: en v\u00e6gt, hvorp\u00e5 hun vejer de d\u00f8mtes gode [&hellip;]<\/p>\n","protected":false},"featured_media":44891,"comment_status":"open","ping_status":"closed","template":"","meta":[],"product_brand":[],"product_cat":[31],"product_tag":[],"class_list":{"0":"post-27107","1":"product","2":"type-product","3":"status-publish","4":"has-post-thumbnail","6":"product_cat-uncategorized-da","8":"first","9":"instock","10":"shipping-taxable","11":"purchasable","12":"product-type-simple"},"_links":{"self":[{"href":"https:\/\/nordicmart.andreevmaster.com\/da\/wp-json\/wp\/v2\/product\/27107","targetHints":{"allow":["GET"]}}],"collection":[{"href":"https:\/\/nordicmart.andreevmaster.com\/da\/wp-json\/wp\/v2\/product"}],"about":[{"href":"https:\/\/nordicmart.andreevmaster.com\/da\/wp-json\/wp\/v2\/types\/product"}],"replies":[{"embeddable":true,"href":"https:\/\/nordicmart.andreevmaster.com\/da\/wp-json\/wp\/v2\/comments?post=27107"}],"wp:featuredmedia":[{"embeddable":true,"href":"https:\/\/nordicmart.andreevmaster.com\/da\/wp-json\/wp\/v2\/media\/44891"}],"wp:attachment":[{"href":"https:\/\/nordicmart.andreevmaster.com\/da\/wp-json\/wp\/v2\/media?parent=27107"}],"wp:term":[{"taxonomy":"product_brand","embeddable":true,"href":"https:\/\/nordicmart.andreevmaster.com\/da\/wp-json\/wp\/v2\/product_brand?post=27107"},{"taxonomy":"product_cat","embeddable":true,"href":"https:\/\/nordicmart.andreevmaster.com\/da\/wp-json\/wp\/v2\/product_cat?post=27107"},{"taxonomy":"product_tag","embeddable":true,"href":"https:\/\/nordicmart.andreevmaster.com\/da\/wp-json\/wp\/v2\/product_tag?post=27107"}],"curies":[{"name":"wp","href":"https:\/\/api.w.org\/{rel}","templated":true}]}}