{"id":27106,"date":"2026-02-27T00:35:28","date_gmt":"2026-02-27T00:35:28","guid":{"rendered":"https:\/\/nordicmart.andreevmaster.com\/product\/messingkompas-h40\/"},"modified":"2026-02-27T09:14:22","modified_gmt":"2026-02-27T09:14:22","slug":"messingkompas-h40","status":"publish","type":"product","link":"https:\/\/nordicmart.andreevmaster.com\/da\/vare\/messingkompas-h40\/","title":{"rendered":"Messingkompas &#8211; H40"},"content":{"rendered":"<p>Messingkompas &#8211; H40&nbsp;&nbsp;Nautiske kompasser blev brugt i det 16. \u00e5rhundrede. Deres rolle under de store geografiske opdagelser kan ikke overvurderes. De bidrog til udviklingen af navigation og kartografi. &nbsp;Den nuv\u00e6rende model er en kombination af et kompas og et solur. Takket v\u00e6re gnomonen p\u00e5 kompasskiven kan vi nemt bestemme soltiden. For at foretage en m\u00e5ling skal instrumentet placeres p\u00e5 en plan overflade, hvor man undg\u00e5r magnetisk interferens, der kan p\u00e5virke enhedens funktion. Gnomonen angiver nordretningen og kaster en skygge p\u00e5 den aktuelle soltid.&nbsp;Solkompasset er fremstillet med sans for detaljer og har rige ren\u00e6ssanceornamenter. Det er en sofistikeret gave til rejsende og elskere af vintage-stil. &nbsp;Kompasset er pakket i en elegant gave\u00e6ske med et st\u00f8bt etui. &nbsp;&nbsp;Produktinformation:&nbsp;&nbsp;Materiale: messing, znal, glas.Dimensioner: 4,5 cm, diameter 8,5 cmFarve: messingSkivefarve: nuancer af beige, r\u00f8d, gr\u00f8n og bl\u00e5Dekoreret, \u00e6ldet skiveL\u00e5g med rig dekorationRenaissance-stil &nbsp;<\/p>\n","protected":false},"excerpt":{"rendered":"<p>Messingkompas &#8211; H40&nbsp;&nbsp;Nautiske kompasser blev brugt i det 16. \u00e5rhundrede. Deres rolle under de store geografiske opdagelser kan ikke overvurderes. De bidrog til udviklingen af navigation og kartografi. &nbsp;Den nuv\u00e6rende model er en kombination af et kompas og et solur. Takket v\u00e6re gnomonen p\u00e5 kompasskiven kan vi nemt bestemme soltiden. For at foretage en m\u00e5ling [&hellip;]<\/p>\n","protected":false},"featured_media":44890,"comment_status":"open","ping_status":"closed","template":"","meta":[],"product_brand":[],"product_cat":[31],"product_tag":[],"class_list":{"0":"post-27106","1":"product","2":"type-product","3":"status-publish","4":"has-post-thumbnail","6":"product_cat-uncategorized-da","8":"first","9":"instock","10":"shipping-taxable","11":"purchasable","12":"product-type-simple"},"_links":{"self":[{"href":"https:\/\/nordicmart.andreevmaster.com\/da\/wp-json\/wp\/v2\/product\/27106","targetHints":{"allow":["GET"]}}],"collection":[{"href":"https:\/\/nordicmart.andreevmaster.com\/da\/wp-json\/wp\/v2\/product"}],"about":[{"href":"https:\/\/nordicmart.andreevmaster.com\/da\/wp-json\/wp\/v2\/types\/product"}],"replies":[{"embeddable":true,"href":"https:\/\/nordicmart.andreevmaster.com\/da\/wp-json\/wp\/v2\/comments?post=27106"}],"wp:featuredmedia":[{"embeddable":true,"href":"https:\/\/nordicmart.andreevmaster.com\/da\/wp-json\/wp\/v2\/media\/44890"}],"wp:attachment":[{"href":"https:\/\/nordicmart.andreevmaster.com\/da\/wp-json\/wp\/v2\/media?parent=27106"}],"wp:term":[{"taxonomy":"product_brand","embeddable":true,"href":"https:\/\/nordicmart.andreevmaster.com\/da\/wp-json\/wp\/v2\/product_brand?post=27106"},{"taxonomy":"product_cat","embeddable":true,"href":"https:\/\/nordicmart.andreevmaster.com\/da\/wp-json\/wp\/v2\/product_cat?post=27106"},{"taxonomy":"product_tag","embeddable":true,"href":"https:\/\/nordicmart.andreevmaster.com\/da\/wp-json\/wp\/v2\/product_tag?post=27106"}],"curies":[{"name":"wp","href":"https:\/\/api.w.org\/{rel}","templated":true}]}}