{"id":27105,"date":"2026-02-27T00:35:28","date_gmt":"2026-02-27T00:35:28","guid":{"rendered":"https:\/\/nordicmart.andreevmaster.com\/product\/metal-kompas-noglering-nc2050\/"},"modified":"2026-02-27T09:14:22","modified_gmt":"2026-02-27T09:14:22","slug":"metal-kompas-noglering-nc2050","status":"publish","type":"product","link":"https:\/\/nordicmart.andreevmaster.com\/da\/vare\/metal-kompas-noglering-nc2050\/","title":{"rendered":"Metal kompas n\u00f8glering NC2050"},"content":{"rendered":"<p>Metal kompas n\u00f8glering NC2050&nbsp;&nbsp;&nbsp;Metal kompas n\u00f8gleringen er et nyttigt gadget for spejdere, rejsende og bushcraft-entusiaster. Kompasset hj\u00e6lper med navigation ved at angive nord. Det kan fastg\u00f8res til n\u00f8gler eller en rygs\u00e6k, s\u00e5 du altid har det med p\u00e5 store og sm\u00e5 ture.&nbsp;Kompasset er lavet af messing. Sort kompasskive. &nbsp;&nbsp;Produktinformation:&nbsp;Materiale: messing, glasFastg\u00f8relse: alpine clubFarve: guld, sortDimensioner: diameter &#8211; 3,5 cm&nbsp;<\/p>\n","protected":false},"excerpt":{"rendered":"<p>Metal kompas n\u00f8glering NC2050&nbsp;&nbsp;&nbsp;Metal kompas n\u00f8gleringen er et nyttigt gadget for spejdere, rejsende og bushcraft-entusiaster. Kompasset hj\u00e6lper med navigation ved at angive nord. Det kan fastg\u00f8res til n\u00f8gler eller en rygs\u00e6k, s\u00e5 du altid har det med p\u00e5 store og sm\u00e5 ture.&nbsp;Kompasset er lavet af messing. Sort kompasskive. &nbsp;&nbsp;Produktinformation:&nbsp;Materiale: messing, glasFastg\u00f8relse: alpine clubFarve: guld, sortDimensioner: [&hellip;]<\/p>\n","protected":false},"featured_media":44889,"comment_status":"open","ping_status":"closed","template":"","meta":[],"product_brand":[],"product_cat":[31],"product_tag":[],"class_list":{"0":"post-27105","1":"product","2":"type-product","3":"status-publish","4":"has-post-thumbnail","6":"product_cat-uncategorized-da","8":"first","9":"instock","10":"shipping-taxable","11":"purchasable","12":"product-type-simple"},"_links":{"self":[{"href":"https:\/\/nordicmart.andreevmaster.com\/da\/wp-json\/wp\/v2\/product\/27105","targetHints":{"allow":["GET"]}}],"collection":[{"href":"https:\/\/nordicmart.andreevmaster.com\/da\/wp-json\/wp\/v2\/product"}],"about":[{"href":"https:\/\/nordicmart.andreevmaster.com\/da\/wp-json\/wp\/v2\/types\/product"}],"replies":[{"embeddable":true,"href":"https:\/\/nordicmart.andreevmaster.com\/da\/wp-json\/wp\/v2\/comments?post=27105"}],"wp:featuredmedia":[{"embeddable":true,"href":"https:\/\/nordicmart.andreevmaster.com\/da\/wp-json\/wp\/v2\/media\/44889"}],"wp:attachment":[{"href":"https:\/\/nordicmart.andreevmaster.com\/da\/wp-json\/wp\/v2\/media?parent=27105"}],"wp:term":[{"taxonomy":"product_brand","embeddable":true,"href":"https:\/\/nordicmart.andreevmaster.com\/da\/wp-json\/wp\/v2\/product_brand?post=27105"},{"taxonomy":"product_cat","embeddable":true,"href":"https:\/\/nordicmart.andreevmaster.com\/da\/wp-json\/wp\/v2\/product_cat?post=27105"},{"taxonomy":"product_tag","embeddable":true,"href":"https:\/\/nordicmart.andreevmaster.com\/da\/wp-json\/wp\/v2\/product_tag?post=27105"}],"curies":[{"name":"wp","href":"https:\/\/api.w.org\/{rel}","templated":true}]}}