{"id":27103,"date":"2026-02-27T00:35:27","date_gmt":"2026-02-27T00:35:27","guid":{"rendered":"https:\/\/nordicmart.andreevmaster.com\/product\/messingklokke-hb70-3\/"},"modified":"2026-02-27T09:14:21","modified_gmt":"2026-02-27T09:14:21","slug":"messingklokke-hb70-3","status":"publish","type":"product","link":"https:\/\/nordicmart.andreevmaster.com\/da\/vare\/messingklokke-hb70-3\/","title":{"rendered":"Messingklokke HB70\/3"},"content":{"rendered":"<p>Messingh\u00e5ndklokke med tr\u00e6h\u00e5ndtag \u2013 retrostil \u2013 HB70\/3&nbsp;&nbsp;Messingh\u00e5ndklokke med tr\u00e6h\u00e5ndtag, designet i klassisk retrostil. Den traditionelle form fremkalder en \u00e6stetik fra kolonitiden, hvilket g\u00f8r den velegnet som dekorativt accent eller funktionelt redskab til forskellige kommercielle og tematiske omgivelser. Frembringer en klar, h\u00f8j lyd.&nbsp;&nbsp;Produktinformation:&nbsp;Materialer: messing, tr\u00e6Diameter: 7,5 cmFarve: guld, brunStil: retro, vintage, kolonitidLyd: h\u00f8j og resonant&nbsp;Perfekt som:&nbsp;Et dekorativt element i vintage-, rustikke eller koloniale interi\u00f8rer En rekvisit til teaterproduktioner, film eller begivenheder Et funktionelt tilbeh\u00f8r til restauranter, hoteller eller receptioner En gave til samlere eller entusiaster af historiske genstande&nbsp;<\/p>\n","protected":false},"excerpt":{"rendered":"<p>Messingh\u00e5ndklokke med tr\u00e6h\u00e5ndtag \u2013 retrostil \u2013 HB70\/3&nbsp;&nbsp;Messingh\u00e5ndklokke med tr\u00e6h\u00e5ndtag, designet i klassisk retrostil. Den traditionelle form fremkalder en \u00e6stetik fra kolonitiden, hvilket g\u00f8r den velegnet som dekorativt accent eller funktionelt redskab til forskellige kommercielle og tematiske omgivelser. Frembringer en klar, h\u00f8j lyd.&nbsp;&nbsp;Produktinformation:&nbsp;Materialer: messing, tr\u00e6Diameter: 7,5 cmFarve: guld, brunStil: retro, vintage, kolonitidLyd: h\u00f8j og resonant&nbsp;Perfekt som:&nbsp;Et [&hellip;]<\/p>\n","protected":false},"featured_media":44887,"comment_status":"open","ping_status":"closed","template":"","meta":[],"product_brand":[],"product_cat":[31],"product_tag":[],"class_list":{"0":"post-27103","1":"product","2":"type-product","3":"status-publish","4":"has-post-thumbnail","6":"product_cat-uncategorized-da","8":"first","9":"instock","10":"shipping-taxable","11":"purchasable","12":"product-type-simple"},"_links":{"self":[{"href":"https:\/\/nordicmart.andreevmaster.com\/da\/wp-json\/wp\/v2\/product\/27103","targetHints":{"allow":["GET"]}}],"collection":[{"href":"https:\/\/nordicmart.andreevmaster.com\/da\/wp-json\/wp\/v2\/product"}],"about":[{"href":"https:\/\/nordicmart.andreevmaster.com\/da\/wp-json\/wp\/v2\/types\/product"}],"replies":[{"embeddable":true,"href":"https:\/\/nordicmart.andreevmaster.com\/da\/wp-json\/wp\/v2\/comments?post=27103"}],"wp:featuredmedia":[{"embeddable":true,"href":"https:\/\/nordicmart.andreevmaster.com\/da\/wp-json\/wp\/v2\/media\/44887"}],"wp:attachment":[{"href":"https:\/\/nordicmart.andreevmaster.com\/da\/wp-json\/wp\/v2\/media?parent=27103"}],"wp:term":[{"taxonomy":"product_brand","embeddable":true,"href":"https:\/\/nordicmart.andreevmaster.com\/da\/wp-json\/wp\/v2\/product_brand?post=27103"},{"taxonomy":"product_cat","embeddable":true,"href":"https:\/\/nordicmart.andreevmaster.com\/da\/wp-json\/wp\/v2\/product_cat?post=27103"},{"taxonomy":"product_tag","embeddable":true,"href":"https:\/\/nordicmart.andreevmaster.com\/da\/wp-json\/wp\/v2\/product_tag?post=27103"}],"curies":[{"name":"wp","href":"https:\/\/api.w.org\/{rel}","templated":true}]}}