{"id":27102,"date":"2026-02-27T00:35:27","date_gmt":"2026-02-27T00:35:27","guid":{"rendered":"https:\/\/nordicmart.andreevmaster.com\/product\/messingkompas-i-traekasse-c35a\/"},"modified":"2026-02-27T09:14:21","modified_gmt":"2026-02-27T09:14:21","slug":"messingkompas-i-traekasse-c35a","status":"publish","type":"product","link":"https:\/\/nordicmart.andreevmaster.com\/da\/vare\/messingkompas-i-traekasse-c35a\/","title":{"rendered":"Messingkompas i tr\u00e6kasse &#8211; C35A"},"content":{"rendered":"<p>Messingkompas i tr\u00e6kasse &#8211; C35A<\/p>\n<p>Et elegant messingkompas i en tr\u00e6kasse er en god gaveid\u00e9 til elskere af maritime omgivelser.<\/p>\n<p>Kompassets m\u00e5l:<br \/>\nDiameter 7,5 cm<br \/>\nH\u00f8jde 1,5 cm<\/p>\n<p>\u00c6skens m\u00e5l:<br \/>\n10 x 10 x 6 cm<\/p>\n","protected":false},"excerpt":{"rendered":"<p>Messingkompas i tr\u00e6kasse &#8211; C35A Et elegant messingkompas i en tr\u00e6kasse er en god gaveid\u00e9 til elskere af maritime omgivelser. Kompassets m\u00e5l: Diameter 7,5 cm H\u00f8jde 1,5 cm \u00c6skens m\u00e5l: 10 x 10 x 6 cm<\/p>\n","protected":false},"featured_media":44886,"comment_status":"open","ping_status":"closed","template":"","meta":[],"product_brand":[],"product_cat":[31],"product_tag":[],"class_list":{"0":"post-27102","1":"product","2":"type-product","3":"status-publish","4":"has-post-thumbnail","6":"product_cat-uncategorized-da","8":"first","9":"instock","10":"shipping-taxable","11":"purchasable","12":"product-type-simple"},"_links":{"self":[{"href":"https:\/\/nordicmart.andreevmaster.com\/da\/wp-json\/wp\/v2\/product\/27102","targetHints":{"allow":["GET"]}}],"collection":[{"href":"https:\/\/nordicmart.andreevmaster.com\/da\/wp-json\/wp\/v2\/product"}],"about":[{"href":"https:\/\/nordicmart.andreevmaster.com\/da\/wp-json\/wp\/v2\/types\/product"}],"replies":[{"embeddable":true,"href":"https:\/\/nordicmart.andreevmaster.com\/da\/wp-json\/wp\/v2\/comments?post=27102"}],"wp:featuredmedia":[{"embeddable":true,"href":"https:\/\/nordicmart.andreevmaster.com\/da\/wp-json\/wp\/v2\/media\/44886"}],"wp:attachment":[{"href":"https:\/\/nordicmart.andreevmaster.com\/da\/wp-json\/wp\/v2\/media?parent=27102"}],"wp:term":[{"taxonomy":"product_brand","embeddable":true,"href":"https:\/\/nordicmart.andreevmaster.com\/da\/wp-json\/wp\/v2\/product_brand?post=27102"},{"taxonomy":"product_cat","embeddable":true,"href":"https:\/\/nordicmart.andreevmaster.com\/da\/wp-json\/wp\/v2\/product_cat?post=27102"},{"taxonomy":"product_tag","embeddable":true,"href":"https:\/\/nordicmart.andreevmaster.com\/da\/wp-json\/wp\/v2\/product_tag?post=27102"}],"curies":[{"name":"wp","href":"https:\/\/api.w.org\/{rel}","templated":true}]}}