{"id":27101,"date":"2026-02-27T00:35:27","date_gmt":"2026-02-27T00:35:27","guid":{"rendered":"https:\/\/nordicmart.andreevmaster.com\/product\/mini-guitar-rolling-stones-uktongue-mgt-2301b-2\/"},"modified":"2026-02-27T09:14:21","modified_gmt":"2026-02-27T09:14:21","slug":"mini-guitar-rolling-stones-uktongue-mgt-2301b-2","status":"publish","type":"product","link":"https:\/\/nordicmart.andreevmaster.com\/da\/vare\/mini-guitar-rolling-stones-uktongue-mgt-2301b-2\/","title":{"rendered":"Mini Guitar Rolling Stones UK&#038;Tongue MGT-2301B"},"content":{"rendered":"<p>Mini Guitar Rolling Stones UK&#038;Tongue MGT-2301B&nbsp;En mini-guitar inspireret af Keith Richards fra et af historiens mest popul\u00e6re rockbands \u2013 The Rolling Stones \u2013 er et musikalsk gadget, der vil stj\u00e6le hjerterne hos fans af dette legendariske britiske band. Guitaren er en fantastisk gave til en fan af Stones, en elsker af rockklassikere og en guitarist.&nbsp;Miniaturegitaren er h\u00e5ndlavet af mahogni i skalaen 1:4. Dette er et samlerobjekt. Guitaren er ikke et leget\u00f8j. Kan ikke spilles p\u00e5.&nbsp;Rolling Stones UK&#038;Tongue Mini Guitar MGT-2301B specifikationer:&nbsp;&bull; M\u00e5l: H. 27,5 cm x B. 9 cm x D. 0,8 cm&bull; Skala: 1:4&bull; Materiale: mahogni&bull; Farve: flerfarvet&bull; S\u00e6ttet indeholder et plastik-metalstativ til at placere guitaren p\u00e5&nbsp;Rolling Stones UK&#038;Tongue MGT-2301B mini-guitaren er perfekt som:&nbsp;&bull; En gave til en Stones-fan&bull; En gadget til guitarvirtuosen&bull; En gave til en musikelsker&bull; En gave til en Keith Richards-fan&nbsp;OBS! S\u00e6lgeren er p\u00e5 ingen m\u00e5de tilknyttet producenterne af \u00e6gte instrumenter eller individuelle kunstnere. Navnene p\u00e5 modellerne eller kunstnerne er eksempler. Ber\u00f8mte navne tjener kun til at vise en bestemt musikstil. Ingen af instrumenterne er en n\u00f8jagtig kopi med hensyn til proportioner, st\u00f8rrelse og design.&nbsp;<\/p>\n","protected":false},"excerpt":{"rendered":"<p>Mini Guitar Rolling Stones UK&#038;Tongue MGT-2301B&nbsp;En mini-guitar inspireret af Keith Richards fra et af historiens mest popul\u00e6re rockbands \u2013 The Rolling Stones \u2013 er et musikalsk gadget, der vil stj\u00e6le hjerterne hos fans af dette legendariske britiske band. Guitaren er en fantastisk gave til en fan af Stones, en elsker af rockklassikere og en guitarist.&nbsp;Miniaturegitaren [&hellip;]<\/p>\n","protected":false},"featured_media":44885,"comment_status":"open","ping_status":"closed","template":"","meta":[],"product_brand":[],"product_cat":[31],"product_tag":[],"class_list":{"0":"post-27101","1":"product","2":"type-product","3":"status-publish","4":"has-post-thumbnail","6":"product_cat-uncategorized-da","8":"first","9":"instock","10":"shipping-taxable","11":"purchasable","12":"product-type-simple"},"_links":{"self":[{"href":"https:\/\/nordicmart.andreevmaster.com\/da\/wp-json\/wp\/v2\/product\/27101","targetHints":{"allow":["GET"]}}],"collection":[{"href":"https:\/\/nordicmart.andreevmaster.com\/da\/wp-json\/wp\/v2\/product"}],"about":[{"href":"https:\/\/nordicmart.andreevmaster.com\/da\/wp-json\/wp\/v2\/types\/product"}],"replies":[{"embeddable":true,"href":"https:\/\/nordicmart.andreevmaster.com\/da\/wp-json\/wp\/v2\/comments?post=27101"}],"wp:featuredmedia":[{"embeddable":true,"href":"https:\/\/nordicmart.andreevmaster.com\/da\/wp-json\/wp\/v2\/media\/44885"}],"wp:attachment":[{"href":"https:\/\/nordicmart.andreevmaster.com\/da\/wp-json\/wp\/v2\/media?parent=27101"}],"wp:term":[{"taxonomy":"product_brand","embeddable":true,"href":"https:\/\/nordicmart.andreevmaster.com\/da\/wp-json\/wp\/v2\/product_brand?post=27101"},{"taxonomy":"product_cat","embeddable":true,"href":"https:\/\/nordicmart.andreevmaster.com\/da\/wp-json\/wp\/v2\/product_cat?post=27101"},{"taxonomy":"product_tag","embeddable":true,"href":"https:\/\/nordicmart.andreevmaster.com\/da\/wp-json\/wp\/v2\/product_tag?post=27101"}],"curies":[{"name":"wp","href":"https:\/\/api.w.org\/{rel}","templated":true}]}}