{"id":27099,"date":"2026-02-27T00:35:26","date_gmt":"2026-02-27T00:35:26","guid":{"rendered":"https:\/\/nordicmart.andreevmaster.com\/product\/elegant-pen-og-lommeregner-i-traekasse-g133h\/"},"modified":"2026-02-27T09:14:21","modified_gmt":"2026-02-27T09:14:21","slug":"elegant-pen-og-lommeregner-i-traekasse-g133h","status":"publish","type":"product","link":"https:\/\/nordicmart.andreevmaster.com\/da\/vare\/elegant-pen-og-lommeregner-i-traekasse-g133h\/","title":{"rendered":"Elegant pen og lommeregner i tr\u00e6kasse | G133H"},"content":{"rendered":"<p>Elegant pen og lommeregner i tr\u00e6kasse | G133H&nbsp;Vi pr\u00e6senterer et elegant s\u00e6t, der indeholder: en pen og en lommeregner i en smuk tr\u00e6kasse med cremefarvet indl\u00e6g. Kassens top er halvcirkelformet, hvilket giver dette s\u00e6t et unikt pr\u00e6g.&nbsp;M\u00e5l: &nbsp;210 x 120 x 40 mm&nbsp;&nbsp;En fantastisk gave! Perfekt til skrivebordet hos din chef eller en, du holder af.&nbsp;<\/p>\n","protected":false},"excerpt":{"rendered":"<p>Elegant pen og lommeregner i tr\u00e6kasse | G133H&nbsp;Vi pr\u00e6senterer et elegant s\u00e6t, der indeholder: en pen og en lommeregner i en smuk tr\u00e6kasse med cremefarvet indl\u00e6g. Kassens top er halvcirkelformet, hvilket giver dette s\u00e6t et unikt pr\u00e6g.&nbsp;M\u00e5l: &nbsp;210 x 120 x 40 mm&nbsp;&nbsp;En fantastisk gave! Perfekt til skrivebordet hos din chef eller en, du holder [&hellip;]<\/p>\n","protected":false},"featured_media":44883,"comment_status":"open","ping_status":"closed","template":"","meta":[],"product_brand":[],"product_cat":[31],"product_tag":[],"class_list":{"0":"post-27099","1":"product","2":"type-product","3":"status-publish","4":"has-post-thumbnail","6":"product_cat-uncategorized-da","8":"first","9":"instock","10":"shipping-taxable","11":"purchasable","12":"product-type-simple"},"_links":{"self":[{"href":"https:\/\/nordicmart.andreevmaster.com\/da\/wp-json\/wp\/v2\/product\/27099","targetHints":{"allow":["GET"]}}],"collection":[{"href":"https:\/\/nordicmart.andreevmaster.com\/da\/wp-json\/wp\/v2\/product"}],"about":[{"href":"https:\/\/nordicmart.andreevmaster.com\/da\/wp-json\/wp\/v2\/types\/product"}],"replies":[{"embeddable":true,"href":"https:\/\/nordicmart.andreevmaster.com\/da\/wp-json\/wp\/v2\/comments?post=27099"}],"wp:featuredmedia":[{"embeddable":true,"href":"https:\/\/nordicmart.andreevmaster.com\/da\/wp-json\/wp\/v2\/media\/44883"}],"wp:attachment":[{"href":"https:\/\/nordicmart.andreevmaster.com\/da\/wp-json\/wp\/v2\/media?parent=27099"}],"wp:term":[{"taxonomy":"product_brand","embeddable":true,"href":"https:\/\/nordicmart.andreevmaster.com\/da\/wp-json\/wp\/v2\/product_brand?post=27099"},{"taxonomy":"product_cat","embeddable":true,"href":"https:\/\/nordicmart.andreevmaster.com\/da\/wp-json\/wp\/v2\/product_cat?post=27099"},{"taxonomy":"product_tag","embeddable":true,"href":"https:\/\/nordicmart.andreevmaster.com\/da\/wp-json\/wp\/v2\/product_tag?post=27099"}],"curies":[{"name":"wp","href":"https:\/\/api.w.org\/{rel}","templated":true}]}}