{"id":27098,"date":"2026-02-27T00:35:26","date_gmt":"2026-02-27T00:35:26","guid":{"rendered":"https:\/\/nordicmart.andreevmaster.com\/product\/eksklusivt-messing-skakspil-staunton-28-x-28-cm-s32bla\/"},"modified":"2026-02-27T09:14:20","modified_gmt":"2026-02-27T09:14:20","slug":"eksklusivt-messing-skakspil-staunton-28-x-28-cm-s32bla","status":"publish","type":"product","link":"https:\/\/nordicmart.andreevmaster.com\/da\/vare\/eksklusivt-messing-skakspil-staunton-28-x-28-cm-s32bla\/","title":{"rendered":"Eksklusivt messing-skakspil \u2013 Staunton \u2013 28 x 28 cm \u2013 S32BLA"},"content":{"rendered":"<p>Eksklusivt Staunton-skakspil 28 x 28 cm&nbsp;&nbsp;Produktinformation:&nbsp;Figurer og skakbr\u00e6t \u2013 messingSkakbr\u00e6ttets m\u00e5l: 28 x 28 cmKongens h\u00f8jde: &nbsp;5 cmS\u00e6ttets v\u00e6gt: 3,2 kgFarver: hvidt og sort skakbr\u00e6t, guldkant \u2013 h\u00e5ndmaletGuld- og s\u00f8lvfigurer&nbsp;Sir Howard Staunton blev betragtet som en af verdens bedste skakspillere i det 19. \u00e5rhundrede. Han var uofficiel verdensmester fra 1843 til 1851 og besk\u00e6ftigede sig ikke kun med det praktiske skakspil. Han var ogs\u00e5 organisator af skaklivet, journalist og forfatter af skakmanualer, en anerkendt teoretiker inden for skakspillet og skaberen af reglerne for selve spillet og den m\u00e5de, det spilles p\u00e5. Fra 1845 redigerede han en skakspalte i avisen Illustrated London News i de n\u00e6ste 29 \u00e5r og blev verdens mest indflydelsesrige skakspaltist. I 1847 udgav han Chess-Player&#8217;s Handbook, den mest ber\u00f8mte af hans skakbogserier. I 1849 underskrev Staunton et s\u00e6t skakbrikker, designet af Nathaniel Cook og fremstillet af John Jaques. Han anbefalede brikkerne i sin skakavis. Deres form er blevet det mest popul\u00e6re m\u00f8nster for skakbrikker i verden og bruges stadig i dag ved de fleste skakturneringer. H\u00e5ndlavet i h\u00f8jeste kvalitet. Skakbrikkerne er pakket i en smuk, luksuri\u00f8s tr\u00e6kasse. Inde i kassen er der en omhyggeligt udformet form til at arrangere og opbevare brikkerne sikkert. Kassen er beskyttet af en dekorativ sort og guldfarvet papkasse. Et produkt af h\u00f8jeste eksklusivitet, en smuk gave. En gave til en skakspiller, et smukt dekorativt stykke. Fremstillet i Gr\u00e6kenland af det ber\u00f8mte firma Manopoulos med \u00e5rtiers tradition for fremstilling. Manopoulos skakbrikker er anerkendt verden over som sm\u00e5 kunstv\u00e6rker. &nbsp;<\/p>\n","protected":false},"excerpt":{"rendered":"<p>Eksklusivt Staunton-skakspil 28 x 28 cm&nbsp;&nbsp;Produktinformation:&nbsp;Figurer og skakbr\u00e6t \u2013 messingSkakbr\u00e6ttets m\u00e5l: 28 x 28 cmKongens h\u00f8jde: &nbsp;5 cmS\u00e6ttets v\u00e6gt: 3,2 kgFarver: hvidt og sort skakbr\u00e6t, guldkant \u2013 h\u00e5ndmaletGuld- og s\u00f8lvfigurer&nbsp;Sir Howard Staunton blev betragtet som en af verdens bedste skakspillere i det 19. \u00e5rhundrede. Han var uofficiel verdensmester fra 1843 til 1851 og besk\u00e6ftigede sig [&hellip;]<\/p>\n","protected":false},"featured_media":44882,"comment_status":"open","ping_status":"closed","template":"","meta":[],"product_brand":[],"product_cat":[31],"product_tag":[],"class_list":{"0":"post-27098","1":"product","2":"type-product","3":"status-publish","4":"has-post-thumbnail","6":"product_cat-uncategorized-da","8":"first","9":"instock","10":"shipping-taxable","11":"purchasable","12":"product-type-simple"},"_links":{"self":[{"href":"https:\/\/nordicmart.andreevmaster.com\/da\/wp-json\/wp\/v2\/product\/27098","targetHints":{"allow":["GET"]}}],"collection":[{"href":"https:\/\/nordicmart.andreevmaster.com\/da\/wp-json\/wp\/v2\/product"}],"about":[{"href":"https:\/\/nordicmart.andreevmaster.com\/da\/wp-json\/wp\/v2\/types\/product"}],"replies":[{"embeddable":true,"href":"https:\/\/nordicmart.andreevmaster.com\/da\/wp-json\/wp\/v2\/comments?post=27098"}],"wp:featuredmedia":[{"embeddable":true,"href":"https:\/\/nordicmart.andreevmaster.com\/da\/wp-json\/wp\/v2\/media\/44882"}],"wp:attachment":[{"href":"https:\/\/nordicmart.andreevmaster.com\/da\/wp-json\/wp\/v2\/media?parent=27098"}],"wp:term":[{"taxonomy":"product_brand","embeddable":true,"href":"https:\/\/nordicmart.andreevmaster.com\/da\/wp-json\/wp\/v2\/product_brand?post=27098"},{"taxonomy":"product_cat","embeddable":true,"href":"https:\/\/nordicmart.andreevmaster.com\/da\/wp-json\/wp\/v2\/product_cat?post=27098"},{"taxonomy":"product_tag","embeddable":true,"href":"https:\/\/nordicmart.andreevmaster.com\/da\/wp-json\/wp\/v2\/product_tag?post=27098"}],"curies":[{"name":"wp","href":"https:\/\/api.w.org\/{rel}","templated":true}]}}