{"id":27097,"date":"2026-02-27T00:35:26","date_gmt":"2026-02-27T00:35:26","guid":{"rendered":"https:\/\/nordicmart.andreevmaster.com\/product\/dekorativ-globus-i-traeramme-glb-40\/"},"modified":"2026-02-27T09:14:20","modified_gmt":"2026-02-27T09:14:20","slug":"dekorativ-globus-i-traeramme-glb-40","status":"publish","type":"product","link":"https:\/\/nordicmart.andreevmaster.com\/da\/vare\/dekorativ-globus-i-traeramme-glb-40\/","title":{"rendered":"Dekorativ globus i tr\u00e6ramme &#8211; GLB-40"},"content":{"rendered":"<p>Dekorativ globus i tr\u00e6ramme &#8211; GLB-40&nbsp;&nbsp;Original dekorativ globus i tr\u00e6ramme er et alternativ til traditionelle globusser. Globus i ramme er en interessant dekoration, der giver rummet et verdensmandigt look. Ramme og globus&#8217; afd\u00e6mpede, men varme farver passer perfekt ind i moderne rum og bidrager til deres hygge. &nbsp;Globus i tr\u00e6ramme vil appellere til fans af us\u00e6dvanligt design, rejsende og geografer. &nbsp;Denne globus vil hj\u00e6lpe dig med at planl\u00e6gge din n\u00e6ste us\u00e6dvanlige rejse til enhver ende af verden. &nbsp;&nbsp;Produktinformation:&nbsp;Materiale: plast Ramme: tr\u00e6 Kort: bl\u00e5 og gule, let d\u00e6mpede farver Geografiske navne p\u00e5 engelsk Dimensioner: Globusdiameter &#8211; 15 cm x Ramme &#8211; 24 cm&nbsp;<\/p>\n","protected":false},"excerpt":{"rendered":"<p>Dekorativ globus i tr\u00e6ramme &#8211; GLB-40&nbsp;&nbsp;Original dekorativ globus i tr\u00e6ramme er et alternativ til traditionelle globusser. Globus i ramme er en interessant dekoration, der giver rummet et verdensmandigt look. Ramme og globus&#8217; afd\u00e6mpede, men varme farver passer perfekt ind i moderne rum og bidrager til deres hygge. &nbsp;Globus i tr\u00e6ramme vil appellere til fans af [&hellip;]<\/p>\n","protected":false},"featured_media":44881,"comment_status":"open","ping_status":"closed","template":"","meta":[],"product_brand":[],"product_cat":[31],"product_tag":[],"class_list":{"0":"post-27097","1":"product","2":"type-product","3":"status-publish","4":"has-post-thumbnail","6":"product_cat-uncategorized-da","8":"first","9":"instock","10":"shipping-taxable","11":"purchasable","12":"product-type-simple"},"_links":{"self":[{"href":"https:\/\/nordicmart.andreevmaster.com\/da\/wp-json\/wp\/v2\/product\/27097","targetHints":{"allow":["GET"]}}],"collection":[{"href":"https:\/\/nordicmart.andreevmaster.com\/da\/wp-json\/wp\/v2\/product"}],"about":[{"href":"https:\/\/nordicmart.andreevmaster.com\/da\/wp-json\/wp\/v2\/types\/product"}],"replies":[{"embeddable":true,"href":"https:\/\/nordicmart.andreevmaster.com\/da\/wp-json\/wp\/v2\/comments?post=27097"}],"wp:featuredmedia":[{"embeddable":true,"href":"https:\/\/nordicmart.andreevmaster.com\/da\/wp-json\/wp\/v2\/media\/44881"}],"wp:attachment":[{"href":"https:\/\/nordicmart.andreevmaster.com\/da\/wp-json\/wp\/v2\/media?parent=27097"}],"wp:term":[{"taxonomy":"product_brand","embeddable":true,"href":"https:\/\/nordicmart.andreevmaster.com\/da\/wp-json\/wp\/v2\/product_brand?post=27097"},{"taxonomy":"product_cat","embeddable":true,"href":"https:\/\/nordicmart.andreevmaster.com\/da\/wp-json\/wp\/v2\/product_cat?post=27097"},{"taxonomy":"product_tag","embeddable":true,"href":"https:\/\/nordicmart.andreevmaster.com\/da\/wp-json\/wp\/v2\/product_tag?post=27097"}],"curies":[{"name":"wp","href":"https:\/\/api.w.org\/{rel}","templated":true}]}}