{"id":27096,"date":"2026-02-27T00:35:25","date_gmt":"2026-02-27T00:35:25","guid":{"rendered":"https:\/\/nordicmart.andreevmaster.com\/product\/voyager-dekorativ-globus-pa-marmor-og-traefod-glb-108\/"},"modified":"2026-02-27T09:14:20","modified_gmt":"2026-02-27T09:14:20","slug":"voyager-dekorativ-globus-pa-marmor-og-traefod-glb-108","status":"publish","type":"product","link":"https:\/\/nordicmart.andreevmaster.com\/da\/vare\/voyager-dekorativ-globus-pa-marmor-og-traefod-glb-108\/","title":{"rendered":"Voyager dekorativ globus p\u00e5 marmor- og tr\u00e6fod &#8211; GLB-108"},"content":{"rendered":"<p>Voyager dekorativ globus p\u00e5 marmor- og tr\u00e6fod &#8211; GLB-108&nbsp;&nbsp;Voyager dekorativ globus p\u00e5 marmor- og tr\u00e6fod tager dig med til de fjerneste hj\u00f8rner af verden. Derudover vil den smukt dekorere din lejlighed og fylde den med en globetrotter-atmosf\u00e6re. Den dekorative globus er en elegant dekoration til stuen, sovev\u00e6relset og kontoret, som b\u00f8r finde sin plads i en rejseglad persons lejlighed. &nbsp;Globussens kort med en overv\u00e6gt af hvidt (havene) st\u00e5r i perfekt kontrast til tr\u00e6elementerne i foden. Den originale ramme f\u00e5r globussen til at se elegant og \u00e6stetisk ud. &nbsp;&nbsp;Produktinformation:&nbsp;Materiale: plastKort: hvidt dominerende, farvede kontinenterGeografiske navne p\u00e5 engelsk H\u00e5ndtag: tr\u00e6Fod: marmor og tr\u00e6Dimensioner: diameter &#8211; 15 cm, foddiameter &#8211; 11 cm, h\u00f8jde &#8211; 32 cm&nbsp;<\/p>\n","protected":false},"excerpt":{"rendered":"<p>Voyager dekorativ globus p\u00e5 marmor- og tr\u00e6fod &#8211; GLB-108&nbsp;&nbsp;Voyager dekorativ globus p\u00e5 marmor- og tr\u00e6fod tager dig med til de fjerneste hj\u00f8rner af verden. Derudover vil den smukt dekorere din lejlighed og fylde den med en globetrotter-atmosf\u00e6re. Den dekorative globus er en elegant dekoration til stuen, sovev\u00e6relset og kontoret, som b\u00f8r finde sin plads i [&hellip;]<\/p>\n","protected":false},"featured_media":44880,"comment_status":"open","ping_status":"closed","template":"","meta":[],"product_brand":[],"product_cat":[31],"product_tag":[],"class_list":{"0":"post-27096","1":"product","2":"type-product","3":"status-publish","4":"has-post-thumbnail","6":"product_cat-uncategorized-da","8":"first","9":"instock","10":"shipping-taxable","11":"purchasable","12":"product-type-simple"},"_links":{"self":[{"href":"https:\/\/nordicmart.andreevmaster.com\/da\/wp-json\/wp\/v2\/product\/27096","targetHints":{"allow":["GET"]}}],"collection":[{"href":"https:\/\/nordicmart.andreevmaster.com\/da\/wp-json\/wp\/v2\/product"}],"about":[{"href":"https:\/\/nordicmart.andreevmaster.com\/da\/wp-json\/wp\/v2\/types\/product"}],"replies":[{"embeddable":true,"href":"https:\/\/nordicmart.andreevmaster.com\/da\/wp-json\/wp\/v2\/comments?post=27096"}],"wp:featuredmedia":[{"embeddable":true,"href":"https:\/\/nordicmart.andreevmaster.com\/da\/wp-json\/wp\/v2\/media\/44880"}],"wp:attachment":[{"href":"https:\/\/nordicmart.andreevmaster.com\/da\/wp-json\/wp\/v2\/media?parent=27096"}],"wp:term":[{"taxonomy":"product_brand","embeddable":true,"href":"https:\/\/nordicmart.andreevmaster.com\/da\/wp-json\/wp\/v2\/product_brand?post=27096"},{"taxonomy":"product_cat","embeddable":true,"href":"https:\/\/nordicmart.andreevmaster.com\/da\/wp-json\/wp\/v2\/product_cat?post=27096"},{"taxonomy":"product_tag","embeddable":true,"href":"https:\/\/nordicmart.andreevmaster.com\/da\/wp-json\/wp\/v2\/product_tag?post=27096"}],"curies":[{"name":"wp","href":"https:\/\/api.w.org\/{rel}","templated":true}]}}