{"id":27095,"date":"2026-02-27T00:35:25","date_gmt":"2026-02-27T00:35:25","guid":{"rendered":"https:\/\/nordicmart.andreevmaster.com\/product\/retro-kompas-i-messing-i-laederetui-c0006\/"},"modified":"2026-02-27T09:14:20","modified_gmt":"2026-02-27T09:14:20","slug":"retro-kompas-i-messing-i-laederetui-c0006","status":"publish","type":"product","link":"https:\/\/nordicmart.andreevmaster.com\/da\/vare\/retro-kompas-i-messing-i-laederetui-c0006\/","title":{"rendered":"Retro kompas i messing i l\u00e6deretui &#8211; C0006"},"content":{"rendered":"<p>Retro kompas i messing i l\u00e6deretui &#8211; C0006&nbsp;&nbsp;&nbsp;Retro kompas i messing i l\u00e6deretui vil stj\u00e6le hjerterne hos elskere af historier om store geografiske opdagelser, rejsende og fans af vintage-stil. Dette kompas er fuldt funktionelt, s\u00e5 det vil v\u00e6re nyttigt under vandreture, spejderudflugter og ekspeditioner ud i det ukendte. &nbsp;Kompasset med messingramme er specielt \u00e6ldet, s\u00e5 det ser ud som om det stammer fra en anden tid. Dette kompas har en magnetisk n\u00e5lel\u00e5s og en vedh\u00e6ng, som du kan h\u00e6nge det op i en k\u00e6de med. Kompasset er pakket i et l\u00e6deretui for at beskytte det mod ridser. &nbsp;&nbsp;&nbsp;Produktinformation:&nbsp;&#8211; Materiale: messing, glas- Farve: messing, brun- M\u00e5l: kompassets diameter &#8211; 5,5 cm- Magnetisk n\u00e5lel\u00e5s- Vedh\u00e6ng &#8211; L\u00e6deretui (7,5 x 7 x 3 cm)- Finish: retro&nbsp;<\/p>\n","protected":false},"excerpt":{"rendered":"<p>Retro kompas i messing i l\u00e6deretui &#8211; C0006&nbsp;&nbsp;&nbsp;Retro kompas i messing i l\u00e6deretui vil stj\u00e6le hjerterne hos elskere af historier om store geografiske opdagelser, rejsende og fans af vintage-stil. Dette kompas er fuldt funktionelt, s\u00e5 det vil v\u00e6re nyttigt under vandreture, spejderudflugter og ekspeditioner ud i det ukendte. &nbsp;Kompasset med messingramme er specielt \u00e6ldet, s\u00e5 [&hellip;]<\/p>\n","protected":false},"featured_media":44879,"comment_status":"open","ping_status":"closed","template":"","meta":[],"product_brand":[],"product_cat":[31],"product_tag":[],"class_list":{"0":"post-27095","1":"product","2":"type-product","3":"status-publish","4":"has-post-thumbnail","6":"product_cat-uncategorized-da","8":"first","9":"instock","10":"shipping-taxable","11":"purchasable","12":"product-type-simple"},"_links":{"self":[{"href":"https:\/\/nordicmart.andreevmaster.com\/da\/wp-json\/wp\/v2\/product\/27095","targetHints":{"allow":["GET"]}}],"collection":[{"href":"https:\/\/nordicmart.andreevmaster.com\/da\/wp-json\/wp\/v2\/product"}],"about":[{"href":"https:\/\/nordicmart.andreevmaster.com\/da\/wp-json\/wp\/v2\/types\/product"}],"replies":[{"embeddable":true,"href":"https:\/\/nordicmart.andreevmaster.com\/da\/wp-json\/wp\/v2\/comments?post=27095"}],"wp:featuredmedia":[{"embeddable":true,"href":"https:\/\/nordicmart.andreevmaster.com\/da\/wp-json\/wp\/v2\/media\/44879"}],"wp:attachment":[{"href":"https:\/\/nordicmart.andreevmaster.com\/da\/wp-json\/wp\/v2\/media?parent=27095"}],"wp:term":[{"taxonomy":"product_brand","embeddable":true,"href":"https:\/\/nordicmart.andreevmaster.com\/da\/wp-json\/wp\/v2\/product_brand?post=27095"},{"taxonomy":"product_cat","embeddable":true,"href":"https:\/\/nordicmart.andreevmaster.com\/da\/wp-json\/wp\/v2\/product_cat?post=27095"},{"taxonomy":"product_tag","embeddable":true,"href":"https:\/\/nordicmart.andreevmaster.com\/da\/wp-json\/wp\/v2\/product_tag?post=27095"}],"curies":[{"name":"wp","href":"https:\/\/api.w.org\/{rel}","templated":true}]}}