{"id":27094,"date":"2026-02-27T00:35:25","date_gmt":"2026-02-27T00:35:25","guid":{"rendered":"https:\/\/nordicmart.andreevmaster.com\/product\/forstorrelsesglas-i-laederetui-c-60\/"},"modified":"2026-02-27T09:14:20","modified_gmt":"2026-02-27T09:14:20","slug":"forstorrelsesglas-i-laederetui-c-60","status":"publish","type":"product","link":"https:\/\/nordicmart.andreevmaster.com\/da\/vare\/forstorrelsesglas-i-laederetui-c-60\/","title":{"rendered":"Forst\u00f8rrelsesglas i l\u00e6deretui &#8211; C-60"},"content":{"rendered":"<p>Forst\u00f8rrelsesglas i l\u00e6deretui &#8211; C-60&nbsp;&nbsp;Rejseforst\u00f8rrelsesglas, som du kan tage med overalt. Det sammenklappelige, kompakte l\u00e6seforst\u00f8rrelsesglas passer nemt i din taske eller rygs\u00e6k. L\u00e6deretuiet beskytter forst\u00f8rrelsesglasset mod brud og ridser, s\u00e5 du kan tage det med overalt uden bekymringer. &nbsp;Rejseforst\u00f8rrelsesglasset er en god gave til bedstemor eller bedstefar. Frim\u00e6rkesamlere og numismatikere vil ogs\u00e5 s\u00e6tte pris p\u00e5 en s\u00e5dan gave. &nbsp;&nbsp;Information:&nbsp;Forst\u00f8rrelse: 3,5xMateriale: messingEtuiets farver: m\u00f8rkebrunM\u00e5l: 17,5 x 5,5 x 1,5 cmEtui: l\u00e6deretui &#8211; m\u00e5l: 10 x 6,5 x 3 cmSammenklappelig forst\u00f8rrelsesglas&nbsp;&nbsp;&nbsp;<\/p>\n","protected":false},"excerpt":{"rendered":"<p>Forst\u00f8rrelsesglas i l\u00e6deretui &#8211; C-60&nbsp;&nbsp;Rejseforst\u00f8rrelsesglas, som du kan tage med overalt. Det sammenklappelige, kompakte l\u00e6seforst\u00f8rrelsesglas passer nemt i din taske eller rygs\u00e6k. L\u00e6deretuiet beskytter forst\u00f8rrelsesglasset mod brud og ridser, s\u00e5 du kan tage det med overalt uden bekymringer. &nbsp;Rejseforst\u00f8rrelsesglasset er en god gave til bedstemor eller bedstefar. Frim\u00e6rkesamlere og numismatikere vil ogs\u00e5 s\u00e6tte pris p\u00e5 [&hellip;]<\/p>\n","protected":false},"featured_media":44878,"comment_status":"open","ping_status":"closed","template":"","meta":[],"product_brand":[],"product_cat":[31],"product_tag":[],"class_list":{"0":"post-27094","1":"product","2":"type-product","3":"status-publish","4":"has-post-thumbnail","6":"product_cat-uncategorized-da","8":"first","9":"instock","10":"shipping-taxable","11":"purchasable","12":"product-type-simple"},"_links":{"self":[{"href":"https:\/\/nordicmart.andreevmaster.com\/da\/wp-json\/wp\/v2\/product\/27094","targetHints":{"allow":["GET"]}}],"collection":[{"href":"https:\/\/nordicmart.andreevmaster.com\/da\/wp-json\/wp\/v2\/product"}],"about":[{"href":"https:\/\/nordicmart.andreevmaster.com\/da\/wp-json\/wp\/v2\/types\/product"}],"replies":[{"embeddable":true,"href":"https:\/\/nordicmart.andreevmaster.com\/da\/wp-json\/wp\/v2\/comments?post=27094"}],"wp:featuredmedia":[{"embeddable":true,"href":"https:\/\/nordicmart.andreevmaster.com\/da\/wp-json\/wp\/v2\/media\/44878"}],"wp:attachment":[{"href":"https:\/\/nordicmart.andreevmaster.com\/da\/wp-json\/wp\/v2\/media?parent=27094"}],"wp:term":[{"taxonomy":"product_brand","embeddable":true,"href":"https:\/\/nordicmart.andreevmaster.com\/da\/wp-json\/wp\/v2\/product_brand?post=27094"},{"taxonomy":"product_cat","embeddable":true,"href":"https:\/\/nordicmart.andreevmaster.com\/da\/wp-json\/wp\/v2\/product_cat?post=27094"},{"taxonomy":"product_tag","embeddable":true,"href":"https:\/\/nordicmart.andreevmaster.com\/da\/wp-json\/wp\/v2\/product_tag?post=27094"}],"curies":[{"name":"wp","href":"https:\/\/api.w.org\/{rel}","templated":true}]}}