{"id":27093,"date":"2026-02-27T00:35:25","date_gmt":"2026-02-27T00:35:25","guid":{"rendered":"https:\/\/nordicmart.andreevmaster.com\/product\/skruenogle-noglering-krt30\/"},"modified":"2026-02-27T09:14:19","modified_gmt":"2026-02-27T09:14:19","slug":"skruenogle-noglering-krt30","status":"publish","type":"product","link":"https:\/\/nordicmart.andreevmaster.com\/da\/vare\/skruenogle-noglering-krt30\/","title":{"rendered":"Skruen\u00f8gle-n\u00f8glering &#8211; KRT30"},"content":{"rendered":"<p>N\u00f8glering med skruen\u00f8gle &#8211; KRT30&nbsp;&nbsp;En fransk skruen\u00f8gle som vedh\u00e6ng er en god id\u00e9 til en lille gave til en mekaniker, handyman eller blikkenslager. Dette v\u00e6rkt\u00f8j er uundv\u00e6rligt i disse erhverv, s\u00e5 en miniatureudgave vil helt sikkert gl\u00e6de modtageren. N\u00f8gleringen er lavet af messing. Den fastg\u00f8res til n\u00f8glerne med en drejel\u00e5s.&nbsp;&nbsp;Information:&nbsp;Materiale: messingFarve: messingDrejel\u00e5s, der g\u00f8r det muligt at fastg\u00f8re den til f.eks. n\u00f8glerDimensioner: L\u00e6ngde p\u00e5 fransk skruen\u00f8gle &#8211; 6,5 cm. Skruen\u00f8gle 7\/5 mm. Total l\u00e6ngde: 11,5 cm<\/p>\n","protected":false},"excerpt":{"rendered":"<p>N\u00f8glering med skruen\u00f8gle &#8211; KRT30&nbsp;&nbsp;En fransk skruen\u00f8gle som vedh\u00e6ng er en god id\u00e9 til en lille gave til en mekaniker, handyman eller blikkenslager. Dette v\u00e6rkt\u00f8j er uundv\u00e6rligt i disse erhverv, s\u00e5 en miniatureudgave vil helt sikkert gl\u00e6de modtageren. N\u00f8gleringen er lavet af messing. Den fastg\u00f8res til n\u00f8glerne med en drejel\u00e5s.&nbsp;&nbsp;Information:&nbsp;Materiale: messingFarve: messingDrejel\u00e5s, der g\u00f8r det [&hellip;]<\/p>\n","protected":false},"featured_media":44877,"comment_status":"open","ping_status":"closed","template":"","meta":[],"product_brand":[],"product_cat":[31],"product_tag":[],"class_list":{"0":"post-27093","1":"product","2":"type-product","3":"status-publish","4":"has-post-thumbnail","6":"product_cat-uncategorized-da","8":"first","9":"instock","10":"shipping-taxable","11":"purchasable","12":"product-type-simple"},"_links":{"self":[{"href":"https:\/\/nordicmart.andreevmaster.com\/da\/wp-json\/wp\/v2\/product\/27093","targetHints":{"allow":["GET"]}}],"collection":[{"href":"https:\/\/nordicmart.andreevmaster.com\/da\/wp-json\/wp\/v2\/product"}],"about":[{"href":"https:\/\/nordicmart.andreevmaster.com\/da\/wp-json\/wp\/v2\/types\/product"}],"replies":[{"embeddable":true,"href":"https:\/\/nordicmart.andreevmaster.com\/da\/wp-json\/wp\/v2\/comments?post=27093"}],"wp:featuredmedia":[{"embeddable":true,"href":"https:\/\/nordicmart.andreevmaster.com\/da\/wp-json\/wp\/v2\/media\/44877"}],"wp:attachment":[{"href":"https:\/\/nordicmart.andreevmaster.com\/da\/wp-json\/wp\/v2\/media?parent=27093"}],"wp:term":[{"taxonomy":"product_brand","embeddable":true,"href":"https:\/\/nordicmart.andreevmaster.com\/da\/wp-json\/wp\/v2\/product_brand?post=27093"},{"taxonomy":"product_cat","embeddable":true,"href":"https:\/\/nordicmart.andreevmaster.com\/da\/wp-json\/wp\/v2\/product_cat?post=27093"},{"taxonomy":"product_tag","embeddable":true,"href":"https:\/\/nordicmart.andreevmaster.com\/da\/wp-json\/wp\/v2\/product_tag?post=27093"}],"curies":[{"name":"wp","href":"https:\/\/api.w.org\/{rel}","templated":true}]}}