{"id":27092,"date":"2026-02-27T00:35:24","date_gmt":"2026-02-27T00:35:24","guid":{"rendered":"https:\/\/nordicmart.andreevmaster.com\/product\/noglering-spade-krt28\/"},"modified":"2026-02-27T09:14:19","modified_gmt":"2026-02-27T09:14:19","slug":"noglering-spade-krt28","status":"publish","type":"product","link":"https:\/\/nordicmart.andreevmaster.com\/da\/vare\/noglering-spade-krt28\/","title":{"rendered":"N\u00f8glering Spade &#8211; KRT28"},"content":{"rendered":"<p>N\u00f8glering Spade &#8211; KRT28&nbsp;&nbsp;N\u00f8glering Spade er en god id\u00e9 til en lille gave til en gartner eller bygningsarbejder. De kan ikke grave for dybe huller med den, men de vil have lettere ved at finde deres n\u00f8gler i rygs\u00e6kken. N\u00f8gleringen er lavet af holdbart messing. Den fastg\u00f8res til n\u00f8glerne med en aftagelig karabinhage.&nbsp;&nbsp;Information:&nbsp;Materiale: messingFarve: messingKarabinhage, der g\u00f8r det muligt at fastg\u00f8re den til f.eks. n\u00f8glerDimensioner: 5,8 x 1,5 cm. Samlet l\u00e6ngde 12 cm&nbsp;<\/p>\n","protected":false},"excerpt":{"rendered":"<p>N\u00f8glering Spade &#8211; KRT28&nbsp;&nbsp;N\u00f8glering Spade er en god id\u00e9 til en lille gave til en gartner eller bygningsarbejder. De kan ikke grave for dybe huller med den, men de vil have lettere ved at finde deres n\u00f8gler i rygs\u00e6kken. N\u00f8gleringen er lavet af holdbart messing. Den fastg\u00f8res til n\u00f8glerne med en aftagelig karabinhage.&nbsp;&nbsp;Information:&nbsp;Materiale: messingFarve: messingKarabinhage, [&hellip;]<\/p>\n","protected":false},"featured_media":44876,"comment_status":"open","ping_status":"closed","template":"","meta":[],"product_brand":[],"product_cat":[31],"product_tag":[],"class_list":{"0":"post-27092","1":"product","2":"type-product","3":"status-publish","4":"has-post-thumbnail","6":"product_cat-uncategorized-da","8":"first","9":"instock","10":"shipping-taxable","11":"purchasable","12":"product-type-simple"},"_links":{"self":[{"href":"https:\/\/nordicmart.andreevmaster.com\/da\/wp-json\/wp\/v2\/product\/27092","targetHints":{"allow":["GET"]}}],"collection":[{"href":"https:\/\/nordicmart.andreevmaster.com\/da\/wp-json\/wp\/v2\/product"}],"about":[{"href":"https:\/\/nordicmart.andreevmaster.com\/da\/wp-json\/wp\/v2\/types\/product"}],"replies":[{"embeddable":true,"href":"https:\/\/nordicmart.andreevmaster.com\/da\/wp-json\/wp\/v2\/comments?post=27092"}],"wp:featuredmedia":[{"embeddable":true,"href":"https:\/\/nordicmart.andreevmaster.com\/da\/wp-json\/wp\/v2\/media\/44876"}],"wp:attachment":[{"href":"https:\/\/nordicmart.andreevmaster.com\/da\/wp-json\/wp\/v2\/media?parent=27092"}],"wp:term":[{"taxonomy":"product_brand","embeddable":true,"href":"https:\/\/nordicmart.andreevmaster.com\/da\/wp-json\/wp\/v2\/product_brand?post=27092"},{"taxonomy":"product_cat","embeddable":true,"href":"https:\/\/nordicmart.andreevmaster.com\/da\/wp-json\/wp\/v2\/product_cat?post=27092"},{"taxonomy":"product_tag","embeddable":true,"href":"https:\/\/nordicmart.andreevmaster.com\/da\/wp-json\/wp\/v2\/product_tag?post=27092"}],"curies":[{"name":"wp","href":"https:\/\/api.w.org\/{rel}","templated":true}]}}