{"id":27091,"date":"2026-02-27T00:35:24","date_gmt":"2026-02-27T00:35:24","guid":{"rendered":"https:\/\/nordicmart.andreevmaster.com\/product\/noglering-okse-krt27\/"},"modified":"2026-02-27T09:14:19","modified_gmt":"2026-02-27T09:14:19","slug":"noglering-okse-krt27","status":"publish","type":"product","link":"https:\/\/nordicmart.andreevmaster.com\/da\/vare\/noglering-okse-krt27\/","title":{"rendered":"N\u00f8glering \u00d8kse &#8211; KRT27"},"content":{"rendered":"<p>N\u00f8glering \u00d8kse &#8211; KRT27&nbsp;&nbsp;N\u00f8glering \u00d8kse er en god gave til en skovhugger eller brandmand. N\u00f8gleringen er lavet af holdbart messing. Den fastg\u00f8res til n\u00f8glerne med en drejel\u00e5s.&nbsp;&nbsp;Information:&nbsp;Materiale: messingFarve: messingDrejel\u00e5s, der g\u00f8r det muligt at fastg\u00f8re den til f.eks. n\u00f8glerDimensioner: 5,7 x 2,3 cm. Total l\u00e6ngde: 11 cm<\/p>\n","protected":false},"excerpt":{"rendered":"<p>N\u00f8glering \u00d8kse &#8211; KRT27&nbsp;&nbsp;N\u00f8glering \u00d8kse er en god gave til en skovhugger eller brandmand. N\u00f8gleringen er lavet af holdbart messing. Den fastg\u00f8res til n\u00f8glerne med en drejel\u00e5s.&nbsp;&nbsp;Information:&nbsp;Materiale: messingFarve: messingDrejel\u00e5s, der g\u00f8r det muligt at fastg\u00f8re den til f.eks. n\u00f8glerDimensioner: 5,7 x 2,3 cm. Total l\u00e6ngde: 11 cm<\/p>\n","protected":false},"featured_media":44875,"comment_status":"open","ping_status":"closed","template":"","meta":[],"product_brand":[],"product_cat":[31],"product_tag":[],"class_list":{"0":"post-27091","1":"product","2":"type-product","3":"status-publish","4":"has-post-thumbnail","6":"product_cat-uncategorized-da","8":"first","9":"instock","10":"shipping-taxable","11":"purchasable","12":"product-type-simple"},"_links":{"self":[{"href":"https:\/\/nordicmart.andreevmaster.com\/da\/wp-json\/wp\/v2\/product\/27091","targetHints":{"allow":["GET"]}}],"collection":[{"href":"https:\/\/nordicmart.andreevmaster.com\/da\/wp-json\/wp\/v2\/product"}],"about":[{"href":"https:\/\/nordicmart.andreevmaster.com\/da\/wp-json\/wp\/v2\/types\/product"}],"replies":[{"embeddable":true,"href":"https:\/\/nordicmart.andreevmaster.com\/da\/wp-json\/wp\/v2\/comments?post=27091"}],"wp:featuredmedia":[{"embeddable":true,"href":"https:\/\/nordicmart.andreevmaster.com\/da\/wp-json\/wp\/v2\/media\/44875"}],"wp:attachment":[{"href":"https:\/\/nordicmart.andreevmaster.com\/da\/wp-json\/wp\/v2\/media?parent=27091"}],"wp:term":[{"taxonomy":"product_brand","embeddable":true,"href":"https:\/\/nordicmart.andreevmaster.com\/da\/wp-json\/wp\/v2\/product_brand?post=27091"},{"taxonomy":"product_cat","embeddable":true,"href":"https:\/\/nordicmart.andreevmaster.com\/da\/wp-json\/wp\/v2\/product_cat?post=27091"},{"taxonomy":"product_tag","embeddable":true,"href":"https:\/\/nordicmart.andreevmaster.com\/da\/wp-json\/wp\/v2\/product_tag?post=27091"}],"curies":[{"name":"wp","href":"https:\/\/api.w.org\/{rel}","templated":true}]}}