{"id":27090,"date":"2026-02-27T00:35:24","date_gmt":"2026-02-27T00:35:24","guid":{"rendered":"https:\/\/nordicmart.andreevmaster.com\/product\/taenger-noglering-krt26\/"},"modified":"2026-02-27T09:14:19","modified_gmt":"2026-02-27T09:14:19","slug":"taenger-noglering-krt26","status":"publish","type":"product","link":"https:\/\/nordicmart.andreevmaster.com\/da\/vare\/taenger-noglering-krt26\/","title":{"rendered":"T\u00e6nger-n\u00f8glering &#8211; KRT26"},"content":{"rendered":"<p>Tangn\u00f8glering &#8211; KRT26&nbsp;&nbsp;Tangn\u00f8glering er en gadget, der vil appellere til g\u00f8r-det-selv-folk, handymen og v\u00e6rkt\u00f8jssamlere. Den er en god gave til en mand, der ikke kan sidde stille derhjemme. Tangn\u00f8gleringen er lavet af messing. Tangen kan bev\u00e6ges. Fastg\u00f8res til n\u00f8glerne med en aftagelig karabinhage. &nbsp;&nbsp;Produktinformation:&nbsp;Materiale: messingFarver: messingM\u00e5l: 6 x 1,5 cm. Total l\u00e6ngde: 12 cm<\/p>\n","protected":false},"excerpt":{"rendered":"<p>Tangn\u00f8glering &#8211; KRT26&nbsp;&nbsp;Tangn\u00f8glering er en gadget, der vil appellere til g\u00f8r-det-selv-folk, handymen og v\u00e6rkt\u00f8jssamlere. Den er en god gave til en mand, der ikke kan sidde stille derhjemme. Tangn\u00f8gleringen er lavet af messing. Tangen kan bev\u00e6ges. Fastg\u00f8res til n\u00f8glerne med en aftagelig karabinhage. &nbsp;&nbsp;Produktinformation:&nbsp;Materiale: messingFarver: messingM\u00e5l: 6 x 1,5 cm. Total l\u00e6ngde: 12 cm<\/p>\n","protected":false},"featured_media":44874,"comment_status":"open","ping_status":"closed","template":"","meta":[],"product_brand":[],"product_cat":[31],"product_tag":[],"class_list":{"0":"post-27090","1":"product","2":"type-product","3":"status-publish","4":"has-post-thumbnail","6":"product_cat-uncategorized-da","8":"first","9":"instock","10":"shipping-taxable","11":"purchasable","12":"product-type-simple"},"_links":{"self":[{"href":"https:\/\/nordicmart.andreevmaster.com\/da\/wp-json\/wp\/v2\/product\/27090","targetHints":{"allow":["GET"]}}],"collection":[{"href":"https:\/\/nordicmart.andreevmaster.com\/da\/wp-json\/wp\/v2\/product"}],"about":[{"href":"https:\/\/nordicmart.andreevmaster.com\/da\/wp-json\/wp\/v2\/types\/product"}],"replies":[{"embeddable":true,"href":"https:\/\/nordicmart.andreevmaster.com\/da\/wp-json\/wp\/v2\/comments?post=27090"}],"wp:featuredmedia":[{"embeddable":true,"href":"https:\/\/nordicmart.andreevmaster.com\/da\/wp-json\/wp\/v2\/media\/44874"}],"wp:attachment":[{"href":"https:\/\/nordicmart.andreevmaster.com\/da\/wp-json\/wp\/v2\/media?parent=27090"}],"wp:term":[{"taxonomy":"product_brand","embeddable":true,"href":"https:\/\/nordicmart.andreevmaster.com\/da\/wp-json\/wp\/v2\/product_brand?post=27090"},{"taxonomy":"product_cat","embeddable":true,"href":"https:\/\/nordicmart.andreevmaster.com\/da\/wp-json\/wp\/v2\/product_cat?post=27090"},{"taxonomy":"product_tag","embeddable":true,"href":"https:\/\/nordicmart.andreevmaster.com\/da\/wp-json\/wp\/v2\/product_tag?post=27090"}],"curies":[{"name":"wp","href":"https:\/\/api.w.org\/{rel}","templated":true}]}}