{"id":27089,"date":"2026-02-27T00:35:23","date_gmt":"2026-02-27T00:35:23","guid":{"rendered":"https:\/\/nordicmart.andreevmaster.com\/product\/noglering-hammer-krt23\/"},"modified":"2026-02-27T09:14:19","modified_gmt":"2026-02-27T09:14:19","slug":"noglering-hammer-krt23","status":"publish","type":"product","link":"https:\/\/nordicmart.andreevmaster.com\/da\/vare\/noglering-hammer-krt23\/","title":{"rendered":"N\u00f8glering Hammer &#8211; KRT23"},"content":{"rendered":"<p>N\u00f8glering Hammer &#8211; KRT23&nbsp;&nbsp;Hammer-n\u00f8gleringen fungerer fint som en billig gadget til handyman, bygherre og g\u00f8r-det-selv-entusiast. N\u00f8gleringen er lavet af messing.&nbsp;&nbsp;Information:&nbsp;Materiale: messingFarve: messingKarabinhage, der g\u00f8r det muligt at fastg\u00f8re den til f.eks. n\u00f8glerDimensioner: 5 x 2,7 cm. Total l\u00e6ngde &#8211; 11 cm<\/p>\n","protected":false},"excerpt":{"rendered":"<p>N\u00f8glering Hammer &#8211; KRT23&nbsp;&nbsp;Hammer-n\u00f8gleringen fungerer fint som en billig gadget til handyman, bygherre og g\u00f8r-det-selv-entusiast. N\u00f8gleringen er lavet af messing.&nbsp;&nbsp;Information:&nbsp;Materiale: messingFarve: messingKarabinhage, der g\u00f8r det muligt at fastg\u00f8re den til f.eks. n\u00f8glerDimensioner: 5 x 2,7 cm. Total l\u00e6ngde &#8211; 11 cm<\/p>\n","protected":false},"featured_media":44873,"comment_status":"open","ping_status":"closed","template":"","meta":[],"product_brand":[],"product_cat":[31],"product_tag":[],"class_list":{"0":"post-27089","1":"product","2":"type-product","3":"status-publish","4":"has-post-thumbnail","6":"product_cat-uncategorized-da","8":"first","9":"instock","10":"shipping-taxable","11":"purchasable","12":"product-type-simple"},"_links":{"self":[{"href":"https:\/\/nordicmart.andreevmaster.com\/da\/wp-json\/wp\/v2\/product\/27089","targetHints":{"allow":["GET"]}}],"collection":[{"href":"https:\/\/nordicmart.andreevmaster.com\/da\/wp-json\/wp\/v2\/product"}],"about":[{"href":"https:\/\/nordicmart.andreevmaster.com\/da\/wp-json\/wp\/v2\/types\/product"}],"replies":[{"embeddable":true,"href":"https:\/\/nordicmart.andreevmaster.com\/da\/wp-json\/wp\/v2\/comments?post=27089"}],"wp:featuredmedia":[{"embeddable":true,"href":"https:\/\/nordicmart.andreevmaster.com\/da\/wp-json\/wp\/v2\/media\/44873"}],"wp:attachment":[{"href":"https:\/\/nordicmart.andreevmaster.com\/da\/wp-json\/wp\/v2\/media?parent=27089"}],"wp:term":[{"taxonomy":"product_brand","embeddable":true,"href":"https:\/\/nordicmart.andreevmaster.com\/da\/wp-json\/wp\/v2\/product_brand?post=27089"},{"taxonomy":"product_cat","embeddable":true,"href":"https:\/\/nordicmart.andreevmaster.com\/da\/wp-json\/wp\/v2\/product_cat?post=27089"},{"taxonomy":"product_tag","embeddable":true,"href":"https:\/\/nordicmart.andreevmaster.com\/da\/wp-json\/wp\/v2\/product_tag?post=27089"}],"curies":[{"name":"wp","href":"https:\/\/api.w.org\/{rel}","templated":true}]}}