{"id":27088,"date":"2026-02-27T00:35:23","date_gmt":"2026-02-27T00:35:23","guid":{"rendered":"https:\/\/nordicmart.andreevmaster.com\/product\/globe-noglering-krt14\/"},"modified":"2026-02-27T09:14:19","modified_gmt":"2026-02-27T09:14:19","slug":"globe-noglering-krt14","status":"publish","type":"product","link":"https:\/\/nordicmart.andreevmaster.com\/da\/vare\/globe-noglering-krt14\/","title":{"rendered":"Globe n\u00f8glering &#8211; KRT14"},"content":{"rendered":"<p>Globe n\u00f8glering KRT14&nbsp;&nbsp;N\u00f8glering i form af en globus er en god gave til en rejsende eller globetrotter. Den kan bruges som pr\u00e6mie i en geografikonkurrence eller som gave til en geografil\u00e6rer. &nbsp;Globen er lavet af plast, mens k\u00e6den og karabinhagen er lavet af messing. Kortet er sort med gyldne kontinenter. Fastg\u00f8res til n\u00f8glerne med en aftagelig karabinhage. &nbsp;Information:&nbsp;Materiale: plast, messingFarve: sort, gylden gulDimensioner: diameter 3 cm, n\u00f8gleringens samlede l\u00e6ngde 10 cm<\/p>\n","protected":false},"excerpt":{"rendered":"<p>Globe n\u00f8glering KRT14&nbsp;&nbsp;N\u00f8glering i form af en globus er en god gave til en rejsende eller globetrotter. Den kan bruges som pr\u00e6mie i en geografikonkurrence eller som gave til en geografil\u00e6rer. &nbsp;Globen er lavet af plast, mens k\u00e6den og karabinhagen er lavet af messing. Kortet er sort med gyldne kontinenter. Fastg\u00f8res til n\u00f8glerne med en [&hellip;]<\/p>\n","protected":false},"featured_media":44872,"comment_status":"open","ping_status":"closed","template":"","meta":[],"product_brand":[],"product_cat":[31],"product_tag":[],"class_list":{"0":"post-27088","1":"product","2":"type-product","3":"status-publish","4":"has-post-thumbnail","6":"product_cat-uncategorized-da","8":"first","9":"instock","10":"shipping-taxable","11":"purchasable","12":"product-type-simple"},"_links":{"self":[{"href":"https:\/\/nordicmart.andreevmaster.com\/da\/wp-json\/wp\/v2\/product\/27088","targetHints":{"allow":["GET"]}}],"collection":[{"href":"https:\/\/nordicmart.andreevmaster.com\/da\/wp-json\/wp\/v2\/product"}],"about":[{"href":"https:\/\/nordicmart.andreevmaster.com\/da\/wp-json\/wp\/v2\/types\/product"}],"replies":[{"embeddable":true,"href":"https:\/\/nordicmart.andreevmaster.com\/da\/wp-json\/wp\/v2\/comments?post=27088"}],"wp:featuredmedia":[{"embeddable":true,"href":"https:\/\/nordicmart.andreevmaster.com\/da\/wp-json\/wp\/v2\/media\/44872"}],"wp:attachment":[{"href":"https:\/\/nordicmart.andreevmaster.com\/da\/wp-json\/wp\/v2\/media?parent=27088"}],"wp:term":[{"taxonomy":"product_brand","embeddable":true,"href":"https:\/\/nordicmart.andreevmaster.com\/da\/wp-json\/wp\/v2\/product_brand?post=27088"},{"taxonomy":"product_cat","embeddable":true,"href":"https:\/\/nordicmart.andreevmaster.com\/da\/wp-json\/wp\/v2\/product_cat?post=27088"},{"taxonomy":"product_tag","embeddable":true,"href":"https:\/\/nordicmart.andreevmaster.com\/da\/wp-json\/wp\/v2\/product_tag?post=27088"}],"curies":[{"name":"wp","href":"https:\/\/api.w.org\/{rel}","templated":true}]}}