{"id":27087,"date":"2026-02-27T00:35:23","date_gmt":"2026-02-27T00:35:23","guid":{"rendered":"https:\/\/nordicmart.andreevmaster.com\/product\/noglering-handtaske-krt10\/"},"modified":"2026-02-27T09:14:18","modified_gmt":"2026-02-27T09:14:18","slug":"noglering-handtaske-krt10","status":"publish","type":"product","link":"https:\/\/nordicmart.andreevmaster.com\/da\/vare\/noglering-handtaske-krt10\/","title":{"rendered":"N\u00f8glering H\u00e5ndtaske &#8211; KRT10"},"content":{"rendered":"<p>N\u00f8glering H\u00e5ndtaske &#8211; KRT10&nbsp;&nbsp;N\u00f8glering Dames h\u00e5ndtaske er en god id\u00e9 til en lille gave til mor, tante eller bedstemor. En kvindes pung indeholder altid alt, s\u00e5 den b\u00f8r ikke mangle n\u00f8gler med en s\u00e5dan pungformet n\u00f8glering. Takket v\u00e6re n\u00f8gleringen bliver det nemmere at finde dine n\u00f8gler. Fremstillet af holdbart messing. Den fastg\u00f8res til n\u00f8glerne med en aftagelig karabinhage.&nbsp;&nbsp;Oplysninger:&nbsp;Materiale: messingFarve: messingM\u00e5l: 3 x 3,6 cm, n\u00f8gleringens samlede l\u00e6ngde: 9 cm &nbsp;<\/p>\n","protected":false},"excerpt":{"rendered":"<p>N\u00f8glering H\u00e5ndtaske &#8211; KRT10&nbsp;&nbsp;N\u00f8glering Dames h\u00e5ndtaske er en god id\u00e9 til en lille gave til mor, tante eller bedstemor. En kvindes pung indeholder altid alt, s\u00e5 den b\u00f8r ikke mangle n\u00f8gler med en s\u00e5dan pungformet n\u00f8glering. Takket v\u00e6re n\u00f8gleringen bliver det nemmere at finde dine n\u00f8gler. Fremstillet af holdbart messing. Den fastg\u00f8res til n\u00f8glerne med [&hellip;]<\/p>\n","protected":false},"featured_media":44871,"comment_status":"open","ping_status":"closed","template":"","meta":[],"product_brand":[],"product_cat":[31],"product_tag":[],"class_list":{"0":"post-27087","1":"product","2":"type-product","3":"status-publish","4":"has-post-thumbnail","6":"product_cat-uncategorized-da","8":"first","9":"instock","10":"shipping-taxable","11":"purchasable","12":"product-type-simple"},"_links":{"self":[{"href":"https:\/\/nordicmart.andreevmaster.com\/da\/wp-json\/wp\/v2\/product\/27087","targetHints":{"allow":["GET"]}}],"collection":[{"href":"https:\/\/nordicmart.andreevmaster.com\/da\/wp-json\/wp\/v2\/product"}],"about":[{"href":"https:\/\/nordicmart.andreevmaster.com\/da\/wp-json\/wp\/v2\/types\/product"}],"replies":[{"embeddable":true,"href":"https:\/\/nordicmart.andreevmaster.com\/da\/wp-json\/wp\/v2\/comments?post=27087"}],"wp:featuredmedia":[{"embeddable":true,"href":"https:\/\/nordicmart.andreevmaster.com\/da\/wp-json\/wp\/v2\/media\/44871"}],"wp:attachment":[{"href":"https:\/\/nordicmart.andreevmaster.com\/da\/wp-json\/wp\/v2\/media?parent=27087"}],"wp:term":[{"taxonomy":"product_brand","embeddable":true,"href":"https:\/\/nordicmart.andreevmaster.com\/da\/wp-json\/wp\/v2\/product_brand?post=27087"},{"taxonomy":"product_cat","embeddable":true,"href":"https:\/\/nordicmart.andreevmaster.com\/da\/wp-json\/wp\/v2\/product_cat?post=27087"},{"taxonomy":"product_tag","embeddable":true,"href":"https:\/\/nordicmart.andreevmaster.com\/da\/wp-json\/wp\/v2\/product_tag?post=27087"}],"curies":[{"name":"wp","href":"https:\/\/api.w.org\/{rel}","templated":true}]}}