{"id":27086,"date":"2026-02-27T00:35:23","date_gmt":"2026-02-27T00:35:23","guid":{"rendered":"https:\/\/nordicmart.andreevmaster.com\/product\/noglering-saks-krt7\/"},"modified":"2026-02-27T09:14:18","modified_gmt":"2026-02-27T09:14:18","slug":"noglering-saks-krt7","status":"publish","type":"product","link":"https:\/\/nordicmart.andreevmaster.com\/da\/vare\/noglering-saks-krt7\/","title":{"rendered":"N\u00f8glering Saks &#8211; KRT7"},"content":{"rendered":"<p>N\u00f8glering Saks &#8211; KRT7&nbsp;&nbsp;N\u00f8glering med saks er en fin lille gave til en fris\u00f8r eller til dem, der dagligt bruger dette v\u00e6rkt\u00f8j med utrolig kunstf\u00e6rdighed. N\u00f8glering med saks er lavet af holdbart messing. Den kan fastg\u00f8res til n\u00f8glerne med en drejbar karabinhage. &nbsp;&nbsp;Information&nbsp;Materiale: messingFarve: messingM\u00e5l: 5 x 3,5 cm, n\u00f8gleringens samlede l\u00e6ngde 12,5 cm<\/p>\n","protected":false},"excerpt":{"rendered":"<p>N\u00f8glering Saks &#8211; KRT7&nbsp;&nbsp;N\u00f8glering med saks er en fin lille gave til en fris\u00f8r eller til dem, der dagligt bruger dette v\u00e6rkt\u00f8j med utrolig kunstf\u00e6rdighed. N\u00f8glering med saks er lavet af holdbart messing. Den kan fastg\u00f8res til n\u00f8glerne med en drejbar karabinhage. &nbsp;&nbsp;Information&nbsp;Materiale: messingFarve: messingM\u00e5l: 5 x 3,5 cm, n\u00f8gleringens samlede l\u00e6ngde 12,5 cm<\/p>\n","protected":false},"featured_media":44870,"comment_status":"open","ping_status":"closed","template":"","meta":[],"product_brand":[],"product_cat":[31],"product_tag":[],"class_list":{"0":"post-27086","1":"product","2":"type-product","3":"status-publish","4":"has-post-thumbnail","6":"product_cat-uncategorized-da","8":"first","9":"instock","10":"shipping-taxable","11":"purchasable","12":"product-type-simple"},"_links":{"self":[{"href":"https:\/\/nordicmart.andreevmaster.com\/da\/wp-json\/wp\/v2\/product\/27086","targetHints":{"allow":["GET"]}}],"collection":[{"href":"https:\/\/nordicmart.andreevmaster.com\/da\/wp-json\/wp\/v2\/product"}],"about":[{"href":"https:\/\/nordicmart.andreevmaster.com\/da\/wp-json\/wp\/v2\/types\/product"}],"replies":[{"embeddable":true,"href":"https:\/\/nordicmart.andreevmaster.com\/da\/wp-json\/wp\/v2\/comments?post=27086"}],"wp:featuredmedia":[{"embeddable":true,"href":"https:\/\/nordicmart.andreevmaster.com\/da\/wp-json\/wp\/v2\/media\/44870"}],"wp:attachment":[{"href":"https:\/\/nordicmart.andreevmaster.com\/da\/wp-json\/wp\/v2\/media?parent=27086"}],"wp:term":[{"taxonomy":"product_brand","embeddable":true,"href":"https:\/\/nordicmart.andreevmaster.com\/da\/wp-json\/wp\/v2\/product_brand?post=27086"},{"taxonomy":"product_cat","embeddable":true,"href":"https:\/\/nordicmart.andreevmaster.com\/da\/wp-json\/wp\/v2\/product_cat?post=27086"},{"taxonomy":"product_tag","embeddable":true,"href":"https:\/\/nordicmart.andreevmaster.com\/da\/wp-json\/wp\/v2\/product_tag?post=27086"}],"curies":[{"name":"wp","href":"https:\/\/api.w.org\/{rel}","templated":true}]}}