{"id":27085,"date":"2026-02-27T00:35:23","date_gmt":"2026-02-27T00:35:23","guid":{"rendered":"https:\/\/nordicmart.andreevmaster.com\/product\/boksehandske-noglering-krt6\/"},"modified":"2026-02-27T09:14:18","modified_gmt":"2026-02-27T09:14:18","slug":"boksehandske-noglering-krt6","status":"publish","type":"product","link":"https:\/\/nordicmart.andreevmaster.com\/da\/vare\/boksehandske-noglering-krt6\/","title":{"rendered":"Boksehandske n\u00f8glering &#8211; KRT6"},"content":{"rendered":"<p>Boksehandske n\u00f8glering &#8211; KRT6&nbsp;&nbsp;Boksehandske n\u00f8glering er en gaveid\u00e9 til en bokse- og kampsportselsker. Den kan bruges som en lille pr\u00e6mie i en boksekamp eller som en gave til en fan af filmen Rocky Balboa. &nbsp;Fremstillet af messing. Fastg\u00f8res til dine n\u00f8gler med en drejbar karabinhage.&nbsp;&nbsp;Information:&nbsp;Materiale: messingFarve: messingM\u00e5l: 5 x 2 cm, n\u00f8gleringens samlede l\u00e6ngde 10,5 cm&nbsp;<\/p>\n","protected":false},"excerpt":{"rendered":"<p>Boksehandske n\u00f8glering &#8211; KRT6&nbsp;&nbsp;Boksehandske n\u00f8glering er en gaveid\u00e9 til en bokse- og kampsportselsker. Den kan bruges som en lille pr\u00e6mie i en boksekamp eller som en gave til en fan af filmen Rocky Balboa. &nbsp;Fremstillet af messing. Fastg\u00f8res til dine n\u00f8gler med en drejbar karabinhage.&nbsp;&nbsp;Information:&nbsp;Materiale: messingFarve: messingM\u00e5l: 5 x 2 cm, n\u00f8gleringens samlede l\u00e6ngde 10,5 [&hellip;]<\/p>\n","protected":false},"featured_media":44869,"comment_status":"open","ping_status":"closed","template":"","meta":[],"product_brand":[],"product_cat":[31],"product_tag":[],"class_list":{"0":"post-27085","1":"product","2":"type-product","3":"status-publish","4":"has-post-thumbnail","6":"product_cat-uncategorized-da","8":"first","9":"instock","10":"shipping-taxable","11":"purchasable","12":"product-type-simple"},"_links":{"self":[{"href":"https:\/\/nordicmart.andreevmaster.com\/da\/wp-json\/wp\/v2\/product\/27085","targetHints":{"allow":["GET"]}}],"collection":[{"href":"https:\/\/nordicmart.andreevmaster.com\/da\/wp-json\/wp\/v2\/product"}],"about":[{"href":"https:\/\/nordicmart.andreevmaster.com\/da\/wp-json\/wp\/v2\/types\/product"}],"replies":[{"embeddable":true,"href":"https:\/\/nordicmart.andreevmaster.com\/da\/wp-json\/wp\/v2\/comments?post=27085"}],"wp:featuredmedia":[{"embeddable":true,"href":"https:\/\/nordicmart.andreevmaster.com\/da\/wp-json\/wp\/v2\/media\/44869"}],"wp:attachment":[{"href":"https:\/\/nordicmart.andreevmaster.com\/da\/wp-json\/wp\/v2\/media?parent=27085"}],"wp:term":[{"taxonomy":"product_brand","embeddable":true,"href":"https:\/\/nordicmart.andreevmaster.com\/da\/wp-json\/wp\/v2\/product_brand?post=27085"},{"taxonomy":"product_cat","embeddable":true,"href":"https:\/\/nordicmart.andreevmaster.com\/da\/wp-json\/wp\/v2\/product_cat?post=27085"},{"taxonomy":"product_tag","embeddable":true,"href":"https:\/\/nordicmart.andreevmaster.com\/da\/wp-json\/wp\/v2\/product_tag?post=27085"}],"curies":[{"name":"wp","href":"https:\/\/api.w.org\/{rel}","templated":true}]}}