{"id":27084,"date":"2026-02-27T00:35:22","date_gmt":"2026-02-27T00:35:22","guid":{"rendered":"https:\/\/nordicmart.andreevmaster.com\/product\/kitten-keyring-krt4-2\/"},"modified":"2026-02-27T09:14:18","modified_gmt":"2026-02-27T09:14:18","slug":"kitten-keyring-krt4-2","status":"publish","type":"product","link":"https:\/\/nordicmart.andreevmaster.com\/da\/vare\/kitten-keyring-krt4-2\/","title":{"rendered":"Kitten Keyring &#8211; KRT4"},"content":{"rendered":"<p>Kitten n\u00f8glering &#8211; KRT4&nbsp;&nbsp;Kitten n\u00f8glering er en perfekt gave til en katteelsker, for hvem synet af katte altid er noget hjerteligt. N\u00f8glering Kitten er ogs\u00e5 et subtilt udtryk for k\u00e6rlighed til en elsket, som du k\u00e6rligt kalder din kat. &nbsp;&nbsp;Information:&nbsp;Fremstillingsmateriale: messingFarve: messing, sortDimensioner: 5 x 4 cm, samlet l\u00e6ngde p\u00e5 vedh\u00e6nget 11,5 cm<\/p>\n","protected":false},"excerpt":{"rendered":"<p>Kitten n\u00f8glering &#8211; KRT4&nbsp;&nbsp;Kitten n\u00f8glering er en perfekt gave til en katteelsker, for hvem synet af katte altid er noget hjerteligt. N\u00f8glering Kitten er ogs\u00e5 et subtilt udtryk for k\u00e6rlighed til en elsket, som du k\u00e6rligt kalder din kat. &nbsp;&nbsp;Information:&nbsp;Fremstillingsmateriale: messingFarve: messing, sortDimensioner: 5 x 4 cm, samlet l\u00e6ngde p\u00e5 vedh\u00e6nget 11,5 cm<\/p>\n","protected":false},"featured_media":44868,"comment_status":"open","ping_status":"closed","template":"","meta":[],"product_brand":[],"product_cat":[31],"product_tag":[],"class_list":{"0":"post-27084","1":"product","2":"type-product","3":"status-publish","4":"has-post-thumbnail","6":"product_cat-uncategorized-da","8":"first","9":"instock","10":"shipping-taxable","11":"purchasable","12":"product-type-simple"},"_links":{"self":[{"href":"https:\/\/nordicmart.andreevmaster.com\/da\/wp-json\/wp\/v2\/product\/27084","targetHints":{"allow":["GET"]}}],"collection":[{"href":"https:\/\/nordicmart.andreevmaster.com\/da\/wp-json\/wp\/v2\/product"}],"about":[{"href":"https:\/\/nordicmart.andreevmaster.com\/da\/wp-json\/wp\/v2\/types\/product"}],"replies":[{"embeddable":true,"href":"https:\/\/nordicmart.andreevmaster.com\/da\/wp-json\/wp\/v2\/comments?post=27084"}],"wp:featuredmedia":[{"embeddable":true,"href":"https:\/\/nordicmart.andreevmaster.com\/da\/wp-json\/wp\/v2\/media\/44868"}],"wp:attachment":[{"href":"https:\/\/nordicmart.andreevmaster.com\/da\/wp-json\/wp\/v2\/media?parent=27084"}],"wp:term":[{"taxonomy":"product_brand","embeddable":true,"href":"https:\/\/nordicmart.andreevmaster.com\/da\/wp-json\/wp\/v2\/product_brand?post=27084"},{"taxonomy":"product_cat","embeddable":true,"href":"https:\/\/nordicmart.andreevmaster.com\/da\/wp-json\/wp\/v2\/product_cat?post=27084"},{"taxonomy":"product_tag","embeddable":true,"href":"https:\/\/nordicmart.andreevmaster.com\/da\/wp-json\/wp\/v2\/product_tag?post=27084"}],"curies":[{"name":"wp","href":"https:\/\/api.w.org\/{rel}","templated":true}]}}