{"id":27083,"date":"2026-02-27T00:35:22","date_gmt":"2026-02-27T00:35:22","guid":{"rendered":"https:\/\/nordicmart.andreevmaster.com\/product\/kobberstalkrus-mm7012\/"},"modified":"2026-02-27T09:14:18","modified_gmt":"2026-02-27T09:14:18","slug":"kobberstalkrus-mm7012","status":"publish","type":"product","link":"https:\/\/nordicmart.andreevmaster.com\/da\/vare\/kobberstalkrus-mm7012\/","title":{"rendered":"Kobberst\u00e5lkrus &#8211; MM7012"},"content":{"rendered":"<p>Kobberst\u00e5lkrus &#8211; MM7012&nbsp;&nbsp;Kobberst\u00e5lkrus er et moderigtigt og smagfuldt kar til servering af varme og kolde drikke. Kobberfarven har v\u00e6ret popul\u00e6r i stuerne i flere \u00e5r, s\u00e5 den b\u00f8r heller ikke mangle i dit hjem. Dette krus er ideelt til servering af Moscow Mule-cocktail, der best\u00e5r af vodka, ingef\u00e6r\u00f8l og limejuice. &nbsp;Dette krus er lavet af rustfrit st\u00e5l 304 af h\u00f8jeste kvalitet, s\u00e5 det ikke \u00e6ndrer smagen af drikkevarerne. Derudover har det h\u00f8j korrosionsbestandighed. Kruset er belagt med et lag kobber. &nbsp;&nbsp;Produktinformation:&nbsp;Materiale: Rustfrit st\u00e5l 304Farve: Kobber Kapacitet: 16 ounces (ca. 0,5 liter)M\u00e5l: 9 x 11 x 8,5 cm&nbsp;Information og certificeringer: &nbsp;Fremstillet af rustfrit st\u00e5l 304. Kruset er belagt med et lag kobber. Tilbeh\u00f8r er f\u00f8devaresikkerhedscertificeret \u2013 godkendt til kontakt med f\u00f8devarer.&nbsp;<\/p>\n","protected":false},"excerpt":{"rendered":"<p>Kobberst\u00e5lkrus &#8211; MM7012&nbsp;&nbsp;Kobberst\u00e5lkrus er et moderigtigt og smagfuldt kar til servering af varme og kolde drikke. Kobberfarven har v\u00e6ret popul\u00e6r i stuerne i flere \u00e5r, s\u00e5 den b\u00f8r heller ikke mangle i dit hjem. Dette krus er ideelt til servering af Moscow Mule-cocktail, der best\u00e5r af vodka, ingef\u00e6r\u00f8l og limejuice. &nbsp;Dette krus er lavet af [&hellip;]<\/p>\n","protected":false},"featured_media":44867,"comment_status":"open","ping_status":"closed","template":"","meta":[],"product_brand":[],"product_cat":[31],"product_tag":[],"class_list":{"0":"post-27083","1":"product","2":"type-product","3":"status-publish","4":"has-post-thumbnail","6":"product_cat-uncategorized-da","8":"first","9":"instock","10":"shipping-taxable","11":"purchasable","12":"product-type-simple"},"_links":{"self":[{"href":"https:\/\/nordicmart.andreevmaster.com\/da\/wp-json\/wp\/v2\/product\/27083","targetHints":{"allow":["GET"]}}],"collection":[{"href":"https:\/\/nordicmart.andreevmaster.com\/da\/wp-json\/wp\/v2\/product"}],"about":[{"href":"https:\/\/nordicmart.andreevmaster.com\/da\/wp-json\/wp\/v2\/types\/product"}],"replies":[{"embeddable":true,"href":"https:\/\/nordicmart.andreevmaster.com\/da\/wp-json\/wp\/v2\/comments?post=27083"}],"wp:featuredmedia":[{"embeddable":true,"href":"https:\/\/nordicmart.andreevmaster.com\/da\/wp-json\/wp\/v2\/media\/44867"}],"wp:attachment":[{"href":"https:\/\/nordicmart.andreevmaster.com\/da\/wp-json\/wp\/v2\/media?parent=27083"}],"wp:term":[{"taxonomy":"product_brand","embeddable":true,"href":"https:\/\/nordicmart.andreevmaster.com\/da\/wp-json\/wp\/v2\/product_brand?post=27083"},{"taxonomy":"product_cat","embeddable":true,"href":"https:\/\/nordicmart.andreevmaster.com\/da\/wp-json\/wp\/v2\/product_cat?post=27083"},{"taxonomy":"product_tag","embeddable":true,"href":"https:\/\/nordicmart.andreevmaster.com\/da\/wp-json\/wp\/v2\/product_tag?post=27083"}],"curies":[{"name":"wp","href":"https:\/\/api.w.org\/{rel}","templated":true}]}}