{"id":27082,"date":"2026-02-27T00:35:22","date_gmt":"2026-02-27T00:35:22","guid":{"rendered":"https:\/\/nordicmart.andreevmaster.com\/product\/3-delt-bartendersaet-i-stal-bs48171\/"},"modified":"2026-02-27T09:14:17","modified_gmt":"2026-02-27T09:14:17","slug":"3-delt-bartendersaet-i-stal-bs48171","status":"publish","type":"product","link":"https:\/\/nordicmart.andreevmaster.com\/da\/vare\/3-delt-bartendersaet-i-stal-bs48171\/","title":{"rendered":"3-delt bartenders\u00e6t i st\u00e5l &#8211; BS48171"},"content":{"rendered":"<p>3-delt bartenders\u00e6t i st\u00e5l &#8211; BS48171&nbsp;&nbsp;Bartenders\u00e6ttet i st\u00e5l er en perfekt gaveid\u00e9 til en nybegynderbartender og en, der elsker at eksperimentere med spiritus. Dette s\u00e6t indeholder 3 grundl\u00e6ggende elementer, der g\u00f8r det nemmere at lave popul\u00e6re drinks: en shaker, et m\u00e5leb\u00e6ger og et bartenderfilter. Tilbeh\u00f8ret er lavet af rustfrit st\u00e5l. Alle elementerne har en s\u00f8lvfarve, hvilket giver dem et meget elegant look. &nbsp;Dette 3-delt bartenders\u00e6t er et ideelt s\u00e6t, som du kan bruge til at fylde din hjemmebar med. Takket v\u00e6re s\u00e6ttet vil du imponere dine g\u00e6ster til festen ved at servere dem l\u00e6kre drinks. Bartender-tilbeh\u00f8ret er pakket i en hvid papkasse. M\u00e5l: Shaker: H\u00f8jde 21 cm, diameter 8,5 cm Jigger: H\u00f8jde 9,5 cm, diameter 4,5 cm Sigte: L\u00e6ngde 18,5 cm, diameter 7 cmS\u00e6ttet indeholder: &#8211; Tredelt shaker &#8211; 750 ml &#8211; Dobbelt bartender-m\u00e5leb\u00e6ger (jigger) &#8211; 15\/30 ml &#8211; Bartender-filter (sigte) Oplysninger og certifikater: &#8211; Fremstillet af rustfrit st\u00e5l 201. &#8211; Tilbeh\u00f8ret er certificeret som f\u00f8devaresikkert &#8211; godkendt til kontakt med f\u00f8devarer.<\/p>\n","protected":false},"excerpt":{"rendered":"<p>3-delt bartenders\u00e6t i st\u00e5l &#8211; BS48171&nbsp;&nbsp;Bartenders\u00e6ttet i st\u00e5l er en perfekt gaveid\u00e9 til en nybegynderbartender og en, der elsker at eksperimentere med spiritus. Dette s\u00e6t indeholder 3 grundl\u00e6ggende elementer, der g\u00f8r det nemmere at lave popul\u00e6re drinks: en shaker, et m\u00e5leb\u00e6ger og et bartenderfilter. Tilbeh\u00f8ret er lavet af rustfrit st\u00e5l. Alle elementerne har en s\u00f8lvfarve, [&hellip;]<\/p>\n","protected":false},"featured_media":44866,"comment_status":"open","ping_status":"closed","template":"","meta":[],"product_brand":[],"product_cat":[31],"product_tag":[],"class_list":{"0":"post-27082","1":"product","2":"type-product","3":"status-publish","4":"has-post-thumbnail","6":"product_cat-uncategorized-da","8":"first","9":"instock","10":"shipping-taxable","11":"purchasable","12":"product-type-simple"},"_links":{"self":[{"href":"https:\/\/nordicmart.andreevmaster.com\/da\/wp-json\/wp\/v2\/product\/27082","targetHints":{"allow":["GET"]}}],"collection":[{"href":"https:\/\/nordicmart.andreevmaster.com\/da\/wp-json\/wp\/v2\/product"}],"about":[{"href":"https:\/\/nordicmart.andreevmaster.com\/da\/wp-json\/wp\/v2\/types\/product"}],"replies":[{"embeddable":true,"href":"https:\/\/nordicmart.andreevmaster.com\/da\/wp-json\/wp\/v2\/comments?post=27082"}],"wp:featuredmedia":[{"embeddable":true,"href":"https:\/\/nordicmart.andreevmaster.com\/da\/wp-json\/wp\/v2\/media\/44866"}],"wp:attachment":[{"href":"https:\/\/nordicmart.andreevmaster.com\/da\/wp-json\/wp\/v2\/media?parent=27082"}],"wp:term":[{"taxonomy":"product_brand","embeddable":true,"href":"https:\/\/nordicmart.andreevmaster.com\/da\/wp-json\/wp\/v2\/product_brand?post=27082"},{"taxonomy":"product_cat","embeddable":true,"href":"https:\/\/nordicmart.andreevmaster.com\/da\/wp-json\/wp\/v2\/product_cat?post=27082"},{"taxonomy":"product_tag","embeddable":true,"href":"https:\/\/nordicmart.andreevmaster.com\/da\/wp-json\/wp\/v2\/product_tag?post=27082"}],"curies":[{"name":"wp","href":"https:\/\/api.w.org\/{rel}","templated":true}]}}