{"id":27081,"date":"2026-02-27T00:35:22","date_gmt":"2026-02-27T00:35:22","guid":{"rendered":"https:\/\/nordicmart.andreevmaster.com\/product\/eksklusive-byzantinske-metalskakbrikker\/"},"modified":"2026-02-27T09:14:17","modified_gmt":"2026-02-27T09:14:17","slug":"eksklusive-byzantinske-metalskakbrikker","status":"publish","type":"product","link":"https:\/\/nordicmart.andreevmaster.com\/da\/vare\/eksklusive-byzantinske-metalskakbrikker\/","title":{"rendered":"Eksklusive byzantinske metalskakbrikker"},"content":{"rendered":"<p>Eksklusive metalskakspil Byzantium &#8211; S1CBRO&nbsp;&nbsp;Vores skakspil bygger p\u00e5 traditionerne fra Det Byzantinske Rige, som dominerede det syd\u00f8stlige Europa og Lilleasien i n\u00e6sten 1.000 \u00e5r. Skakbrikkerne er inspireret af det ber\u00f8mte makedonske dynasti, hvis medlemmer sad p\u00e5 den kejserlige trone i \u00e5rene 867-1056.&nbsp;Under det makedonske dynasti gik Byzantium ind i en fase af udvikling og blomstring, der kaldes den byzantinske ren\u00e6ssance. Byzantinerne hyldede den klassiske periode og udvidede den med kristne elementer, som blev en inspiration for kunsten i efterf\u00f8lgende epoker. Det var en tid med velstand, prestige og milit\u00e6r magt for imperiet.&nbsp;&nbsp;Dimensioner:&nbsp;Skakbr\u00e6t 20 x 20 cmKongens h\u00f8jde 4 cmS\u00e6ttets v\u00e6gt: 2 kg&nbsp;Skakbrikker:&nbsp;Metalskakfigurer og b\u00f8nder lavet af zinklegering.Farver: brun\/gylden&nbsp;Skakbr\u00e6t:&nbsp;Lavet af messing Farver: ravbrun; H\u00e5ndmalet Emballage: Skakbrikkerne er pakket i en smuk, luksuri\u00f8s tr\u00e6kasse. Inde i kassen er der en omhyggeligt fremstillet form til at arrangere og opbevare brikkerne sikkert.<\/p>\n","protected":false},"excerpt":{"rendered":"<p>Eksklusive metalskakspil Byzantium &#8211; S1CBRO&nbsp;&nbsp;Vores skakspil bygger p\u00e5 traditionerne fra Det Byzantinske Rige, som dominerede det syd\u00f8stlige Europa og Lilleasien i n\u00e6sten 1.000 \u00e5r. Skakbrikkerne er inspireret af det ber\u00f8mte makedonske dynasti, hvis medlemmer sad p\u00e5 den kejserlige trone i \u00e5rene 867-1056.&nbsp;Under det makedonske dynasti gik Byzantium ind i en fase af udvikling og blomstring, [&hellip;]<\/p>\n","protected":false},"featured_media":44865,"comment_status":"open","ping_status":"closed","template":"","meta":[],"product_brand":[],"product_cat":[31],"product_tag":[],"class_list":{"0":"post-27081","1":"product","2":"type-product","3":"status-publish","4":"has-post-thumbnail","6":"product_cat-uncategorized-da","8":"first","9":"instock","10":"shipping-taxable","11":"purchasable","12":"product-type-simple"},"_links":{"self":[{"href":"https:\/\/nordicmart.andreevmaster.com\/da\/wp-json\/wp\/v2\/product\/27081","targetHints":{"allow":["GET"]}}],"collection":[{"href":"https:\/\/nordicmart.andreevmaster.com\/da\/wp-json\/wp\/v2\/product"}],"about":[{"href":"https:\/\/nordicmart.andreevmaster.com\/da\/wp-json\/wp\/v2\/types\/product"}],"replies":[{"embeddable":true,"href":"https:\/\/nordicmart.andreevmaster.com\/da\/wp-json\/wp\/v2\/comments?post=27081"}],"wp:featuredmedia":[{"embeddable":true,"href":"https:\/\/nordicmart.andreevmaster.com\/da\/wp-json\/wp\/v2\/media\/44865"}],"wp:attachment":[{"href":"https:\/\/nordicmart.andreevmaster.com\/da\/wp-json\/wp\/v2\/media?parent=27081"}],"wp:term":[{"taxonomy":"product_brand","embeddable":true,"href":"https:\/\/nordicmart.andreevmaster.com\/da\/wp-json\/wp\/v2\/product_brand?post=27081"},{"taxonomy":"product_cat","embeddable":true,"href":"https:\/\/nordicmart.andreevmaster.com\/da\/wp-json\/wp\/v2\/product_cat?post=27081"},{"taxonomy":"product_tag","embeddable":true,"href":"https:\/\/nordicmart.andreevmaster.com\/da\/wp-json\/wp\/v2\/product_tag?post=27081"}],"curies":[{"name":"wp","href":"https:\/\/api.w.org\/{rel}","templated":true}]}}