{"id":27080,"date":"2026-02-27T00:35:21","date_gmt":"2026-02-27T00:35:21","guid":{"rendered":"https:\/\/nordicmart.andreevmaster.com\/product\/astrolabe-noglering-kr105\/"},"modified":"2026-02-27T09:14:17","modified_gmt":"2026-02-27T09:14:17","slug":"astrolabe-noglering-kr105","status":"publish","type":"product","link":"https:\/\/nordicmart.andreevmaster.com\/da\/vare\/astrolabe-noglering-kr105\/","title":{"rendered":"Astrolabe n\u00f8glering \u2013 KR105"},"content":{"rendered":"<p>Astrolab-n\u00f8glering \u2013 KR105&nbsp;&nbsp;&nbsp;Messing Astrolab-n\u00f8glering er en fantastisk gaveid\u00e9 til astronomen, rumfartsentusiasten og sejlsportsfanen. Astrolaber blev brugt af s\u00f8folk til astronavigation og af store videnskabsm\u00e6nd til at bestemme ekliptiske og \u00e6kvatoriale koordinater. Det var muligt at foretage matematiske beregninger p\u00e5 dem, bestemme tidspunktet for solopgang og solnedgang, l\u00e6ngden af dagen eller bestemme den astronomiske h\u00f8jde af solen og stjernerne. &nbsp;&nbsp;&nbsp;Produktinformation:&nbsp;Materiale: messing Farve: messing Dimensioner: diameter 5,5 cm, total l\u00e6ngde 7,5 cm&nbsp;&nbsp;Astrolabium-n\u00f8glering fungerer godt som:&nbsp;Gave til astronomGave til en rumfartsentusiastGadget til en sejlsportsentusiast<\/p>\n","protected":false},"excerpt":{"rendered":"<p>Astrolab-n\u00f8glering \u2013 KR105&nbsp;&nbsp;&nbsp;Messing Astrolab-n\u00f8glering er en fantastisk gaveid\u00e9 til astronomen, rumfartsentusiasten og sejlsportsfanen. Astrolaber blev brugt af s\u00f8folk til astronavigation og af store videnskabsm\u00e6nd til at bestemme ekliptiske og \u00e6kvatoriale koordinater. Det var muligt at foretage matematiske beregninger p\u00e5 dem, bestemme tidspunktet for solopgang og solnedgang, l\u00e6ngden af dagen eller bestemme den astronomiske h\u00f8jde af [&hellip;]<\/p>\n","protected":false},"featured_media":44864,"comment_status":"open","ping_status":"closed","template":"","meta":[],"product_brand":[],"product_cat":[31],"product_tag":[],"class_list":{"0":"post-27080","1":"product","2":"type-product","3":"status-publish","4":"has-post-thumbnail","6":"product_cat-uncategorized-da","8":"first","9":"instock","10":"shipping-taxable","11":"purchasable","12":"product-type-simple"},"_links":{"self":[{"href":"https:\/\/nordicmart.andreevmaster.com\/da\/wp-json\/wp\/v2\/product\/27080","targetHints":{"allow":["GET"]}}],"collection":[{"href":"https:\/\/nordicmart.andreevmaster.com\/da\/wp-json\/wp\/v2\/product"}],"about":[{"href":"https:\/\/nordicmart.andreevmaster.com\/da\/wp-json\/wp\/v2\/types\/product"}],"replies":[{"embeddable":true,"href":"https:\/\/nordicmart.andreevmaster.com\/da\/wp-json\/wp\/v2\/comments?post=27080"}],"wp:featuredmedia":[{"embeddable":true,"href":"https:\/\/nordicmart.andreevmaster.com\/da\/wp-json\/wp\/v2\/media\/44864"}],"wp:attachment":[{"href":"https:\/\/nordicmart.andreevmaster.com\/da\/wp-json\/wp\/v2\/media?parent=27080"}],"wp:term":[{"taxonomy":"product_brand","embeddable":true,"href":"https:\/\/nordicmart.andreevmaster.com\/da\/wp-json\/wp\/v2\/product_brand?post=27080"},{"taxonomy":"product_cat","embeddable":true,"href":"https:\/\/nordicmart.andreevmaster.com\/da\/wp-json\/wp\/v2\/product_cat?post=27080"},{"taxonomy":"product_tag","embeddable":true,"href":"https:\/\/nordicmart.andreevmaster.com\/da\/wp-json\/wp\/v2\/product_tag?post=27080"}],"curies":[{"name":"wp","href":"https:\/\/api.w.org\/{rel}","templated":true}]}}