{"id":27079,"date":"2026-02-27T00:35:21","date_gmt":"2026-02-27T00:35:21","guid":{"rendered":"https:\/\/nordicmart.andreevmaster.com\/product\/retro-bilmodel-n796\/"},"modified":"2026-02-27T09:14:17","modified_gmt":"2026-02-27T09:14:17","slug":"retro-bilmodel-n796","status":"publish","type":"product","link":"https:\/\/nordicmart.andreevmaster.com\/da\/vare\/retro-bilmodel-n796\/","title":{"rendered":"Retro bilmodel \u2013 N796"},"content":{"rendered":"<p>Retro bilmodel \u2013 N796&nbsp;&nbsp;Retro metalbilmodel vil gl\u00e6de fans af motork\u00f8ret\u00f8jer og vintage biler. Modellen er baseret p\u00e5 den f\u00f8rste serieproducerede BMW-bil, almindeligvis kendt som Dixi. Bilmodellen er lavet af metal og har en antik messingfinish, der understreger dens mellemkrigstidskarakter. Den er den perfekte gave til en fan af biler og veteranbiler. &nbsp;&nbsp;Specifikationer: &nbsp;Materiale: metalFarve: Antik messing.M\u00e5l: 13,5 x 6,5 x 9 cm&nbsp;<\/p>\n","protected":false},"excerpt":{"rendered":"<p>Retro bilmodel \u2013 N796&nbsp;&nbsp;Retro metalbilmodel vil gl\u00e6de fans af motork\u00f8ret\u00f8jer og vintage biler. Modellen er baseret p\u00e5 den f\u00f8rste serieproducerede BMW-bil, almindeligvis kendt som Dixi. Bilmodellen er lavet af metal og har en antik messingfinish, der understreger dens mellemkrigstidskarakter. Den er den perfekte gave til en fan af biler og veteranbiler. &nbsp;&nbsp;Specifikationer: &nbsp;Materiale: metalFarve: Antik [&hellip;]<\/p>\n","protected":false},"featured_media":44863,"comment_status":"open","ping_status":"closed","template":"","meta":[],"product_brand":[],"product_cat":[31],"product_tag":[],"class_list":{"0":"post-27079","1":"product","2":"type-product","3":"status-publish","4":"has-post-thumbnail","6":"product_cat-uncategorized-da","8":"first","9":"instock","10":"shipping-taxable","11":"purchasable","12":"product-type-simple"},"_links":{"self":[{"href":"https:\/\/nordicmart.andreevmaster.com\/da\/wp-json\/wp\/v2\/product\/27079","targetHints":{"allow":["GET"]}}],"collection":[{"href":"https:\/\/nordicmart.andreevmaster.com\/da\/wp-json\/wp\/v2\/product"}],"about":[{"href":"https:\/\/nordicmart.andreevmaster.com\/da\/wp-json\/wp\/v2\/types\/product"}],"replies":[{"embeddable":true,"href":"https:\/\/nordicmart.andreevmaster.com\/da\/wp-json\/wp\/v2\/comments?post=27079"}],"wp:featuredmedia":[{"embeddable":true,"href":"https:\/\/nordicmart.andreevmaster.com\/da\/wp-json\/wp\/v2\/media\/44863"}],"wp:attachment":[{"href":"https:\/\/nordicmart.andreevmaster.com\/da\/wp-json\/wp\/v2\/media?parent=27079"}],"wp:term":[{"taxonomy":"product_brand","embeddable":true,"href":"https:\/\/nordicmart.andreevmaster.com\/da\/wp-json\/wp\/v2\/product_brand?post=27079"},{"taxonomy":"product_cat","embeddable":true,"href":"https:\/\/nordicmart.andreevmaster.com\/da\/wp-json\/wp\/v2\/product_cat?post=27079"},{"taxonomy":"product_tag","embeddable":true,"href":"https:\/\/nordicmart.andreevmaster.com\/da\/wp-json\/wp\/v2\/product_tag?post=27079"}],"curies":[{"name":"wp","href":"https:\/\/api.w.org\/{rel}","templated":true}]}}