{"id":27078,"date":"2026-02-27T00:35:21","date_gmt":"2026-02-27T00:35:21","guid":{"rendered":"https:\/\/nordicmart.andreevmaster.com\/product\/forstorrelsesglas-pa-stativ-mag-0015\/"},"modified":"2026-02-27T09:14:17","modified_gmt":"2026-02-27T09:14:17","slug":"forstorrelsesglas-pa-stativ-mag-0015","status":"publish","type":"product","link":"https:\/\/nordicmart.andreevmaster.com\/da\/vare\/forstorrelsesglas-pa-stativ-mag-0015\/","title":{"rendered":"Forst\u00f8rrelsesglas p\u00e5 stativ &#8211; MAG-0015"},"content":{"rendered":"<p>Forst\u00f8rrelsesglas p\u00e5 stativ &#8211; MAG-0015&nbsp;&nbsp;Forst\u00f8rrelsesglas p\u00e5 stativ er praktisk for dem, der har brug for at have h\u00e6nderne fri til at arbejde og zoome ind p\u00e5 samme tid. Vores forst\u00f8rrelsesglas i retrostil vil pynte i en guldsmeds eller urmagers butik eller p\u00e5 en filatelists eller numismatiks skrivebord. Det vil v\u00e6re en elegant og praktisk dekoration til kontoret i kabinet, engelsk og retrostil. Forst\u00f8rrelsesglasset i messinghuset sidder p\u00e5 et stativ, s\u00e5 forst\u00f8rrelsesglasset kan bruges uden brug af h\u00e6nderne. Hjulene g\u00f8r den endnu mere interessant at bruge!&nbsp;&nbsp;Produktinformation:&nbsp;Materiale: glas, messingFarve: guld, messingTrekantet stativ med hjulM\u00e5l: 5 x 5 x 7 cm&nbsp;<\/p>\n","protected":false},"excerpt":{"rendered":"<p>Forst\u00f8rrelsesglas p\u00e5 stativ &#8211; MAG-0015&nbsp;&nbsp;Forst\u00f8rrelsesglas p\u00e5 stativ er praktisk for dem, der har brug for at have h\u00e6nderne fri til at arbejde og zoome ind p\u00e5 samme tid. Vores forst\u00f8rrelsesglas i retrostil vil pynte i en guldsmeds eller urmagers butik eller p\u00e5 en filatelists eller numismatiks skrivebord. Det vil v\u00e6re en elegant og praktisk dekoration [&hellip;]<\/p>\n","protected":false},"featured_media":44862,"comment_status":"open","ping_status":"closed","template":"","meta":[],"product_brand":[],"product_cat":[31],"product_tag":[],"class_list":{"0":"post-27078","1":"product","2":"type-product","3":"status-publish","4":"has-post-thumbnail","6":"product_cat-uncategorized-da","8":"first","9":"instock","10":"shipping-taxable","11":"purchasable","12":"product-type-simple"},"_links":{"self":[{"href":"https:\/\/nordicmart.andreevmaster.com\/da\/wp-json\/wp\/v2\/product\/27078","targetHints":{"allow":["GET"]}}],"collection":[{"href":"https:\/\/nordicmart.andreevmaster.com\/da\/wp-json\/wp\/v2\/product"}],"about":[{"href":"https:\/\/nordicmart.andreevmaster.com\/da\/wp-json\/wp\/v2\/types\/product"}],"replies":[{"embeddable":true,"href":"https:\/\/nordicmart.andreevmaster.com\/da\/wp-json\/wp\/v2\/comments?post=27078"}],"wp:featuredmedia":[{"embeddable":true,"href":"https:\/\/nordicmart.andreevmaster.com\/da\/wp-json\/wp\/v2\/media\/44862"}],"wp:attachment":[{"href":"https:\/\/nordicmart.andreevmaster.com\/da\/wp-json\/wp\/v2\/media?parent=27078"}],"wp:term":[{"taxonomy":"product_brand","embeddable":true,"href":"https:\/\/nordicmart.andreevmaster.com\/da\/wp-json\/wp\/v2\/product_brand?post=27078"},{"taxonomy":"product_cat","embeddable":true,"href":"https:\/\/nordicmart.andreevmaster.com\/da\/wp-json\/wp\/v2\/product_cat?post=27078"},{"taxonomy":"product_tag","embeddable":true,"href":"https:\/\/nordicmart.andreevmaster.com\/da\/wp-json\/wp\/v2\/product_tag?post=27078"}],"curies":[{"name":"wp","href":"https:\/\/api.w.org\/{rel}","templated":true}]}}