{"id":27077,"date":"2026-02-27T00:35:21","date_gmt":"2026-02-27T00:35:21","guid":{"rendered":"https:\/\/nordicmart.andreevmaster.com\/product\/lineal-noglering-key-0160\/"},"modified":"2026-02-27T09:14:16","modified_gmt":"2026-02-27T09:14:16","slug":"lineal-noglering-key-0160","status":"publish","type":"product","link":"https:\/\/nordicmart.andreevmaster.com\/da\/vare\/lineal-noglering-key-0160\/","title":{"rendered":"Lineal n\u00f8glering \u2013 Key-0160"},"content":{"rendered":"<p>Lineal n\u00f8glering \u2013 Key-0160&nbsp;&nbsp;Lineal n\u00f8glering er et nyttigt redskab for bygherrer, ingeni\u00f8rer og g\u00f8r-det-selv-folk. Linealen med en skala p\u00e5 5 centimeter er nyttig til at m\u00e5le mindre ting frem for st\u00f8rre, men det er op til dig at v\u00e6lge. N\u00f8gleringen er lavet af messing. Skalaen er indgraveret. Den kan fastg\u00f8res til n\u00f8gleringen. Specifikationer: Materiale: messing Fastg\u00f8relse: Ring. Farve: s\u00f8lv Dimensioner: 12,5 cm x 3 cm<\/p>\n","protected":false},"excerpt":{"rendered":"<p>Lineal n\u00f8glering \u2013 Key-0160&nbsp;&nbsp;Lineal n\u00f8glering er et nyttigt redskab for bygherrer, ingeni\u00f8rer og g\u00f8r-det-selv-folk. Linealen med en skala p\u00e5 5 centimeter er nyttig til at m\u00e5le mindre ting frem for st\u00f8rre, men det er op til dig at v\u00e6lge. N\u00f8gleringen er lavet af messing. Skalaen er indgraveret. Den kan fastg\u00f8res til n\u00f8gleringen. Specifikationer: Materiale: messing [&hellip;]<\/p>\n","protected":false},"featured_media":44861,"comment_status":"open","ping_status":"closed","template":"","meta":[],"product_brand":[],"product_cat":[31],"product_tag":[],"class_list":{"0":"post-27077","1":"product","2":"type-product","3":"status-publish","4":"has-post-thumbnail","6":"product_cat-uncategorized-da","8":"first","9":"instock","10":"shipping-taxable","11":"purchasable","12":"product-type-simple"},"_links":{"self":[{"href":"https:\/\/nordicmart.andreevmaster.com\/da\/wp-json\/wp\/v2\/product\/27077","targetHints":{"allow":["GET"]}}],"collection":[{"href":"https:\/\/nordicmart.andreevmaster.com\/da\/wp-json\/wp\/v2\/product"}],"about":[{"href":"https:\/\/nordicmart.andreevmaster.com\/da\/wp-json\/wp\/v2\/types\/product"}],"replies":[{"embeddable":true,"href":"https:\/\/nordicmart.andreevmaster.com\/da\/wp-json\/wp\/v2\/comments?post=27077"}],"wp:featuredmedia":[{"embeddable":true,"href":"https:\/\/nordicmart.andreevmaster.com\/da\/wp-json\/wp\/v2\/media\/44861"}],"wp:attachment":[{"href":"https:\/\/nordicmart.andreevmaster.com\/da\/wp-json\/wp\/v2\/media?parent=27077"}],"wp:term":[{"taxonomy":"product_brand","embeddable":true,"href":"https:\/\/nordicmart.andreevmaster.com\/da\/wp-json\/wp\/v2\/product_brand?post=27077"},{"taxonomy":"product_cat","embeddable":true,"href":"https:\/\/nordicmart.andreevmaster.com\/da\/wp-json\/wp\/v2\/product_cat?post=27077"},{"taxonomy":"product_tag","embeddable":true,"href":"https:\/\/nordicmart.andreevmaster.com\/da\/wp-json\/wp\/v2\/product_tag?post=27077"}],"curies":[{"name":"wp","href":"https:\/\/api.w.org\/{rel}","templated":true}]}}